{"id":3,"date":"2022-12-14T13:04:08","date_gmt":"2022-12-14T11:04:08","guid":{"rendered":"https:\/\/melform.dev-diz.com\/?page_id=3"},"modified":"2023-04-01T09:03:08","modified_gmt":"2023-04-01T07:03:08","slug":"politica-confidentialitate","status":"publish","type":"page","link":"https:\/\/melform.ro\/en\/politica-confidentialitate\/","title":{"rendered":"Politic\u0103 de Confiden\u021bialitate"},"content":{"rendered":"<div data-elementor-type=\"wp-page\" data-elementor-id=\"3\" class=\"elementor elementor-3\" data-elementor-post-type=\"page\">\n\t\t\t\t<div class=\"elementor-element elementor-element-4c654c3 e-flex e-con-boxed e-con e-parent\" data-id=\"4c654c3\" data-element_type=\"container\" data-e-type=\"container\" data-settings=\"{&quot;background_background&quot;:&quot;classic&quot;,&quot;_ob_use_container_extras&quot;:&quot;no&quot;,&quot;_ob_column_hoveranimator&quot;:&quot;no&quot;,&quot;_ob_glider_is_slider&quot;:&quot;no&quot;,&quot;_ob_column_has_pseudo&quot;:&quot;no&quot;}\">\n\t\t\t\t\t<div class=\"e-con-inner\">\n\t\t\t\t<div class=\"elementor-element elementor-element-12d4e6d ob-harakiri-inherit ob-has-background-overlay elementor-widget elementor-widget-heading\" data-id=\"12d4e6d\" data-element_type=\"widget\" data-e-type=\"widget\" data-settings=\"{&quot;_ob_use_harakiri&quot;:&quot;yes&quot;,&quot;_ob_harakiri_writing_mode&quot;:&quot;inherit&quot;,&quot;_ob_harakiri_text_clip&quot;:&quot;none&quot;,&quot;_ob_widget_stalker_use&quot;:&quot;no&quot;,&quot;_ob_poopart_use&quot;:&quot;yes&quot;,&quot;_ob_shadough_use&quot;:&quot;no&quot;,&quot;_ob_allow_hoveranimator&quot;:&quot;no&quot;}\" data-widget_type=\"heading.default\">\n\t\t\t\t<div class=\"elementor-widget-container\">\n\t\t\t\t\t<h1 class=\"elementor-heading-title elementor-size-default\">Politic\u0103 de Confiden\u021bialitate<\/h1>\t\t\t\t<\/div>\n\t\t\t\t<\/div>\n\t\t\t\t<div class=\"elementor-element elementor-element-0f2cc38 ob-harakiri-inherit ob-has-background-overlay elementor-widget elementor-widget-text-editor\" data-id=\"0f2cc38\" data-element_type=\"widget\" data-e-type=\"widget\" data-settings=\"{&quot;_ob_use_harakiri&quot;:&quot;yes&quot;,&quot;_ob_harakiri_writing_mode&quot;:&quot;inherit&quot;,&quot;_ob_postman_use&quot;:&quot;no&quot;,&quot;_ob_widget_stalker_use&quot;:&quot;no&quot;,&quot;_ob_poopart_use&quot;:&quot;yes&quot;,&quot;_ob_shadough_use&quot;:&quot;no&quot;,&quot;_ob_allow_hoveranimator&quot;:&quot;no&quot;}\" data-widget_type=\"text-editor.default\">\n\t\t\t\t<div class=\"elementor-widget-container\">\n\t\t\t\t\t\t\t\t\t<p><strong>Prelucrarea datelor cu caracter personal<\/strong><\/p><p>Datele dumneavoastr\u0103 ce au caracter personal sunt prelucrate \u00een deplin\u0103 concordan\u021b\u0103 cu Regulamentul (UE) 2016\/679 (\u201cRegulamentul general privind protec\u021bia datelor\u201d sau \u201cGDPR\u201d), precum \u0219i cu orice alt\u0103 legisla\u021bie aplicabil\u0103 pe teritoriul Rom\u00e2niei. \u00cen aceast\u0103 sec\u0163iune afla\u0163i detalii despre modul \u00een care colect\u0103m, utiliz\u0103m, transfer\u0103m \u0219i protej\u0103m datele dvs cu caracter personal atunci c\u00e2nd interac\u021biona\u021bi cu noi \u00een leg\u0103tur\u0103 cu produsele \u0219i serviciile noastre, inclusiv prin site-ul nostru web.<\/p><p>Ne rezerv\u0103m dreptul de a actualiza \u0219i modifica periodic aceast\u0103 sec\u0163iune, pentru a reflecta modific\u0103rile ce vor aparea cu privire la prelucrarea datelor dumneavoastr\u0103 cu caracter personal sau orice modific\u0103ri ale cerin\u021belor legale.<\/p><p><strong>Cine suntem \u0219i care este modalitatea de a ne contacta<\/strong><\/p><p>S.C.\u00a0CP FRIGO-MOBIL\u00a0S.R.L. este persoan\u0103 juridic\u0103 de na\u021bionalitate rom\u00e2n\u0103, av\u00e2nd sediul social \u00een\u00a0Jud. Maramure\u0219,\u00a0Municipiul Baia Mare,\u00a0str.\u00a0Iuliu Maniu, nr.\u00a052,\u00a0cu num\u0103r de ordine \u00een Registrul Comer\u021bului J24\/720\/2009, av\u00e2nd codul unic de \u00eenregistrare RO\u00a025853925. \u00cen sensul legisla\u021biei \u00een vigoare, suntem operator atunci c\u00e2nd prelucr\u0103m datele dumneavoastra cu caracter personal.<\/p><p><strong>Ce fel de date cu caracter personal colectam si in ce mod<\/strong><\/p><p>Colect\u0103m datele dumneavoastr\u0103 cu caracter personal \u00een mod direct atunci c\u00e2nd adresa\u0163i o cerere de ofert\u0103 pe platforma www.melform.ro. Astfel, ave\u021bi controlul asupra informa\u021biei pe care ne-o oferi\u021bi.<\/p><p>Putem, de asemenea, s\u0103 colect\u0103m \u0219i s\u0103 prelucr\u0103m anumite informa\u021bii cu privire la comportamentul dumneavoastr\u0103 \u00een timpul vizit\u0103rii site-ului nostru web pentru a v\u0103 personaliza experien\u021ba online \u0219i a v\u0103 pune la dispozi\u021bie oferte adaptate profilului dumneavoastr\u0103. Pe site-ul nostru web putem stoca \u0219i colecta informa\u021bii \u00een cookie-uri \u0219i tehnologii similare, conform Politicii de cookie-uri.<\/p><p>Nu colect\u0103m \u0219i nu prelucr\u0103m \u00een alt mod date sensibile, incluse de Regulamentul general privind protec\u021bia datelor \u00een categorii speciale de date cu caracter personal. De asemenea, nu dorim s\u0103 colect\u0103m sau s\u0103 prelucr\u0103m date ale minorilor care nu au \u00eemplinit v\u00e2rsta de 16 ani.<\/p><p><strong>Care este scopul prelucr\u0103rii datelor<\/strong><\/p><p>Vom utiliza datele dumneavoastr\u0103 cu caracter personal \u00een urm\u0103toarele scopuri:<\/p><p>Prelucrarea\u00a0solicit\u0103rilor de ofert\u0103 \u0219i a\u00a0comenzilor, validarea, facturarea \u015fi trimiterea produselor;<\/p><p>Anularea sau modific\u0103ri de orice natur\u0103 referitoare la o comand\u0103;<\/p><p>Returnarea produselor dintr-o comand\u0103;<\/p><p>Prelucrarea datelor dumneavoastr\u0103 este \u00een cele mai multe cazuri necesar\u0103 pentru \u00eencheierea \u0219i executarea unui contract \u00eentre\u00a0CP FRIGO-MOBIL SRL\u00a0\u0219i dumneavoastr\u0103, anumite prelucr\u0103ri subsumate acestor scopuri sunt impuse de legisla\u021bia aplicabil\u0103, inclusiv legisla\u021bia fiscal\u0103 \u0219i contabil\u0103.<\/p><p>Pot exista situa\u021bii \u00een care vom folosi sau transmite informa\u021bii pentru a ne proteja drepturile \u0219i activitatea comercial\u0103. Acestea pot include:<\/p><p>M\u0103suri de protec\u021bie a site-ului web \u0219i a utilizatorilor platformei www.melform.ro fa\u021b\u0103 de atacuri cibernetice;<\/p><p>M\u0103suri de detectare a tentativelor de fraudare, inclusiv transmiterea unor informa\u021bii c\u0103tre autorit\u0103\u021bile publice competente;<\/p><p>M\u0103suri de gestionare a diverselor altor riscuri.<\/p><p>Motivul general al acestor tipuri de prelucr\u0103ri este interesul nostru legitim de a ne ap\u0103ra activitatea comercial\u0103.<\/p><p>Cui furniz\u0103m datele dumneavoastr\u0103 cu caracter personal<\/p><p>Putem transmite anumite date cu caracter personal ale dumneavoastr\u0103 c\u0103tre:<\/p><p>Partenerii site-ului www.melform.ro;<\/p><p>Institu\u0163iile\u00a0bancare care intermediaz\u0103 pl\u0103\u0163ile;<\/p><p>Firme de curierat prin care trimitem produsele;<\/p><p>Furnizori de servicii IT;<\/p><p>Alte societ\u0103\u021bi cu care putem dezvolta programe comune de ofertare pe pia\u021b\u0103 a bunurilor \u015fi serviciilor noastre.<\/p><p>\u00cen cazul \u00een care ne revine o obliga\u021bie legal\u0103 sau dac\u0103 este necesar pentru a ne ap\u0103ra un interes legitim, putem de asemenea divulga anumite date cu caracter personal unor autorit\u0103\u021bi publice.<\/p><p>Ne asigur\u0103m c\u0103 accesul la datele dumneavoastra de c\u0103tre ter\u021bii persoane juridice de drept privat se realizeaz\u0103 \u00een conformitate cu prevederile legale privind protec\u021bia datelor \u015fi confiden\u021bialitatea informa\u021biilor, \u00een baza unor contracte \u00eencheiate cu ace\u0219tia.<\/p><p><strong>Unde transfer\u0103m datele dumneavoastr\u0103 cu caracter personal<\/strong><\/p><p>\u00cen prezent, stoc\u0103m \u0219i prelucr\u0103m datele dumneavoastr\u0103 cu caracter personal pe teritoriul Rom\u00e2niei.<\/p><p>Nu transfer\u0103m datele dumneavoastr\u0103 c\u0103tre state din cadrul\/din afara Uniunii Europene, cu excep\u0163ia situa\u0163iilor expres prev\u0103zute de lege sau c\u00e2nd acest lucru este necesar din punct de vedere al furniz\u0103rii produselor solicitate.<\/p><p><strong>Drepturile dumneavoastr\u0103<\/strong><\/p><p>Vizitatorii site-ului www.melform.ro ale c\u0103ror date sunt prelucrate, au urm\u0103toarele drepturi:<\/p><p><em>Dreptul de acces<\/em><\/p><p>Ave\u021bi dreptul de a ob\u021bine confirmarea prelucr\u0103rii datelor cu caracter personal de c\u0103tre www.melform.ro \u0219i dreptul de acces la datele respective.<\/p><p><em>Dreptul la rectificare<\/em><\/p><p>Ave\u021bi dreptul de a cere rectificarea datelor cu caracter personal inexacte care v\u0103 privesc. \u021ain\u00e2ndu-se seama de scopurile \u00een care au fost prelucrate datele, ave\u021bi dreptul de a ob\u021bine completarea datelor cu caracter personal care sunt incomplete.<\/p><p><em>Dreptul la \u0219tergerea datelor<\/em><\/p><p>\u00cen situa\u021biile \u00een care datele nu mai sunt necesare pentru \u00eendeplinirea scopurilor, v-a\u021bi retras consim\u021b\u0103m\u00e2ntul \u0219i nu exist\u0103 un alt temei pentru prelucrare, v\u0103 opune\u021bi prelucr\u0103rii sau datele cu caracter personal au fost prelucrate ilegal, ave\u021bi dreptul de a ob\u021bine \u0219tergerea datelor care v\u0103 privesc. Nu avem obliga\u021bia de a ne conforma solicit\u0103rii dumneavoastr\u0103 de \u0219tergere a datelor dumneavoastr\u0103 cu caracter personal \u00een cazul \u00een care prelucrarea datelor dumneavoastr\u0103 cu caracter personal este necesar\u0103 pentru respectarea unei obliga\u021bii legale sau pentru constatarea, exercitarea sau ap\u0103rarea unui drept \u00een instan\u021b\u0103.<\/p><p><em>Dreptul la restric\u021bionarea prelucr\u0103rii<\/em><\/p><p>Ave\u021bi dreptul de a ob\u021bine restric\u021bionarea prelucr\u0103rii datelor cu caracter personal de c\u0103tre\u00a0CP FRIGO-MOBIL SRL, \u00een urm\u0103toarele cazuri:<\/p><ul><li>contesta\u021bi exactitatea datelor<\/li><li>prelucrarea este ilegal\u0103, iar dumneavoastr\u0103 v\u0103 opune\u021bi \u0219tergerii datelor cu caracter personal, solicit\u00e2nd, \u00een schimb, restric\u021bionarea utiliz\u0103rii lor;<\/li><li>www.melform.ro nu mai are nevoie de datele dumneavoastr\u0103 personale, dar solicita\u021bi p\u0103strarea lor doar pentru constatarea, exercitarea sau ap\u0103rarea unui drept \u00een instan\u021b\u0103;<\/li><li>v-a\u021bi exercitat dreptul de a v\u0103 opune, iar verificarea dac\u0103 drepturile noastre prevaleaz\u0103 este \u00een desf\u0103\u0219urare.<\/li><\/ul><p><em>Dreptul la portabilitatea datelor<\/em><\/p><p>Ne pute\u021bi cere s\u0103 v\u0103 furniz\u0103m datele cu caracter personal \u00eentr-un format structurat, utilizat \u00een mod curent \u0219i care poate fi citit automat, sau pute\u021bi solicita ca acesta s\u0103 fie \u201eportat\u201d direct c\u0103tre un alt operator de date, dar \u00een fiecare caz numai dac\u0103:<\/p><p>prelucrarea se bazeaz\u0103 pe consim\u021b\u0103m\u00e2ntul dumneavoastr\u0103 sau pe \u00eencheierea sau executarea unui contract cu dumneavoastr\u0103 \u015fi<\/p><p>prelucrarea se face prin mijloace automate.<\/p><p><em>Dreptul de opozi\u021bie<\/em><\/p><p>V\u0103 pute\u021bi opune \u00een orice moment, din motive legate de situa\u021bia particular\u0103 \u00een care v\u0103 afla\u021bi, prelucr\u0103rii datelor dumneavoastr\u0103 cu caracter personal \u00een temeiul interesului nostru legitim, \u00een cazul \u00een care considera\u021bi c\u0103 drepturile \u0219i libert\u0103\u021bile dumneavoastr\u0103 fundamentale prevaleaz\u0103 fa\u021b\u0103 de acest interes.<\/p><p>De asemenea, v\u0103 pute\u021bi opune oric\u00e2nd prelucr\u0103rii datelor dumneavoastr\u0103 \u00een scop de marketing direct, f\u0103r\u0103 a invoca vreun motiv, caz \u00een care vom \u00eenceta \u00een cel mai scurt timp posibil aceast\u0103 prelucrare.<\/p><p><em>Dreptul de a nu face obiectul unei decizii bazate exclusiv pe prelucrarea automat\u0103<\/em><em>.<\/em><\/p><p>Pute\u021bi cere s\u0103 nu face\u021bi obiectul unei decizii bazate exclusiv pe prelucrarea automat\u0103, dar numai atunci c\u00e2nd decizia respectiv\u0103 produce efecte juridice cu privire la dumneavoastr\u0103 sau v\u0103 afecteaz\u0103 \u00een alt mod similar \u0219i \u00eentr-o m\u0103sur\u0103 semnificativ\u0103.<\/p><p>Acest drept nu se aplic\u0103 \u00een cazul \u00een care decizia la care s-a ajuns \u00een urma lu\u0103rii automate a deciziilor:<\/p><ul><li>ne este necesar\u0103 pentru a \u00eencheia sau a derula un contract cu dumneavoastr\u0103;<\/li><li>este autorizat\u0103 prin lege \u0219i exist\u0103 garan\u021bii adecvate pentru drepturile \u0219i libert\u0103\u021bile dumneavoastr\u0103 sau<\/li><li>se bazeaz\u0103 pe consim\u021b\u0103m\u00e2ntul dumneavoastr\u0103 explicit.<\/li><\/ul><p><em>Dreptul de a depune o pl\u00e2ngere<\/em><\/p><p>Ave\u021bi dreptul s\u0103 depune\u021bi o pl\u00e2ngere la autoritatea de supraveghere cu privire la prelucrarea datelor dumneavoastr\u0103 cu caracter personal. \u00cen Rom\u00e2nia, datele de contact ale autorit\u0103\u021bii de supraveghere pentru protec\u021bia datelor sunt urm\u0103toarele:<\/p><p>Autoritatea Na\u021bional\u0103 de Supraveghere a Prelucr\u0103rii Datelor cu Caracter Personal<\/p><p>B-dul G-ral. Gheorghe Magheru, nr. 28-30, sector 1, cod po\u0219tal 010336, Bucure\u0219ti, Rom\u00e2nia<\/p><p>Telefon: +40.318.059.211 sau +40.318.059.212;<\/p><p>E-mail:anspdcp@dataprotection.ro<\/p><p>Pentru a v\u0103 putea exercita drepturile, v\u0103 rug\u0103m s\u0103 re\u021bine\u021bi urm\u0103toarele aspecte:<\/p><p>Identitate.\u00a0Lu\u0103m \u00een serios confiden\u021bialitatea tuturor \u00eenregistr\u0103rilor care con\u021bin date cu caracter personal. Din acest motiv, v\u0103 rug\u0103m s\u0103 ne transmite\u0163i cererea cu privire la astfel de \u00eenregistr\u0103ri folosind adresa de e-mail aferent\u0103 cererii de\u00a0ofert\u0103\u00a0lansate pe site-ul www.melform.ro.<\/p><p>Costuri. Nu vom solicita o tax\u0103 pentru a v\u0103 exercita vreun drept \u00een ceea ce prive\u0219te datele dumneavoastr\u0103 cu caracter personal, cu excep\u021bia situa\u0163iilor \u00een care solicitarea este nefondat\u0103, repetitiv\u0103 sau excesiv\u0103, caz \u00een care\u00a0v\u0103\u00a0vom informa despre costuri \u00eenainte de a v\u0103 solu\u021biona cererea.<\/p><p>Timp de r\u0103spuns. Ne dorim s\u0103 r\u0103spundem \u00een termen de maximum 30 de zile, cu excep\u021bia situa\u021biei \u00een care acest lucru este imposibil, caz \u00een care ve\u0163i fi informat.<\/p><p>Pute\u0163i contacta \u00een orice moment Responsabilul cu protec\u021bia datelor prin transmiterea solicit\u0103rii dumneavoastr\u0103 prin oricare dintre urm\u0103toarele modalit\u0103\u0163i:<\/p><p>\u2013 prin e-mail la adresa: data.protection@frigomobil.ro sau<\/p><p>\u2013 prin po\u0219t\u0103 sau curier la adresa:\u00a0CP FRIGO-MOBIL SRL, str.\u00a0Iuliu\u00a0Maniu, nr.52,\u00a0Baia Mare, jud.\u00a0Maramure\u0219\u00a0\u2013 cu men\u0163iunea \u201c\u00een aten\u021bia Responsabilului\u00a0CP Frigo-Mobil\u00a0cu protec\u021bia datelor\u201d.<\/p>\t\t\t\t\t\t\t\t<\/div>\n\t\t\t\t<\/div>\n\t\t\t\t\t<\/div>\n\t\t\t\t<\/div>\n\t\t\t\t<\/div>\n\t\t\n    <div class=\"xs_social_share_widget xs_share_url after_content \t\tmain_content  wslu-style-1 wslu-share-box-shaped wslu-fill-colored wslu-none wslu-share-horizontal wslu-theme-font-no wslu-main_content\">\n\n\t\t\n        <ul>\n\t\t\t        <\/ul>\n    <\/div>","protected":false},"excerpt":{"rendered":"<p>Politic\u0103 de Confiden\u021bialitate Prelucrarea datelor cu caracter personal Datele dumneavoastr\u0103 ce au caracter personal sunt prelucrate \u00een deplin\u0103 concordan\u021b\u0103 cu Regulamentul (UE) 2016\/679 (\u201cRegulamentul general privind protec\u021bia datelor\u201d sau \u201cGDPR\u201d), precum \u0219i cu orice alt\u0103 legisla\u021bie aplicabil\u0103 pe teritoriul Rom\u00e2niei. \u00cen aceast\u0103 sec\u0163iune afla\u0163i detalii despre modul \u00een care colect\u0103m, utiliz\u0103m, transfer\u0103m \u0219i protej\u0103m datele [&hellip;]<\/p>\n","protected":false},"author":2,"featured_media":0,"parent":0,"menu_order":99,"comment_status":"closed","ping_status":"closed","template":"elementor_header_footer","meta":{"site-sidebar-layout":"default","site-content-layout":"","ast-site-content-layout":"default","site-content-style":"default","site-sidebar-style":"default","ast-global-header-display":"","ast-banner-title-visibility":"","ast-main-header-display":"","ast-hfb-above-header-display":"","ast-hfb-below-header-display":"","ast-hfb-mobile-header-display":"","site-post-title":"","ast-breadcrumbs-content":"","ast-featured-img":"","footer-sml-layout":"","ast-disable-related-posts":"","theme-transparent-header-meta":"","adv-header-id-meta":"","stick-header-meta":"","header-above-stick-meta":"","header-main-stick-meta":"","header-below-stick-meta":"","astra-migrate-meta-layouts":"default","ast-page-background-enabled":"default","ast-page-background-meta":{"desktop":{"background-color":"var(--ast-global-color-4)","background-image":"","background-repeat":"repeat","background-position":"center center","background-size":"auto","background-attachment":"scroll","background-type":"","background-media":"","overlay-type":"","overlay-color":"","overlay-opacity":"","overlay-gradient":""},"tablet":{"background-color":"","background-image":"","background-repeat":"repeat","background-position":"center center","background-size":"auto","background-attachment":"scroll","background-type":"","background-media":"","overlay-type":"","overlay-color":"","overlay-opacity":"","overlay-gradient":""},"mobile":{"background-color":"","background-image":"","background-repeat":"repeat","background-position":"center center","background-size":"auto","background-attachment":"scroll","background-type":"","background-media":"","overlay-type":"","overlay-color":"","overlay-opacity":"","overlay-gradient":""}},"ast-content-background-meta":{"desktop":{"background-color":"var(--ast-global-color-5)","background-image":"","background-repeat":"repeat","background-position":"center center","background-size":"auto","background-attachment":"scroll","background-type":"","background-media":"","overlay-type":"","overlay-color":"","overlay-opacity":"","overlay-gradient":""},"tablet":{"background-color":"var(--ast-global-color-5)","background-image":"","background-repeat":"repeat","background-position":"center center","background-size":"auto","background-attachment":"scroll","background-type":"","background-media":"","overlay-type":"","overlay-color":"","overlay-opacity":"","overlay-gradient":""},"mobile":{"background-color":"var(--ast-global-color-5)","background-image":"","background-repeat":"repeat","background-position":"center center","background-size":"auto","background-attachment":"scroll","background-type":"","background-media":"","overlay-type":"","overlay-color":"","overlay-opacity":"","overlay-gradient":""}},"footnotes":""},"class_list":["post-3","page","type-page","status-publish","hentry"],"_links":{"self":[{"href":"https:\/\/melform.ro\/en\/wp-json\/wp\/v2\/pages\/3","targetHints":{"allow":["GET"]}}],"collection":[{"href":"https:\/\/melform.ro\/en\/wp-json\/wp\/v2\/pages"}],"about":[{"href":"https:\/\/melform.ro\/en\/wp-json\/wp\/v2\/types\/page"}],"author":[{"embeddable":true,"href":"https:\/\/melform.ro\/en\/wp-json\/wp\/v2\/users\/2"}],"replies":[{"embeddable":true,"href":"https:\/\/melform.ro\/en\/wp-json\/wp\/v2\/comments?post=3"}],"version-history":[{"count":0,"href":"https:\/\/melform.ro\/en\/wp-json\/wp\/v2\/pages\/3\/revisions"}],"wp:attachment":[{"href":"https:\/\/melform.ro\/en\/wp-json\/wp\/v2\/media?parent=3"}],"curies":[{"name":"wp","href":"https:\/\/api.w.org\/{rel}","templated":true}]}}