{"id":3787,"date":"2023-03-25T16:05:59","date_gmt":"2023-03-25T14:05:59","guid":{"rendered":"https:\/\/melform.ro\/?page_id=3787"},"modified":"2023-03-31T20:29:08","modified_gmt":"2023-03-31T18:29:08","slug":"politica-cookies","status":"publish","type":"page","link":"https:\/\/melform.ro\/en\/politica-cookies\/","title":{"rendered":"Politic\u0103 Cookies"},"content":{"rendered":"<div data-elementor-type=\"wp-page\" data-elementor-id=\"3787\" class=\"elementor elementor-3787\" data-elementor-post-type=\"page\">\n\t\t\t\t<div class=\"elementor-element elementor-element-4c654c3 e-flex e-con-boxed e-con e-parent\" data-id=\"4c654c3\" data-element_type=\"container\" data-e-type=\"container\" data-settings=\"{&quot;background_background&quot;:&quot;classic&quot;,&quot;_ob_use_container_extras&quot;:&quot;no&quot;,&quot;_ob_column_hoveranimator&quot;:&quot;no&quot;,&quot;_ob_glider_is_slider&quot;:&quot;no&quot;,&quot;_ob_column_has_pseudo&quot;:&quot;no&quot;}\">\n\t\t\t\t\t<div class=\"e-con-inner\">\n\t\t\t\t<div class=\"elementor-element elementor-element-12d4e6d ob-harakiri-inherit ob-has-background-overlay elementor-widget elementor-widget-heading\" data-id=\"12d4e6d\" data-element_type=\"widget\" data-e-type=\"widget\" data-settings=\"{&quot;_ob_use_harakiri&quot;:&quot;yes&quot;,&quot;_ob_harakiri_writing_mode&quot;:&quot;inherit&quot;,&quot;_ob_harakiri_text_clip&quot;:&quot;none&quot;,&quot;_ob_widget_stalker_use&quot;:&quot;no&quot;,&quot;_ob_poopart_use&quot;:&quot;yes&quot;,&quot;_ob_shadough_use&quot;:&quot;no&quot;,&quot;_ob_allow_hoveranimator&quot;:&quot;no&quot;}\" data-widget_type=\"heading.default\">\n\t\t\t\t<div class=\"elementor-widget-container\">\n\t\t\t\t\t<h1 class=\"elementor-heading-title elementor-size-default\">Politica de cookie-uri<\/h1>\t\t\t\t<\/div>\n\t\t\t\t<\/div>\n\t\t\t\t<div class=\"elementor-element elementor-element-0f2cc38 ob-harakiri-inherit ob-has-background-overlay elementor-widget elementor-widget-text-editor\" data-id=\"0f2cc38\" data-element_type=\"widget\" data-e-type=\"widget\" data-settings=\"{&quot;_ob_use_harakiri&quot;:&quot;yes&quot;,&quot;_ob_harakiri_writing_mode&quot;:&quot;inherit&quot;,&quot;_ob_postman_use&quot;:&quot;no&quot;,&quot;_ob_widget_stalker_use&quot;:&quot;no&quot;,&quot;_ob_poopart_use&quot;:&quot;yes&quot;,&quot;_ob_shadough_use&quot;:&quot;no&quot;,&quot;_ob_allow_hoveranimator&quot;:&quot;no&quot;}\" data-widget_type=\"text-editor.default\">\n\t\t\t\t<div class=\"elementor-widget-container\">\n\t\t\t\t\t\t\t\t\t<p><span style=\"font-style: inherit; font-weight: inherit; text-align: var(--text-align); color: var(--ast-global-color-2);\"><strong>Data intr\u0103rii \u00een vigoare<\/strong>: 25-mar-2023<\/span><\/p><p><strong>Ultima actualizare<\/strong>: 25-mar-2023<\/p><p><strong>Ce sunt cookie-urile?<\/strong><\/p><p>Aceast\u0103 Politic\u0103 privind cookie-urile explic\u0103 ce sunt cookie-urile \u0219i cum le folosim, tipurile de cookie-uri pe care le folosim, adic\u0103 informa\u021biile pe care le colect\u0103m folosind cookie-uri \u0219i cum sunt utilizate acele informa\u021bii \u0219i cum s\u0103 gestion\u0103m set\u0103rile cookie-urilor.<\/p><p>Cookie-urile sunt fi\u0219iere text mici care sunt folosite pentru a stoca mici informa\u021bii. Acestea sunt stocate pe dispozitivul dvs. atunci c\u00e2nd site-ul web este \u00eenc\u0103rcat \u00een browser. Aceste cookie-uri ne ajut\u0103 s\u0103 facem site-ul web s\u0103 func\u021bioneze corect, s\u0103 \u00eel facem mai sigur, s\u0103 oferim o experien\u021b\u0103 mai bun\u0103 pentru utilizator \u0219i s\u0103 \u00een\u021belegem cum func\u021bioneaz\u0103 site-ul web \u0219i s\u0103 analiz\u0103m ce func\u021bioneaz\u0103 \u0219i unde trebuie \u00eembun\u0103t\u0103\u021bit.<\/p><p>Cum folosim cookie-urile? Ca majoritatea serviciilor online, site-ul nostru web folose\u0219te cookie-uri de la prima parte \u0219i de la ter\u021bi \u00een mai multe scopuri. Cookie-urile de la prima parte sunt \u00een cea mai mare parte necesare pentru ca site-ul web s\u0103 func\u021bioneze corect \u0219i nu colecteaz\u0103 niciuna dintre datele dumneavoastr\u0103 de identificare personal\u0103.<\/p><p>Cookie-urile ter\u021b\u0103 parte utilizate pe site-ul nostru sunt \u00een principal pentru a \u00een\u021belege modul \u00een care func\u021bioneaz\u0103 site-ul web, cum interac\u021biona\u021bi cu site-ul nostru, men\u021binerea serviciilor noastre \u00een siguran\u021b\u0103, furnizarea de reclame care sunt relevante pentru dvs. \u0219i, \u00een general, oferindu-v\u0103 un utilizator mai bun \u0219i \u00eembun\u0103t\u0103\u021bit. experien\u021b\u0103 \u0219i v\u0103 ajut\u0103 s\u0103 v\u0103 accelera\u021bi viitoarele interac\u021biuni cu site-ul nostru web.<\/p><p>Tipuri de cookie-uri pe care le folosim &amp;nbsp; Gestiona\u021bi preferin\u021bele cookie-uri Set\u0103ri cookie V\u0103 pute\u021bi modifica oric\u00e2nd preferin\u021bele cookie-urilor f\u0103c\u00e2nd clic pe butonul de mai sus. Acest lucru v\u0103 va permite s\u0103 revede\u021bi bannerul de consim\u021b\u0103m\u00e2nt pentru cookie-uri \u0219i s\u0103 v\u0103 schimba\u021bi preferin\u021bele sau s\u0103 v\u0103 retrage\u021bi imediat consim\u021b\u0103m\u00e2ntul.<\/p><p>\u00cen plus, diferite browsere ofer\u0103 diferite metode de blocare \u0219i \u0219tergere a cookie-urilor utilizate de site-uri web. Pute\u021bi modifica set\u0103rile browserului dumneavoastr\u0103 pentru a bloca\/\u0219terge cookie-urile. Mai jos sunt enumerate linkurile c\u0103tre documentele de asisten\u021b\u0103 despre cum s\u0103 gestiona\u021bi \u0219i s\u0103 \u0219terge\u021bi cookie-urile din principalele browsere web.<br \/><strong>Chrome:<\/strong> <a href=\"https:\/\/support.google.com\/accounts\/answer\/32050\" target=\"_blank\" rel=\"noopener\">https:\/\/support.google.com\/accounts\/answer\/32050<\/a><br \/><strong>Safari:<\/strong> <a href=\"https:\/\/support.apple.com\/en-in\/guide\/safari\/sfri11471\/mac\" target=\"_blank\" rel=\"noopener\">https:\/\/support.apple.com\/en-in\/guide\/safari\/sfri11471\/mac<\/a><br \/><strong>Firefox:<\/strong> <a href=\"https:\/\/support.mozilla.org\/en-US\/kb\/clear-cookies-and-site-data-firefox?redirectslug=delete-cookies-remove-info-websites-stored&amp;redirectlocale=en-US\" target=\"_blank\" rel=\"noopener\">https:\/\/support.mozilla.org\/en-US\/kb\/clear-cookies-and-site-data-firefox?redirectslug=delete-cookies-remove-info-websites-stored&amp;redirectlocale=en-US<\/a><br \/><strong>Internet Explorer<\/strong>:<a href=\"https:\/\/support.microsoft.com\/en-us\/topic\/how-to-delete-cookie-files-in-internet-explorer-bca9446f-d873-78de-77ba-d42645fa52fc\" target=\"_blank\" rel=\"noopener\"> https:\/\/support.microsoft.com\/en-us\/topic\/how-to-delete-cookie-files-in-internet-explorer-bca9446f-d873-78de-77ba-d42645fa52fc<\/a><\/p><p>Dac\u0103 utiliza\u021bi orice alt browser web, v\u0103 rug\u0103m s\u0103 vizita\u021bi documentele oficiale de asisten\u021b\u0103 ale browserului dvs.<\/p>\t\t\t\t\t\t\t\t<\/div>\n\t\t\t\t<\/div>\n\t\t\t\t\t<\/div>\n\t\t\t\t<\/div>\n\t\t\t\t<\/div>\n\t\t\n    <div class=\"xs_social_share_widget xs_share_url after_content \t\tmain_content  wslu-style-1 wslu-share-box-shaped wslu-fill-colored wslu-none wslu-share-horizontal wslu-theme-font-no wslu-main_content\">\n\n\t\t\n        <ul>\n\t\t\t        <\/ul>\n    <\/div>","protected":false},"excerpt":{"rendered":"<p>Politica de cookie-uri Data intr\u0103rii \u00een vigoare: 25-mar-2023 Ultima actualizare: 25-mar-2023 Ce sunt cookie-urile? Aceast\u0103 Politic\u0103 privind cookie-urile explic\u0103 ce sunt cookie-urile \u0219i cum le folosim, tipurile de cookie-uri pe care le folosim, adic\u0103 informa\u021biile pe care le colect\u0103m folosind cookie-uri \u0219i cum sunt utilizate acele informa\u021bii \u0219i cum s\u0103 gestion\u0103m set\u0103rile cookie-urilor. Cookie-urile sunt [&hellip;]<\/p>\n","protected":false},"author":2,"featured_media":0,"parent":0,"menu_order":99,"comment_status":"closed","ping_status":"closed","template":"elementor_header_footer","meta":{"site-sidebar-layout":"default","site-content-layout":"","ast-site-content-layout":"default","site-content-style":"default","site-sidebar-style":"default","ast-global-header-display":"","ast-banner-title-visibility":"","ast-main-header-display":"","ast-hfb-above-header-display":"","ast-hfb-below-header-display":"","ast-hfb-mobile-header-display":"","site-post-title":"","ast-breadcrumbs-content":"","ast-featured-img":"","footer-sml-layout":"","ast-disable-related-posts":"","theme-transparent-header-meta":"","adv-header-id-meta":"","stick-header-meta":"","header-above-stick-meta":"","header-main-stick-meta":"","header-below-stick-meta":"","astra-migrate-meta-layouts":"default","ast-page-background-enabled":"default","ast-page-background-meta":{"desktop":{"background-color":"var(--ast-global-color-4)","background-image":"","background-repeat":"repeat","background-position":"center center","background-size":"auto","background-attachment":"scroll","background-type":"","background-media":"","overlay-type":"","overlay-color":"","overlay-opacity":"","overlay-gradient":""},"tablet":{"background-color":"","background-image":"","background-repeat":"repeat","background-position":"center center","background-size":"auto","background-attachment":"scroll","background-type":"","background-media":"","overlay-type":"","overlay-color":"","overlay-opacity":"","overlay-gradient":""},"mobile":{"background-color":"","background-image":"","background-repeat":"repeat","background-position":"center center","background-size":"auto","background-attachment":"scroll","background-type":"","background-media":"","overlay-type":"","overlay-color":"","overlay-opacity":"","overlay-gradient":""}},"ast-content-background-meta":{"desktop":{"background-color":"var(--ast-global-color-5)","background-image":"","background-repeat":"repeat","background-position":"center center","background-size":"auto","background-attachment":"scroll","background-type":"","background-media":"","overlay-type":"","overlay-color":"","overlay-opacity":"","overlay-gradient":""},"tablet":{"background-color":"var(--ast-global-color-5)","background-image":"","background-repeat":"repeat","background-position":"center center","background-size":"auto","background-attachment":"scroll","background-type":"","background-media":"","overlay-type":"","overlay-color":"","overlay-opacity":"","overlay-gradient":""},"mobile":{"background-color":"var(--ast-global-color-5)","background-image":"","background-repeat":"repeat","background-position":"center center","background-size":"auto","background-attachment":"scroll","background-type":"","background-media":"","overlay-type":"","overlay-color":"","overlay-opacity":"","overlay-gradient":""}},"footnotes":""},"class_list":["post-3787","page","type-page","status-publish","hentry"],"_links":{"self":[{"href":"https:\/\/melform.ro\/en\/wp-json\/wp\/v2\/pages\/3787","targetHints":{"allow":["GET"]}}],"collection":[{"href":"https:\/\/melform.ro\/en\/wp-json\/wp\/v2\/pages"}],"about":[{"href":"https:\/\/melform.ro\/en\/wp-json\/wp\/v2\/types\/page"}],"author":[{"embeddable":true,"href":"https:\/\/melform.ro\/en\/wp-json\/wp\/v2\/users\/2"}],"replies":[{"embeddable":true,"href":"https:\/\/melform.ro\/en\/wp-json\/wp\/v2\/comments?post=3787"}],"version-history":[{"count":0,"href":"https:\/\/melform.ro\/en\/wp-json\/wp\/v2\/pages\/3787\/revisions"}],"wp:attachment":[{"href":"https:\/\/melform.ro\/en\/wp-json\/wp\/v2\/media?parent=3787"}],"curies":[{"name":"wp","href":"https:\/\/api.w.org\/{rel}","templated":true}]}}