{"id":2735,"date":"2023-03-15T16:38:22","date_gmt":"2023-03-15T14:38:22","guid":{"rendered":"https:\/\/melform.dev-diz.com\/?post_type=product&#038;p=2735"},"modified":"2025-09-23T07:24:25","modified_gmt":"2025-09-23T05:24:25","slug":"koala-160-as","status":"publish","type":"product","link":"https:\/\/melform.ro\/en\/produse\/koala-160-as\/","title":{"rendered":"Koala 160 AS"},"content":{"rendered":"<p>Lad\u0103 frigorific\u0103 auto portabil\u0103 profesional\u0103 pentru transportul produselor alimentare \u0219i farmaceutice \u00een regim de temperatur\u0103 controlat\u0103<\/p>\n<p>Interval de reglare a temperaturii: de la -25 \u00b0 C la + 40 \u00b0 C<\/p>\n<p>Versiunea AS: de la -25 \u00b0 C la + 10 \u00b0 C<\/p>\n<p>Versiunea ASH: de la -25 \u00b0 C la + 40 \u00b0 C<\/p>\n<p>\u00cenc\u0103rcare top<\/p>\n<p>U\u0219or de transportat \u0219i manevrat datorit\u0103 dimensiunilor \u0219i greut\u0103\u021bii sc\u0103zute<\/p>\n<p>Capacitate: 162 litri<\/p>\n<p>Compatibilitate total\u0103 cu lan\u021bul frigorific \u00een toate etapele de transport<\/p>\n<p>Poate fi transportat\u0103 cu ajutorul autoutilitarelor conven\u021bionale: permite transportul simultan al produselor refrigerate, congelate sau la temperatur\u0103 ambiental\u0103, utiliz\u00e2nd un singur vehicul neizolat<\/p>\n<p>Echipat\u0103 cu unitate de r\u0103cire cu consum redus<\/p>\n<p>Alimentare 12Vdc\/230Vac: \u00een timpul transportului, poate fi conectat\u0103 prin intermediul unei fi\u0219e pentru brichet\u0103 sau al unui conector Anderson la bateria vehiculului (sau la bateria auxiliar\u0103) \u0219i, odat\u0103 ajuns la destina\u021bie, poate fi conectat\u0103 la re\u021beaua electric\u0103<\/p>\n<p>Fabricat\u0103 folosind tehnologia de turnare rota\u021bional\u0103: container monobloc, capac (far\u0103 margini ascu\u021bite, \u00eembin\u0103ri sau suduri)<\/p>\n<p>Complet reciclabil\u0103 la sf\u00e2r\u0219itul duratei de via\u021b\u0103<\/p>\n<p>Pentru manevrabilitate, se poate comanda varianta cu 4 ro\u021bi de ghidaj (Op\u021bional)<\/p>\n\n    <div class=\"xs_social_share_widget xs_share_url after_content \t\tmain_content  wslu-style-1 wslu-share-box-shaped wslu-fill-colored wslu-none wslu-share-horizontal wslu-theme-font-no wslu-main_content\">\n\n\t\t\n        <ul>\n\t\t\t        <\/ul>\n    <\/div>","protected":false},"excerpt":{"rendered":"<p><strong>Lad\u0103 frigorific\u0103 auto portabil\u0103<\/strong><\/p>\n<p>Categorie: R\u0103cire activ\u0103<\/p>\n<p>Transport: produse alimentare, medicamente, farmaceutice<\/p>\n<p>Control temperatur\u0103 \u0219i afi\u0219aj digital<br \/>\nDimensiuni Ext. (mm): 790x1100x650h<br \/>\nDimensiuni Int. (mm): 540x660x450h<br \/>\nVolum: 162 l<br \/>\nGreutate: 59 kg<br \/>\nAmbalare: 1<\/p>\n<p>*Consulta\u021bi fi\u0219a tehnic\u0103 pentru informa\u021bii referitoare la regim temperatur\u0103, dimensiuni, greutate \u0219i volum util \u00een func\u021bie de versiune \/cod<\/p>","protected":false},"featured_media":63,"template":"","meta":{"site-sidebar-layout":"default","site-content-layout":"default","ast-site-content-layout":"default","site-content-style":"default","site-sidebar-style":"default","ast-global-header-display":"","ast-banner-title-visibility":"","ast-main-header-display":"","ast-hfb-above-header-display":"","ast-hfb-below-header-display":"","ast-hfb-mobile-header-display":"","site-post-title":"","ast-breadcrumbs-content":"","ast-featured-img":"","footer-sml-layout":"","ast-disable-related-posts":"","theme-transparent-header-meta":"default","adv-header-id-meta":"","stick-header-meta":"","header-above-stick-meta":"","header-main-stick-meta":"","header-below-stick-meta":"","astra-migrate-meta-layouts":"set","ast-page-background-enabled":"default","ast-page-background-meta":{"desktop":{"background-color":"var(--ast-global-color-4)","background-image":"","background-repeat":"repeat","background-position":"center center","background-size":"auto","background-attachment":"scroll","background-type":"","background-media":"","overlay-type":"","overlay-color":"","overlay-opacity":"","overlay-gradient":""},"tablet":{"background-color":"","background-image":"","background-repeat":"repeat","background-position":"center center","background-size":"auto","background-attachment":"scroll","background-type":"","background-media":"","overlay-type":"","overlay-color":"","overlay-opacity":"","overlay-gradient":""},"mobile":{"background-color":"","background-image":"","background-repeat":"repeat","background-position":"center center","background-size":"auto","background-attachment":"scroll","background-type":"","background-media":"","overlay-type":"","overlay-color":"","overlay-opacity":"","overlay-gradient":""}},"ast-content-background-meta":{"desktop":{"background-color":"var(--ast-global-color-5)","background-image":"","background-repeat":"repeat","background-position":"center center","background-size":"auto","background-attachment":"scroll","background-type":"","background-media":"","overlay-type":"","overlay-color":"","overlay-opacity":"","overlay-gradient":""},"tablet":{"background-color":"var(--ast-global-color-5)","background-image":"","background-repeat":"repeat","background-position":"center center","background-size":"auto","background-attachment":"scroll","background-type":"","background-media":"","overlay-type":"","overlay-color":"","overlay-opacity":"","overlay-gradient":""},"mobile":{"background-color":"var(--ast-global-color-5)","background-image":"","background-repeat":"repeat","background-position":"center center","background-size":"auto","background-attachment":"scroll","background-type":"","background-media":"","overlay-type":"","overlay-color":"","overlay-opacity":"","overlay-gradient":""}}},"product_brand":[],"product_cat":[17],"product_tag":[302,300,301,305],"class_list":{"0":"post-2735","1":"product","2":"type-product","3":"status-publish","4":"has-post-thumbnail","6":"product_cat-containere-frigorifice-koala","7":"product_tag-horeca","8":"product_tag-logistica-farmaceutica","9":"product_tag-logistica-retail","10":"product_tag-vending","11":"desktop-align-left","12":"tablet-align-left","13":"mobile-align-left","14":"ast-product-gallery-layout-horizontal-slider","15":"ast-product-single-variable","16":"ast-product-tabs-layout-horizontal","18":"first","19":"instock","20":"shipping-taxable","21":"purchasable","22":"product-type-variable"},"_links":{"self":[{"href":"https:\/\/melform.ro\/en\/wp-json\/wp\/v2\/product\/2735","targetHints":{"allow":["GET"]}}],"collection":[{"href":"https:\/\/melform.ro\/en\/wp-json\/wp\/v2\/product"}],"about":[{"href":"https:\/\/melform.ro\/en\/wp-json\/wp\/v2\/types\/product"}],"version-history":[{"count":2,"href":"https:\/\/melform.ro\/en\/wp-json\/wp\/v2\/product\/2735\/revisions"}],"predecessor-version":[{"id":5252,"href":"https:\/\/melform.ro\/en\/wp-json\/wp\/v2\/product\/2735\/revisions\/5252"}],"wp:featuredmedia":[{"embeddable":true,"href":"https:\/\/melform.ro\/en\/wp-json\/wp\/v2\/media\/63"}],"wp:attachment":[{"href":"https:\/\/melform.ro\/en\/wp-json\/wp\/v2\/media?parent=2735"}],"wp:term":[{"taxonomy":"product_brand","embeddable":true,"href":"https:\/\/melform.ro\/en\/wp-json\/wp\/v2\/product_brand?post=2735"},{"taxonomy":"product_cat","embeddable":true,"href":"https:\/\/melform.ro\/en\/wp-json\/wp\/v2\/product_cat?post=2735"},{"taxonomy":"product_tag","embeddable":true,"href":"https:\/\/melform.ro\/en\/wp-json\/wp\/v2\/product_tag?post=2735"}],"curies":[{"name":"wp","href":"https:\/\/api.w.org\/{rel}","templated":true}]}}