{"id":2756,"date":"2023-03-15T16:38:25","date_gmt":"2023-03-15T14:38:25","guid":{"rendered":"https:\/\/melform.dev-diz.com\/?post_type=product&#038;p=2756"},"modified":"2025-09-16T07:47:45","modified_gmt":"2025-09-16T05:47:45","slug":"maillon","status":"publish","type":"product","link":"https:\/\/melform.ro\/en\/produse\/maillon\/","title":{"rendered":"Maillon"},"content":{"rendered":"<p>Container izoterm last mile multitemperatur\u0103 pentru transportul produselor refrigerate \u0219i congelate la o temperatur\u0103 controlat\u0103<\/p>\n<p>Potrivit \u00een special pentru transportul produselor alimentare perisabile \u00een cadrul opera\u021biunilor cash &amp; carry, \u00een timpul cump\u0103r\u0103turilor \u0219i pentru opera\u021biunile de logistic\u0103 urban\u0103 last mile<\/p>\n<p>Capacitate: 68 litri<\/p>\n<p>Compatibilitate total\u0103 cu lan\u021bul frigorific \u00een toate etapele de transport<\/p>\n<p>U\u0219or de transportat datorit\u0103 dimensiunilor \u0219i greut\u0103\u021bii reduse<\/p>\n<p>Fabricat folosind tehnologia de turnare rota\u021bional\u0103: container monobloc, capac (far\u0103 margini ascu\u021bite, \u00eembin\u0103ri sau suduri)<\/p>\n<p>Complet reciclabil la sf\u00e2r\u0219itul duratei de via\u021b\u0103<\/p>\n\n    <div class=\"xs_social_share_widget xs_share_url after_content \t\tmain_content  wslu-style-1 wslu-share-box-shaped wslu-fill-colored wslu-none wslu-share-horizontal wslu-theme-font-no wslu-main_content\">\n\n\t\t\n        <ul>\n\t\t\t        <\/ul>\n    <\/div>","protected":false},"excerpt":{"rendered":"<p><strong>Container izoterm last mile multitemperatur\u0103 portabil<\/strong><\/p>\n<p>Categorie: R\u0103cire pasiv\u0103 cu pl\u0103ci eutectice<\/p>\n<p>Transport: produse alimentare refrigerate, congelate \u0219i pe\u0219te<\/p>\n<p>Certificat de aprobare ATP, clasa IN pentru Maillon<\/p>\n<p>Dimensiuni Ext.* (mm):\u00a0850x450x390h<br \/>\nDimensiuni Int. (mm): 750x330x270h<\/p>\n<p>Capacitate: 68 l<br \/>\nGreutate: 13 kg<br \/>\nAmbalare: 1<\/p>","protected":false},"featured_media":187,"template":"","meta":{"site-sidebar-layout":"default","site-content-layout":"default","ast-site-content-layout":"default","site-content-style":"default","site-sidebar-style":"default","ast-global-header-display":"","ast-banner-title-visibility":"","ast-main-header-display":"","ast-hfb-above-header-display":"","ast-hfb-below-header-display":"","ast-hfb-mobile-header-display":"","site-post-title":"","ast-breadcrumbs-content":"","ast-featured-img":"","footer-sml-layout":"","ast-disable-related-posts":"","theme-transparent-header-meta":"default","adv-header-id-meta":"","stick-header-meta":"","header-above-stick-meta":"","header-main-stick-meta":"","header-below-stick-meta":"","astra-migrate-meta-layouts":"set","ast-page-background-enabled":"default","ast-page-background-meta":{"desktop":{"background-color":"var(--ast-global-color-4)","background-image":"","background-repeat":"repeat","background-position":"center center","background-size":"auto","background-attachment":"scroll","background-type":"","background-media":"","overlay-type":"","overlay-color":"","overlay-opacity":"","overlay-gradient":""},"tablet":{"background-color":"","background-image":"","background-repeat":"repeat","background-position":"center center","background-size":"auto","background-attachment":"scroll","background-type":"","background-media":"","overlay-type":"","overlay-color":"","overlay-opacity":"","overlay-gradient":""},"mobile":{"background-color":"","background-image":"","background-repeat":"repeat","background-position":"center center","background-size":"auto","background-attachment":"scroll","background-type":"","background-media":"","overlay-type":"","overlay-color":"","overlay-opacity":"","overlay-gradient":""}},"ast-content-background-meta":{"desktop":{"background-color":"var(--ast-global-color-5)","background-image":"","background-repeat":"repeat","background-position":"center center","background-size":"auto","background-attachment":"scroll","background-type":"","background-media":"","overlay-type":"","overlay-color":"","overlay-opacity":"","overlay-gradient":""},"tablet":{"background-color":"var(--ast-global-color-5)","background-image":"","background-repeat":"repeat","background-position":"center center","background-size":"auto","background-attachment":"scroll","background-type":"","background-media":"","overlay-type":"","overlay-color":"","overlay-opacity":"","overlay-gradient":""},"mobile":{"background-color":"var(--ast-global-color-5)","background-image":"","background-repeat":"repeat","background-position":"center center","background-size":"auto","background-attachment":"scroll","background-type":"","background-media":"","overlay-type":"","overlay-color":"","overlay-opacity":"","overlay-gradient":""}}},"product_brand":[],"product_cat":[84],"product_tag":[302,303,305],"class_list":{"0":"post-2756","1":"product","2":"type-product","3":"status-publish","4":"has-post-thumbnail","6":"product_cat-containere-izoterme-cargo","7":"product_tag-horeca","8":"product_tag-last-mile","9":"product_tag-vending","10":"desktop-align-left","11":"tablet-align-left","12":"mobile-align-left","13":"ast-product-gallery-layout-horizontal-slider","14":"ast-product-tabs-layout-horizontal","16":"first","17":"instock","18":"shipping-taxable","19":"purchasable","20":"product-type-simple"},"_links":{"self":[{"href":"https:\/\/melform.ro\/en\/wp-json\/wp\/v2\/product\/2756","targetHints":{"allow":["GET"]}}],"collection":[{"href":"https:\/\/melform.ro\/en\/wp-json\/wp\/v2\/product"}],"about":[{"href":"https:\/\/melform.ro\/en\/wp-json\/wp\/v2\/types\/product"}],"version-history":[{"count":1,"href":"https:\/\/melform.ro\/en\/wp-json\/wp\/v2\/product\/2756\/revisions"}],"predecessor-version":[{"id":4823,"href":"https:\/\/melform.ro\/en\/wp-json\/wp\/v2\/product\/2756\/revisions\/4823"}],"wp:featuredmedia":[{"embeddable":true,"href":"https:\/\/melform.ro\/en\/wp-json\/wp\/v2\/media\/187"}],"wp:attachment":[{"href":"https:\/\/melform.ro\/en\/wp-json\/wp\/v2\/media?parent=2756"}],"wp:term":[{"taxonomy":"product_brand","embeddable":true,"href":"https:\/\/melform.ro\/en\/wp-json\/wp\/v2\/product_brand?post=2756"},{"taxonomy":"product_cat","embeddable":true,"href":"https:\/\/melform.ro\/en\/wp-json\/wp\/v2\/product_cat?post=2756"},{"taxonomy":"product_tag","embeddable":true,"href":"https:\/\/melform.ro\/en\/wp-json\/wp\/v2\/product_tag?post=2756"}],"curies":[{"name":"wp","href":"https:\/\/api.w.org\/{rel}","templated":true}]}}