{"id":2757,"date":"2023-03-15T16:38:25","date_gmt":"2023-03-15T14:38:25","guid":{"rendered":"https:\/\/melform.dev-diz.com\/?post_type=product&#038;p=2757"},"modified":"2025-07-11T18:05:54","modified_gmt":"2025-07-11T16:05:54","slug":"af-150-sistem-modular-multitemperatura","status":"publish","type":"product","link":"https:\/\/melform.ro\/en\/produse\/af-150-sistem-modular-multitemperatura\/","title":{"rendered":"AF 150 Sistem Modular Multitemperatur\u0103"},"content":{"rendered":"<p>&#8222;AVANTAJE \u0218I BENEFICII<\/p>\n<p>Sistem modular: un set deta\u0219abil de interblocare permite fixarea a dou\u0103 containere AF150 stivuite<\/p>\n<p>Disponibil, la cerere, un c\u0103rucior din polietilen\u0103, pentru a manevra cu u\u0219urin\u021b\u0103 containerele<\/p>\n<p>Sistem practic \u0219i flexibil: asamblare \u0219i demontare u\u0219oar\u0103, simplific\u00e2nd opera\u021biile de cur\u0103\u021bare<\/p>\n<p>U\u0219ile active \u0219i pl\u0103cile eutectice permit cre\u0219terea num\u0103rului de combina\u021bii disponibile pentru sistemul modular<\/p>\n<p>Fiecare sec\u021biune poate g\u0103zdui o alta plac\u0103 eutectic\u0103 care permite transportul la diferite temperaturi, prelungind astfel reten\u021bia temperaturii alimentelor<\/p>\n<p>Poate stoca simultan mese fierbin\u021bi, refrigerate \u0219i congelate, datorit\u0103 celor dou\u0103 zone separate, cu izola\u021bie termic\u0103 perfect\u0103<\/p>\n<p>Pentru a prelungi \u00een mod nedeterminat timpul de transport al alimentelor calde, una sau dou\u0103 zone pot fi echipate cu o u\u0219\u0103 activ\u0103 AF150, disponibil\u0103 \u0219i \u00eentr-o versiune cu termostat digital<\/p>\n<p>Capacitate de \u00eenc\u0103rcare excelent\u0103: fiecare sec\u021biune are o capacitate de 150 de litri \u0219i poate fi echipat\u0103 cu suporturi \u0219i sisteme de rulare GN, t\u0103vi EN, foi de patiserie \u0219i recipiente din plastic 600 x 400 mm<\/p>\n<p>Acesta asigur\u0103 o re\u021binere adecvat\u0103 a c\u0103ldurii, limit\u00e2nd riscul de proliferare bacterian\u0103, p\u0103str\u00e2nd \u00een acela\u0219i timp calitatea alimentelor \u0219i caracteristicile organoleptice<\/p>\n<p>Caracteristicile izoterme sunt conforme cu reglement\u0103rile actuale (Regulamentul CE 852\/2004-HACCP-) \u0219i cu standardele tehnice aplicabile (EN12571 \u0219i Accord AFNOR AC D40-007).<\/p>\n<p>Caracteristicile izoterme ale containerului sunt conforme cu ATP (Accord Transport Perissables), tratatul interna\u021bional care reglementeaz\u0103 caracteristicile vehiculelor adecvate pentru transportul rutier de produse perisabile<\/p>\n<p>Materialele utilizate la fabricare sunt conforme pentru contactul cu alimente pe toat\u0103 suprafa\u021ba containerului<\/p>\n<p>Criteriile de proiectare permit cur\u0103\u021barea \u0219i dezinfectarea corect\u0103 (Reg. CE 852\/2004 -HACCP-), inclusiv utilizarea jeturilor de ap\u0103<\/p>\n<p>Acesta permite func\u021bionarea corect\u0103 \u00een mediul HACCP<\/p>\n<p>Conceput pentru a fi de lung\u0103 durat\u0103: performan\u021ba r\u0103m\u00e2ne \u00een principiu neschimbat\u0103 atunci c\u00e2nd este refolosit<\/p>\n<p>Impactul asupra mediului este considerabil mai mic dec\u00e2t cel al containerelor de unic\u0103 folosin\u021b\u0103<\/p>\n<p>Complet reciclabil la sf\u00e2r\u0219itul duratei de via\u021b\u0103<\/p>\n<p>CARACTERISTICI TEHNICE<\/p>\n<p>Fabricat folosind tehnologia de turnare rota\u021bional\u0103, permi\u021b\u00e2nd producerea de containere foarte robuste f\u0103r\u0103 margini ascu\u021bite, \u00eembin\u0103ri sau suduri, asigur\u00e2nd \u00een acela\u0219i timp o p\u0103strare foarte bun\u0103 a temperaturii<\/p>\n<p>Set de fixare din INOX: practic \u0219i eficient<\/p>\n<p>Echipat cu m\u00e2nere integrate din inox, confortabile, sigure \u0219i extrem de func\u021bionale<\/p>\n<p>Echipat cu o u\u0219\u0103 u\u0219or demontabil\u0103 care se deschide p\u00e2n\u0103 la 240 \u00b0, facilit\u00e2nd opera\u021biile de sp\u0103lare<\/p>\n<p>Echipat cu balamale rezistente la \u0219ocuri, cu rezisten\u021b\u0103 ridicat\u0103 la solicit\u0103ri<\/p>\n<p>Dispune de o supap\u0103 de aerisire reglabil\u0103<\/p>\n<p>Izola\u021bie din spum\u0103 poliuretanic\u0103 injectat\u0103 f\u0103r\u0103 CFC \u0219i HCFC<\/p>\n<p>Garantat pentru utilizare la temperaturi cuprinse \u00eentre -30 \u00b0 \u0219i + 100 \u00b0 C<\/p>\n<p>Combina\u021bii recipiente GN 1\/1:<\/p>\n<p>Capacitatea t\u0103vilor GN cu 1 set de bra\u021be (nr. 1 ABA250) plus traverse \u0219i plac\u0103 eutectic\u0103 pe primul raft<\/p>\n<p>5&#215;65 (h) + 6xABA302<\/p>\n<p>2&#215;65 + 2&#215;100 (h) + 5xABA302<\/p>\n<p>1&#215;65 + 2&#215;150 (h) + 4xABA302<\/p>\n<p>2&#215;100 + 1 x 150 (h) + 4xABA302<\/p>\n<p>1&#215;65 + 1&#215;100 + 1 x 200 (h) + 4xABA302<\/p>\n<p>3&#215;65 + 1&#215;150 (h) + 5xABA302<\/p>\n<p>F\u0103r\u0103 plac\u0103 eutectic\u0103<\/p>\n<p>6&#215;65 (h) + 6xABA302<\/p>\n<p>1&#215;65 + 3&#215;100 (h) + 4xABA302<\/p>\n<p>1&#215;100 + 2&#215;150 (h) + 3xABA302<\/p>\n<p>2&#215;65 + 2&#215;100 (h) + 4xABA302<\/p>\n<p>2&#215;100 + 1 x200 (h) + 3xABA302<\/p>\n<p>1X65 + 1&#215;150 + 1 x200 (h) + 3xABA302<\/p>\n<p>3X65 + 1&#215;200 (h) + 4xABA302<\/p>\n<p>2&#215;200 (h) + 2xABA302<\/p>\n<p>&#8221;<\/p>\n\n    <div class=\"xs_social_share_widget xs_share_url after_content \t\tmain_content  wslu-style-1 wslu-share-box-shaped wslu-fill-colored wslu-none wslu-share-horizontal wslu-theme-font-no wslu-main_content\">\n\n\t\t\n        <ul>\n\t\t\t        <\/ul>\n    <\/div>","protected":false},"excerpt":{"rendered":"<p><strong>Sistem modular AF 150<\/strong><\/p>\n<p>Categorie: Multitemperatur\u0103 (rece, cald)<\/p>\n<p>Configuratie: 2 buc. A1500012 + THS30006 + RRI139<\/p>\n<p>*Solicita\u021bi fi\u0219a tehnic\u0103 pentru informa\u021bii referitoare la dimensiuni \u0219i configura\u021bii posibile<\/p>","protected":false},"featured_media":189,"template":"","meta":{"site-sidebar-layout":"default","site-content-layout":"default","ast-site-content-layout":"default","site-content-style":"default","site-sidebar-style":"default","ast-global-header-display":"","ast-banner-title-visibility":"","ast-main-header-display":"","ast-hfb-above-header-display":"","ast-hfb-below-header-display":"","ast-hfb-mobile-header-display":"","site-post-title":"","ast-breadcrumbs-content":"","ast-featured-img":"","footer-sml-layout":"","ast-disable-related-posts":"","theme-transparent-header-meta":"default","adv-header-id-meta":"","stick-header-meta":"","header-above-stick-meta":"","header-main-stick-meta":"","header-below-stick-meta":"","astra-migrate-meta-layouts":"default","ast-page-background-enabled":"default","ast-page-background-meta":{"desktop":{"background-color":"var(--ast-global-color-4)","background-image":"","background-repeat":"repeat","background-position":"center center","background-size":"auto","background-attachment":"scroll","background-type":"","background-media":"","overlay-type":"","overlay-color":"","overlay-opacity":"","overlay-gradient":""},"tablet":{"background-color":"","background-image":"","background-repeat":"repeat","background-position":"center center","background-size":"auto","background-attachment":"scroll","background-type":"","background-media":"","overlay-type":"","overlay-color":"","overlay-opacity":"","overlay-gradient":""},"mobile":{"background-color":"","background-image":"","background-repeat":"repeat","background-position":"center center","background-size":"auto","background-attachment":"scroll","background-type":"","background-media":"","overlay-type":"","overlay-color":"","overlay-opacity":"","overlay-gradient":""}},"ast-content-background-meta":{"desktop":{"background-color":"var(--ast-global-color-5)","background-image":"","background-repeat":"repeat","background-position":"center center","background-size":"auto","background-attachment":"scroll","background-type":"","background-media":"","overlay-type":"","overlay-color":"","overlay-opacity":"","overlay-gradient":""},"tablet":{"background-color":"var(--ast-global-color-5)","background-image":"","background-repeat":"repeat","background-position":"center center","background-size":"auto","background-attachment":"scroll","background-type":"","background-media":"","overlay-type":"","overlay-color":"","overlay-opacity":"","overlay-gradient":""},"mobile":{"background-color":"var(--ast-global-color-5)","background-image":"","background-repeat":"repeat","background-position":"center center","background-size":"auto","background-attachment":"scroll","background-type":"","background-media":"","overlay-type":"","overlay-color":"","overlay-opacity":"","overlay-gradient":""}}},"product_brand":[],"product_cat":[99,233],"product_tag":[302],"class_list":{"0":"post-2757","1":"product","2":"type-product","3":"status-publish","4":"has-post-thumbnail","6":"product_cat-containere-horeca","7":"product_cat-modulare","8":"product_tag-horeca","9":"desktop-align-left","10":"tablet-align-left","11":"mobile-align-left","12":"ast-product-gallery-layout-horizontal-slider","13":"ast-product-gallery-with-no-image","14":"ast-product-tabs-layout-horizontal","16":"first","17":"instock","18":"shipping-taxable","19":"purchasable","20":"product-type-simple"},"_links":{"self":[{"href":"https:\/\/melform.ro\/en\/wp-json\/wp\/v2\/product\/2757","targetHints":{"allow":["GET"]}}],"collection":[{"href":"https:\/\/melform.ro\/en\/wp-json\/wp\/v2\/product"}],"about":[{"href":"https:\/\/melform.ro\/en\/wp-json\/wp\/v2\/types\/product"}],"version-history":[{"count":1,"href":"https:\/\/melform.ro\/en\/wp-json\/wp\/v2\/product\/2757\/revisions"}],"predecessor-version":[{"id":4859,"href":"https:\/\/melform.ro\/en\/wp-json\/wp\/v2\/product\/2757\/revisions\/4859"}],"wp:featuredmedia":[{"embeddable":true,"href":"https:\/\/melform.ro\/en\/wp-json\/wp\/v2\/media\/189"}],"wp:attachment":[{"href":"https:\/\/melform.ro\/en\/wp-json\/wp\/v2\/media?parent=2757"}],"wp:term":[{"taxonomy":"product_brand","embeddable":true,"href":"https:\/\/melform.ro\/en\/wp-json\/wp\/v2\/product_brand?post=2757"},{"taxonomy":"product_cat","embeddable":true,"href":"https:\/\/melform.ro\/en\/wp-json\/wp\/v2\/product_cat?post=2757"},{"taxonomy":"product_tag","embeddable":true,"href":"https:\/\/melform.ro\/en\/wp-json\/wp\/v2\/product_tag?post=2757"}],"curies":[{"name":"wp","href":"https:\/\/api.w.org\/{rel}","templated":true}]}}