{"id":2758,"date":"2023-03-15T16:38:25","date_gmt":"2023-03-15T14:38:25","guid":{"rendered":"https:\/\/melform.dev-diz.com\/?post_type=product&#038;p=2758"},"modified":"2025-07-11T18:06:09","modified_gmt":"2025-07-11T16:06:09","slug":"af12-active-sistem-modular-multitemperatura","status":"publish","type":"product","link":"https:\/\/melform.ro\/en\/produse\/af12-active-sistem-modular-multitemperatura\/","title":{"rendered":"AF12 Sistem Modular Multitemperatur\u0103"},"content":{"rendered":"<p>AVANTAJE \u0218I BENEFICII<\/p>\n<p>Sistem modular: un kit op\u021bional de blocare permite fixarea a dou\u0103 containere AF12 stivuite sau fixarea unui singur AF12 la c\u0103ruciorul s\u0103u<\/p>\n<p>Urm\u0103toarele sisteme de activare permit cre\u0219terea num\u0103rului de combina\u021bii disponibile pentru sistemul modular<\/p>\n<p>U\u0219\u0103 activ\u0103<\/p>\n<p>Plac\u0103 eutectic\u0103 fierbinte<\/p>\n<p>Plac\u0103 eutectic\u0103 refrigerate<\/p>\n<p>Plac\u0103 eutectic\u0103 congelate<\/p>\n<p>Combina\u021bia dintre diferite sisteme de activare permite diferen\u021bierea temperaturilor de transport \u00een cadrul sistemului modular. De exemplu, o zon\u0103 poate fi dedicat\u0103 transportului de alimente fierbin\u021bi, echip\u00e2nd-o cu o u\u0219\u0103 activ\u0103, iar cealalt\u0103 pentru a transporta alimente refrigerate, echip\u00e2nd-o cu o plac\u0103 refrigerat\u0103<\/p>\n<p>Nu exist\u0103 nici un risc de transfer termic de la o sec\u021biune la alta, deoarece fiecare zon\u0103 este separat\u0103 \u0219i perfect izolat\u0103 din punct de vedere termic<\/p>\n<p>U\u0219a activ\u0103 permite extinderea pe termen nelimitat a timpului de transport al alimentelor calde. Este indicat \u00een special \u00een cazul serviciului am\u00e2nat sau atunci c\u00e2nd recipientul nu este utilizat la capacitate maxim\u0103. Este de asemenea disponibil \u00een versiune cu termostat digital programabil<\/p>\n<p>Pl\u0103cile eutectice, disponibile \u00eentr-o versiune pentru transportul hranei fierbin\u021bi, refrigerate \u0219i congelate, permit extinderea reten\u021biei de temperatur\u0103 \u00een timp \u0219i nu necesit\u0103 alimentarea cu energie electric\u0103<\/p>\n<p>Sistem practic \u0219i flexibil: asamblare \u0219i demontare u\u0219oar\u0103, simplific\u00e2nd opera\u021biile de cur\u0103\u021bare<\/p>\n<p>Caracteristicile izotermice sunt conforme cu reglement\u0103rile actuale (Regulamentul CE 852\/2004-HACCP-) \u0219i cu standardele tehnice aplicabile (EN12571 \u0219i Accord AFNOR AC D40-007)<\/p>\n<p>Proiectarea unit\u0103\u021bii permite cur\u0103\u021barea \u0219i dezinfectarea total\u0103 (Regulamentul CE 852\/2004 -HACCP-), inclusiv utilizarea unei ma\u0219ini de sp\u0103lat vase<\/p>\n<p>Materialele utilizate pentru fabricarea modulelor izotermice AF12, a u\u0219ii active \u0219i a pl\u0103cilor sunt potrivite pentru contactul cu produsele alimentare<\/p>\n<p>Complet reciclabil la sf\u00e2r\u0219itul duratei de via\u021b\u0103<\/p>\n<p>Impactul asupra mediului este considerabil mai mic dec\u00e2t cel al containerelor de unic\u0103 folosin\u021b\u0103<\/p>\n<p>Dispun\u00e2nd de un suport de etichete \u00eencorporat, permite identificarea rapid\u0103 a con\u021binutului sau destina\u021biei<\/p>\n<p>CARACTERISTICI TEHNICE<\/p>\n<p>Fabricat folosind tehnologia de turnare rota\u021bional\u0103, permi\u021b\u00e2nd producerea de containere foarte robuste f\u0103r\u0103 margini ascu\u021bite, \u00eembin\u0103ri sau suduri, asigur\u00e2nd \u00een acela\u0219i timp o p\u0103strare foarte bun\u0103 a temperaturii<\/p>\n<p>Set de fixare dinINOX: practic \u0219i eficient<\/p>\n<p>Modulul AF12 include m\u00e2nere din inox integrate, confortabile, sigure \u0219i extrem de func\u021bionale<\/p>\n<p>Modulul AF12 dispune de o u\u0219\u0103 care poate fi deschis\u0103 p\u00e2n\u0103 la 240 \u00b0, U\u0219or de demontat pentru cur\u0103\u021barea \u00eentr-o ma\u0219in\u0103 de sp\u0103lat vase.<\/p>\n<p>Modulul AF12 prezint\u0103 balamale rezistente la \u0219oc, cu rezisten\u021b\u0103 ridicat\u0103 la solicit\u0103ri<\/p>\n<p>Dispune de o supap\u0103 de aerisire reglabil\u0103<\/p>\n<p>Izola\u021bie din spum\u0103 poliuretanic\u0103 injectat\u0103 f\u0103r\u0103 CFC \u0219i HCFC<\/p>\n<p>Container garantat pentru utilizare la temperaturi cuprinse intre -30 \u00b0 \u0219i + 100 \u00b0 C<\/p>\n<p>Combina\u021bii recipiente GN 1\/1:<\/p>\n<p>Pentru fiecare zon\u0103<\/p>\n<p>1x plac\u0103 eutectic\u0103 + 2&#215;200 (h)<\/p>\n<p>4&#215;100 (h)<\/p>\n<p>3&#215;150 (h)<\/p>\n<p>6&#215;65 (h)<\/p>\n\n    <div class=\"xs_social_share_widget xs_share_url after_content \t\tmain_content  wslu-style-1 wslu-share-box-shaped wslu-fill-colored wslu-none wslu-share-horizontal wslu-theme-font-no wslu-main_content\">\n\n\t\t\n        <ul>\n\t\t\t        <\/ul>\n    <\/div>","protected":false},"excerpt":{"rendered":"<p><strong>Sistem modular activ AF 12 <\/strong><\/p>\n<p>Categorie: Multitemperatura (rece, cald)<\/p>\n<p>Configuratie: 3125H006F + 3B3M0016 + AF12H006 + THS20009 + RRI136<\/p>\n<p>*Solicita\u021bi fi\u0219a tehnic\u0103 pentru informa\u021bii referitoare la dimensiuni \u0219i configura\u021bii posibile<\/p>","protected":false},"featured_media":190,"template":"","meta":{"site-sidebar-layout":"default","site-content-layout":"default","ast-site-content-layout":"default","site-content-style":"default","site-sidebar-style":"default","ast-global-header-display":"","ast-banner-title-visibility":"","ast-main-header-display":"","ast-hfb-above-header-display":"","ast-hfb-below-header-display":"","ast-hfb-mobile-header-display":"","site-post-title":"","ast-breadcrumbs-content":"","ast-featured-img":"","footer-sml-layout":"","ast-disable-related-posts":"","theme-transparent-header-meta":"default","adv-header-id-meta":"","stick-header-meta":"","header-above-stick-meta":"","header-main-stick-meta":"","header-below-stick-meta":"","astra-migrate-meta-layouts":"default","ast-page-background-enabled":"default","ast-page-background-meta":{"desktop":{"background-color":"var(--ast-global-color-4)","background-image":"","background-repeat":"repeat","background-position":"center center","background-size":"auto","background-attachment":"scroll","background-type":"","background-media":"","overlay-type":"","overlay-color":"","overlay-opacity":"","overlay-gradient":""},"tablet":{"background-color":"","background-image":"","background-repeat":"repeat","background-position":"center center","background-size":"auto","background-attachment":"scroll","background-type":"","background-media":"","overlay-type":"","overlay-color":"","overlay-opacity":"","overlay-gradient":""},"mobile":{"background-color":"","background-image":"","background-repeat":"repeat","background-position":"center center","background-size":"auto","background-attachment":"scroll","background-type":"","background-media":"","overlay-type":"","overlay-color":"","overlay-opacity":"","overlay-gradient":""}},"ast-content-background-meta":{"desktop":{"background-color":"var(--ast-global-color-5)","background-image":"","background-repeat":"repeat","background-position":"center center","background-size":"auto","background-attachment":"scroll","background-type":"","background-media":"","overlay-type":"","overlay-color":"","overlay-opacity":"","overlay-gradient":""},"tablet":{"background-color":"var(--ast-global-color-5)","background-image":"","background-repeat":"repeat","background-position":"center center","background-size":"auto","background-attachment":"scroll","background-type":"","background-media":"","overlay-type":"","overlay-color":"","overlay-opacity":"","overlay-gradient":""},"mobile":{"background-color":"var(--ast-global-color-5)","background-image":"","background-repeat":"repeat","background-position":"center center","background-size":"auto","background-attachment":"scroll","background-type":"","background-media":"","overlay-type":"","overlay-color":"","overlay-opacity":"","overlay-gradient":""}}},"product_brand":[],"product_cat":[99,233],"product_tag":[302],"class_list":{"0":"post-2758","1":"product","2":"type-product","3":"status-publish","4":"has-post-thumbnail","6":"product_cat-containere-horeca","7":"product_cat-modulare","8":"product_tag-horeca","9":"desktop-align-left","10":"tablet-align-left","11":"mobile-align-left","12":"ast-product-gallery-layout-horizontal-slider","13":"ast-product-tabs-layout-horizontal","15":"first","16":"instock","17":"shipping-taxable","18":"purchasable","19":"product-type-simple"},"_links":{"self":[{"href":"https:\/\/melform.ro\/en\/wp-json\/wp\/v2\/product\/2758","targetHints":{"allow":["GET"]}}],"collection":[{"href":"https:\/\/melform.ro\/en\/wp-json\/wp\/v2\/product"}],"about":[{"href":"https:\/\/melform.ro\/en\/wp-json\/wp\/v2\/types\/product"}],"version-history":[{"count":1,"href":"https:\/\/melform.ro\/en\/wp-json\/wp\/v2\/product\/2758\/revisions"}],"predecessor-version":[{"id":4860,"href":"https:\/\/melform.ro\/en\/wp-json\/wp\/v2\/product\/2758\/revisions\/4860"}],"wp:featuredmedia":[{"embeddable":true,"href":"https:\/\/melform.ro\/en\/wp-json\/wp\/v2\/media\/190"}],"wp:attachment":[{"href":"https:\/\/melform.ro\/en\/wp-json\/wp\/v2\/media?parent=2758"}],"wp:term":[{"taxonomy":"product_brand","embeddable":true,"href":"https:\/\/melform.ro\/en\/wp-json\/wp\/v2\/product_brand?post=2758"},{"taxonomy":"product_cat","embeddable":true,"href":"https:\/\/melform.ro\/en\/wp-json\/wp\/v2\/product_cat?post=2758"},{"taxonomy":"product_tag","embeddable":true,"href":"https:\/\/melform.ro\/en\/wp-json\/wp\/v2\/product_tag?post=2758"}],"curies":[{"name":"wp","href":"https:\/\/api.w.org\/{rel}","templated":true}]}}