{"id":2759,"date":"2023-03-15T16:38:25","date_gmt":"2023-03-15T14:38:25","guid":{"rendered":"https:\/\/melform.dev-diz.com\/?post_type=product&#038;p=2759"},"modified":"2025-09-19T17:08:30","modified_gmt":"2025-09-19T15:08:30","slug":"af-12-container-izoterm","status":"publish","type":"product","link":"https:\/\/melform.ro\/en\/produse\/af-12-container-izoterm\/","title":{"rendered":"AF 12 Container Izoterm"},"content":{"rendered":"<p>Datorit\u0103 caracteristicilor izoterme excelente, men\u021bine preparatele la temperatura optim\u0103 de depozitare pentru o perioad\u0103 lung\u0103 de timp<\/p>\n<p>Asigur\u0103 o re\u021binere adecvat\u0103 a c\u0103ldurii, limit\u00e2nd riscul prolifer\u0103rii bacteriene, p\u0103str\u00e2nd \u00een acela\u0219i timp calitatea alimentelor \u0219i caracteristicile organoleptice<\/p>\n<p>Caracteristicile izoterme sunt conforme cu reglement\u0103rile \u00een vigoare (Reg. CE 852\/2004 \u2013HACCP-) \u0219i cu standardele tehnice aplicabile (EN12571 \u0219i Accord AFNOR AC D40-007).<\/p>\n<p>Permite operarea corect\u0103 \u00een mediul HACCP<\/p>\n<p>Materialele utilizate pentru fabrica\u021bie sunt potrivite pentru contactul cu alimentele pe toat\u0103 suprafa\u021ba containerului<\/p>\n<p>Designul containerului permite cur\u0103\u021barea \u0219i igienizarea precis\u0103 (Reg. CE 852\/2004 \u2013HACCP-) inclusiv utilizarea unei ma\u0219ini de sp\u0103lat vase<\/p>\n<p>Conceput pentru a fi de lung\u0103 durat\u0103: performan\u021ba r\u0103m\u00e2ne practic neschimbat\u0103 atunci c\u00e2nd este reutilizat<\/p>\n<p>Impactul asupra mediului este cu mult mai mic dec\u00e2t cel al containerelor de unic\u0103 folosin\u021b\u0103<\/p>\n<p>Complet reciclabil la sf\u00e2r\u0219itul duratei de via\u021b\u0103<\/p>\n<p>Conceput pentru a fi utilizat cu sistemul de integrare \u201eActive Door\u201d, pentru a extinde p\u0103strarea temperaturii pentru alimentele fierbin\u021bi<\/p>\n<p>Conceput pentru a fi utilizat cu pl\u0103ci eutectice, pentru a prelungi timpul de transport al alimentelor fierbin\u021bi, refrigerate \u0219i congelate<\/p>\n<p>Prev\u0103zut cu dou\u0103sprezece canale cu ecartament constant, ideal pentru a transporta t\u0103vi sau recipiente GN de \u00een\u0103l\u021bime egal\u0103<\/p>\n<p>Deschiderea frontal\u0103 permite introducerea cu u\u0219urin\u021b\u0103 a recipientelor GN 1\/1, 1\/2 \u0219i 1\/3<\/p>\n<p>Acest container de mare capacitate este, \u00een acela\u0219i timp, compact \u0219i u\u0219or de manevrat<\/p>\n<p>Se stivuie\u0219te \u0219i se transfer\u0103 u\u0219or, datorit\u0103 c\u0103ruciorului dedicat<\/p>\n<p>Un kit de interblocare op\u021bional permite fixarea unui singur container AF12 pe c\u0103ruciorul s\u0103u sau fixarea a dou\u0103 containere AF12 stivuite<\/p>\n<p>U\u0219a poate fi deschis\u0103 cu u\u0219urin\u021b\u0103 chiar \u0219i atunci c\u00e2nd mai multe containere sunt stivuite, pentru o \u00eenc\u0103rcare u\u0219oar\u0103<\/p>\n<p>Dispun\u00e2nd de un suport de etichet\u0103 \u00eencorporat, permite identificarea rapid\u0103 a con\u021binutului sau a destina\u021biei<\/p>\n<p>CARACTERISTICI TEHNICE<\/p>\n<p>Fabricat folosind tehnologia de turnare rota\u021bional\u0103, permi\u021b\u00e2nd producerea de containere foarte robuste f\u0103r\u0103 margini ascu\u021bite, \u00eembin\u0103ri sau suduri, asigur\u00e2nd \u00een acela\u0219i timp o p\u0103strare foarte bun\u0103 a temperaturii<\/p>\n<p>Echipat cu m\u00e2nere integrate din inox, confortabile, sigure \u0219i extrem de func\u021bionale<\/p>\n<p>Prev\u0103zut cu o u\u0219\u0103 u\u0219or deta\u0219abil\u0103 care se deschide p\u00e2n\u0103 la 240\u00b0, facilit\u00e2nd sp\u0103larea \u00een ma\u0219ina de sp\u0103lat vase<\/p>\n<p>Prev\u0103zut cu balamale rezistente la \u0219ocuri \u0219i rezisten\u021b\u0103 ridicat\u0103 la solicit\u0103ri<\/p>\n<p>Dispune de o supap\u0103 de aerisire reglabil\u0103<\/p>\n<p>Izola\u021bie din spum\u0103 poliuretanic\u0103 injectat\u0103 f\u0103r\u0103 CFC \u0219i HCFC<\/p>\n<p>Garantat pentru utilizare la temperaturi cuprinse \u00eentre \u201330\u00b0 \u0219i +100\u00b0C<\/p>\n\n    <div class=\"xs_social_share_widget xs_share_url after_content \t\tmain_content  wslu-style-1 wslu-share-box-shaped wslu-fill-colored wslu-none wslu-share-horizontal wslu-theme-font-no wslu-main_content\">\n\n\t\t\n        <ul>\n\t\t\t        <\/ul>\n    <\/div>","protected":false},"excerpt":{"rendered":"<p><strong> Container izoterm cu deschidere frontal\u0103 pentru transportul m\u00e2nc\u0103rurilor calde, refrigerate \u0219i congelate <\/strong><\/p>\n<p>Categorie: R\u0103cire sau \u00eenc\u0103lzire pasiv\u0103 cu pl\u0103ci eutectice<\/p>\n<p>Transport: produse alimentare calde, refrigerate \u0219i congelate<\/p>\n<p>Caracteristicile izoterme sunt conforme cu reglement\u0103rile \u00een vigoare (Reg. CE 852\/2004 -HACCP-) \u0219i cu standardele tehnice aplicabile (EN 12571 \u0219i Accord AFNOR AC D40-007)<\/p>\n<p>Dimensiuni Ext.* (mm):\u00a0440x665x650h<br \/>\nDimensiuni Int. (mm): 330x533x515h<\/p>\n<p>Capacitate: 90 l<br \/>\nGreutate: 16,5 kg<br \/>\nAmbalare: 1<\/p>\n<p><strong>Combina\u021bii GN 1\/1 \u0219i submultiple<\/strong><br \/>\n1xplac\u0103 + 2 GN 1\/1 x200 (h)<br \/>\n4 GN 1\/1 x100 (h)<br \/>\n3 GN 1\/1 x150 (h)<br \/>\n6 GN 1\/1 x65 (h)<\/p>","protected":false},"featured_media":204,"template":"","meta":{"site-sidebar-layout":"default","site-content-layout":"default","ast-site-content-layout":"default","site-content-style":"default","site-sidebar-style":"default","ast-global-header-display":"","ast-banner-title-visibility":"","ast-main-header-display":"","ast-hfb-above-header-display":"","ast-hfb-below-header-display":"","ast-hfb-mobile-header-display":"","site-post-title":"","ast-breadcrumbs-content":"","ast-featured-img":"","footer-sml-layout":"","ast-disable-related-posts":"","theme-transparent-header-meta":"default","adv-header-id-meta":"","stick-header-meta":"","header-above-stick-meta":"","header-main-stick-meta":"","header-below-stick-meta":"","astra-migrate-meta-layouts":"set","ast-page-background-enabled":"default","ast-page-background-meta":{"desktop":{"background-color":"var(--ast-global-color-4)","background-image":"","background-repeat":"repeat","background-position":"center center","background-size":"auto","background-attachment":"scroll","background-type":"","background-media":"","overlay-type":"","overlay-color":"","overlay-opacity":"","overlay-gradient":""},"tablet":{"background-color":"","background-image":"","background-repeat":"repeat","background-position":"center center","background-size":"auto","background-attachment":"scroll","background-type":"","background-media":"","overlay-type":"","overlay-color":"","overlay-opacity":"","overlay-gradient":""},"mobile":{"background-color":"","background-image":"","background-repeat":"repeat","background-position":"center center","background-size":"auto","background-attachment":"scroll","background-type":"","background-media":"","overlay-type":"","overlay-color":"","overlay-opacity":"","overlay-gradient":""}},"ast-content-background-meta":{"desktop":{"background-color":"var(--ast-global-color-5)","background-image":"","background-repeat":"repeat","background-position":"center center","background-size":"auto","background-attachment":"scroll","background-type":"","background-media":"","overlay-type":"","overlay-color":"","overlay-opacity":"","overlay-gradient":""},"tablet":{"background-color":"var(--ast-global-color-5)","background-image":"","background-repeat":"repeat","background-position":"center center","background-size":"auto","background-attachment":"scroll","background-type":"","background-media":"","overlay-type":"","overlay-color":"","overlay-opacity":"","overlay-gradient":""},"mobile":{"background-color":"var(--ast-global-color-5)","background-image":"","background-repeat":"repeat","background-position":"center center","background-size":"auto","background-attachment":"scroll","background-type":"","background-media":"","overlay-type":"","overlay-color":"","overlay-opacity":"","overlay-gradient":""}}},"product_brand":[],"product_cat":[106,99],"product_tag":[302],"class_list":{"0":"post-2759","1":"product","2":"type-product","3":"status-publish","4":"has-post-thumbnail","6":"product_cat-af-containere-izoterme-cu-deschidere-frontala","7":"product_cat-containere-horeca","8":"product_tag-horeca","9":"desktop-align-left","10":"tablet-align-left","11":"mobile-align-left","12":"ast-product-gallery-layout-horizontal-slider","13":"ast-product-single-variable","14":"ast-product-tabs-layout-horizontal","16":"first","17":"instock","18":"shipping-taxable","19":"purchasable","20":"product-type-variable"},"_links":{"self":[{"href":"https:\/\/melform.ro\/en\/wp-json\/wp\/v2\/product\/2759","targetHints":{"allow":["GET"]}}],"collection":[{"href":"https:\/\/melform.ro\/en\/wp-json\/wp\/v2\/product"}],"about":[{"href":"https:\/\/melform.ro\/en\/wp-json\/wp\/v2\/types\/product"}],"version-history":[{"count":2,"href":"https:\/\/melform.ro\/en\/wp-json\/wp\/v2\/product\/2759\/revisions"}],"predecessor-version":[{"id":5205,"href":"https:\/\/melform.ro\/en\/wp-json\/wp\/v2\/product\/2759\/revisions\/5205"}],"wp:featuredmedia":[{"embeddable":true,"href":"https:\/\/melform.ro\/en\/wp-json\/wp\/v2\/media\/204"}],"wp:attachment":[{"href":"https:\/\/melform.ro\/en\/wp-json\/wp\/v2\/media?parent=2759"}],"wp:term":[{"taxonomy":"product_brand","embeddable":true,"href":"https:\/\/melform.ro\/en\/wp-json\/wp\/v2\/product_brand?post=2759"},{"taxonomy":"product_cat","embeddable":true,"href":"https:\/\/melform.ro\/en\/wp-json\/wp\/v2\/product_cat?post=2759"},{"taxonomy":"product_tag","embeddable":true,"href":"https:\/\/melform.ro\/en\/wp-json\/wp\/v2\/product_tag?post=2759"}],"curies":[{"name":"wp","href":"https:\/\/api.w.org\/{rel}","templated":true}]}}