{"id":2798,"date":"2023-03-15T16:38:36","date_gmt":"2023-03-15T14:38:36","guid":{"rendered":"https:\/\/melform.dev-diz.com\/?post_type=product&#038;p=2798"},"modified":"2025-09-16T07:48:32","modified_gmt":"2025-09-16T05:48:32","slug":"cargo-140","status":"publish","type":"product","link":"https:\/\/melform.ro\/en\/produse\/cargo-140\/","title":{"rendered":"Cargo 140"},"content":{"rendered":"<p>Container izoterm pentru transportul produselor refrigerate \u0219i congelate la o temperatur\u0103 controlat\u0103<\/p>\n<p>Potrivit pentru logistic\u0103 urban\u0103 last mile, distribuitori \u0219i produc\u0103tori de alimente refrigerate sau congelate, transportatori<\/p>\n<p>Capacitate: 140 litri<\/p>\n<p>Compatibilitate total\u0103 cu lan\u021bul frigorific \u00een toate etapele de transport<\/p>\n<p>Caracteristicile izoterme sunt conforme cu reglement\u0103rile actuale (ATP, Regulamentul CE 852\/2004 \u2013 HACCP-) \u0219i cu standardele tehnice aplicabile (Accord AFNOR AC D40-007)<\/p>\n<p>Poate fi transportat utiliz\u00e2nd autoutilitare conven\u021bionale: permite transportul simultan al produselor refrigerate, congelate sau la temperatur\u0103 ambiental\u0103, utiliz\u00e2nd un singur vehicul neizolat sau poate fi utilizat mixt<\/p>\n<p>Fabricat folosind tehnologia de turnare rota\u021bional\u0103: container monobloc, u\u0219\u0103 (far\u0103 margini ascu\u021bite, \u00eembin\u0103ri sau suduri)<\/p>\n<p>Complet reciclabil la sf\u00e2r\u0219itul duratei de via\u021b\u0103<\/p>\n\n    <div class=\"xs_social_share_widget xs_share_url after_content \t\tmain_content  wslu-style-1 wslu-share-box-shaped wslu-fill-colored wslu-none wslu-share-horizontal wslu-theme-font-no wslu-main_content\">\n\n\t\t\n        <ul>\n\t\t\t        <\/ul>\n    <\/div>","protected":false},"excerpt":{"rendered":"<p><strong> Container izoterm portabil<\/strong><\/p>\n<p>Categorie: R\u0103cire pasiv\u0103 cu pl\u0103ci eutectice<\/p>\n<p>Transport: produse alimentare refrigerate, congelate \u0219i pe\u0219te<\/p>\n<p>Caracteristicile izoterme sunt conforme cu reglement\u0103rile \u00een vigoare (ATP, EC Reg. 852\/2004 \u2013HACCP-) \u0219i standardele tehnice (Accord AFNOR AC D40-007)<br \/>\nDimensiuni Ext. (mm):\u00a0620x820x710h<br \/>\nDimensiuni Int. (mm): 415x620x515h<\/p>\n<p>Coeficient transfer termic K = 0.33 W\/m2K<\/p>\n<p>Capacitate: 140 l<br \/>\nGreutate: 31 kg<br \/>\nAmbalare: 1<\/p>","protected":false},"featured_media":250,"template":"","meta":{"site-sidebar-layout":"default","site-content-layout":"default","ast-site-content-layout":"default","site-content-style":"default","site-sidebar-style":"default","ast-global-header-display":"","ast-banner-title-visibility":"","ast-main-header-display":"","ast-hfb-above-header-display":"","ast-hfb-below-header-display":"","ast-hfb-mobile-header-display":"","site-post-title":"","ast-breadcrumbs-content":"","ast-featured-img":"","footer-sml-layout":"","ast-disable-related-posts":"","theme-transparent-header-meta":"default","adv-header-id-meta":"","stick-header-meta":"","header-above-stick-meta":"","header-main-stick-meta":"","header-below-stick-meta":"","astra-migrate-meta-layouts":"set","ast-page-background-enabled":"default","ast-page-background-meta":{"desktop":{"background-color":"var(--ast-global-color-4)","background-image":"","background-repeat":"repeat","background-position":"center center","background-size":"auto","background-attachment":"scroll","background-type":"","background-media":"","overlay-type":"","overlay-color":"","overlay-opacity":"","overlay-gradient":""},"tablet":{"background-color":"","background-image":"","background-repeat":"repeat","background-position":"center center","background-size":"auto","background-attachment":"scroll","background-type":"","background-media":"","overlay-type":"","overlay-color":"","overlay-opacity":"","overlay-gradient":""},"mobile":{"background-color":"","background-image":"","background-repeat":"repeat","background-position":"center center","background-size":"auto","background-attachment":"scroll","background-type":"","background-media":"","overlay-type":"","overlay-color":"","overlay-opacity":"","overlay-gradient":""}},"ast-content-background-meta":{"desktop":{"background-color":"var(--ast-global-color-5)","background-image":"","background-repeat":"repeat","background-position":"center center","background-size":"auto","background-attachment":"scroll","background-type":"","background-media":"","overlay-type":"","overlay-color":"","overlay-opacity":"","overlay-gradient":""},"tablet":{"background-color":"var(--ast-global-color-5)","background-image":"","background-repeat":"repeat","background-position":"center center","background-size":"auto","background-attachment":"scroll","background-type":"","background-media":"","overlay-type":"","overlay-color":"","overlay-opacity":"","overlay-gradient":""},"mobile":{"background-color":"var(--ast-global-color-5)","background-image":"","background-repeat":"repeat","background-position":"center center","background-size":"auto","background-attachment":"scroll","background-type":"","background-media":"","overlay-type":"","overlay-color":"","overlay-opacity":"","overlay-gradient":""}}},"product_brand":[],"product_cat":[84],"product_tag":[302,303,305],"class_list":{"0":"post-2798","1":"product","2":"type-product","3":"status-publish","4":"has-post-thumbnail","6":"product_cat-containere-izoterme-cargo","7":"product_tag-horeca","8":"product_tag-last-mile","9":"product_tag-vending","10":"desktop-align-left","11":"tablet-align-left","12":"mobile-align-left","13":"ast-product-gallery-layout-horizontal-slider","14":"ast-product-tabs-layout-horizontal","16":"first","17":"instock","18":"shipping-taxable","19":"purchasable","20":"product-type-simple"},"_links":{"self":[{"href":"https:\/\/melform.ro\/en\/wp-json\/wp\/v2\/product\/2798","targetHints":{"allow":["GET"]}}],"collection":[{"href":"https:\/\/melform.ro\/en\/wp-json\/wp\/v2\/product"}],"about":[{"href":"https:\/\/melform.ro\/en\/wp-json\/wp\/v2\/types\/product"}],"version-history":[{"count":1,"href":"https:\/\/melform.ro\/en\/wp-json\/wp\/v2\/product\/2798\/revisions"}],"predecessor-version":[{"id":4822,"href":"https:\/\/melform.ro\/en\/wp-json\/wp\/v2\/product\/2798\/revisions\/4822"}],"wp:featuredmedia":[{"embeddable":true,"href":"https:\/\/melform.ro\/en\/wp-json\/wp\/v2\/media\/250"}],"wp:attachment":[{"href":"https:\/\/melform.ro\/en\/wp-json\/wp\/v2\/media?parent=2798"}],"wp:term":[{"taxonomy":"product_brand","embeddable":true,"href":"https:\/\/melform.ro\/en\/wp-json\/wp\/v2\/product_brand?post=2798"},{"taxonomy":"product_cat","embeddable":true,"href":"https:\/\/melform.ro\/en\/wp-json\/wp\/v2\/product_cat?post=2798"},{"taxonomy":"product_tag","embeddable":true,"href":"https:\/\/melform.ro\/en\/wp-json\/wp\/v2\/product_tag?post=2798"}],"curies":[{"name":"wp","href":"https:\/\/api.w.org\/{rel}","templated":true}]}}