{"id":2799,"date":"2023-03-15T16:38:36","date_gmt":"2023-03-15T14:38:36","guid":{"rendered":"https:\/\/melform.dev-diz.com\/?post_type=product&#038;p=2799"},"modified":"2025-09-19T17:03:33","modified_gmt":"2025-09-19T15:03:33","slug":"dricy-150","status":"publish","type":"product","link":"https:\/\/melform.ro\/en\/produse\/dricy-150\/","title":{"rendered":"DrIcy 150"},"content":{"rendered":"<p>Container izoterm pentru transport \u0219i livrare ghea\u021b\u0103 carbonic\u0103 Dricy 150<\/p>\n<p>Deschidere superioar\u0103, util\u0103 pentru a optimiza \u00eenc\u0103rcarea<\/p>\n<p>Capacitate: 120 kg de ghea\u021b\u0103 uscat\u0103 \u00een pele\u021bi de 3 mm<\/p>\n<p>Baz\u0103 cu ro\u021bi sau tip palet<\/p>\n<p>\u00cen\u0103l\u021bime redus\u0103 de la sol pentru a facilita \u00eenc\u0103rcarea \u0219i colectarea<\/p>\n<p>Perfect stivuibil datorit\u0103 formelor speciale de pe capac<\/p>\n<p>Dimensiunile mici permit transportul cu vehicule tradi\u021bionale mici \u0219i mijlocii<\/p>\n<p>Fabricat folosind tehnologia de turnare rota\u021bional\u0103: container monobloc, capac (far\u0103 margini ascu\u021bite, \u00eembin\u0103ri sau suduri)<\/p>\n<p>U\u0219or de sp\u0103lat<\/p>\n<p>Complet reciclabil la sf\u00e2r\u0219itul duratei de via\u021b\u0103<\/p>\n\n    <div class=\"xs_social_share_widget xs_share_url after_content \t\tmain_content  wslu-style-1 wslu-share-box-shaped wslu-fill-colored wslu-none wslu-share-horizontal wslu-theme-font-no wslu-main_content\">\n\n\t\t\n        <ul>\n\t\t\t        <\/ul>\n    <\/div>","protected":false},"excerpt":{"rendered":"<p><strong>Container izoterm pentru transport \u0219i livrare ghea\u021b\u0103 carbonic\u0103 Dricy 150<\/strong><\/p>\n<p>Categorie: ghea\u021b\u0103 carbonic\u0103, ghea\u021b\u0103 uscat\u0103<\/p>\n<p>Transport: ghea\u021b\u0103 carbonic\u0103 \u00een pele\u021bi de 3mm, 10mm, 16mm<\/p>\n<p>Deschidere superioar\u0103, util\u0103 pentru a optimiza \u00eenc\u0103rcarea.<\/p>\n<p>Capacitate: 120 kg de gheat\u0103 carbonic\u0103 \u00een pele\u021bi de 3 mm<br \/>\nBaz\u0103 cu ro\u021bi sau tip palet<\/p>\n<p>Dimensiuni Ext.* (mm):\u00a0800x600x900h<br \/>\nDimensiuni Int. (mm): 620x420x578h<\/p>\n<p>Coeficient transfer termic K = 0.29 W\/m2K<\/p>\n<p>Capacitate: 150 l<br \/>\nGreutate: 49 kg<br \/>\nAmbalare: 1<\/p>","protected":false},"featured_media":254,"template":"","meta":{"site-sidebar-layout":"default","site-content-layout":"default","ast-site-content-layout":"default","site-content-style":"default","site-sidebar-style":"default","ast-global-header-display":"","ast-banner-title-visibility":"","ast-main-header-display":"","ast-hfb-above-header-display":"","ast-hfb-below-header-display":"","ast-hfb-mobile-header-display":"","site-post-title":"","ast-breadcrumbs-content":"","ast-featured-img":"","footer-sml-layout":"","ast-disable-related-posts":"","theme-transparent-header-meta":"default","adv-header-id-meta":"","stick-header-meta":"","header-above-stick-meta":"","header-main-stick-meta":"","header-below-stick-meta":"","astra-migrate-meta-layouts":"set","ast-page-background-enabled":"default","ast-page-background-meta":{"desktop":{"background-color":"var(--ast-global-color-4)","background-image":"","background-repeat":"repeat","background-position":"center center","background-size":"auto","background-attachment":"scroll","background-type":"","background-media":"","overlay-type":"","overlay-color":"","overlay-opacity":"","overlay-gradient":""},"tablet":{"background-color":"","background-image":"","background-repeat":"repeat","background-position":"center center","background-size":"auto","background-attachment":"scroll","background-type":"","background-media":"","overlay-type":"","overlay-color":"","overlay-opacity":"","overlay-gradient":""},"mobile":{"background-color":"","background-image":"","background-repeat":"repeat","background-position":"center center","background-size":"auto","background-attachment":"scroll","background-type":"","background-media":"","overlay-type":"","overlay-color":"","overlay-opacity":"","overlay-gradient":""}},"ast-content-background-meta":{"desktop":{"background-color":"var(--ast-global-color-5)","background-image":"","background-repeat":"repeat","background-position":"center center","background-size":"auto","background-attachment":"scroll","background-type":"","background-media":"","overlay-type":"","overlay-color":"","overlay-opacity":"","overlay-gradient":""},"tablet":{"background-color":"var(--ast-global-color-5)","background-image":"","background-repeat":"repeat","background-position":"center center","background-size":"auto","background-attachment":"scroll","background-type":"","background-media":"","overlay-type":"","overlay-color":"","overlay-opacity":"","overlay-gradient":""},"mobile":{"background-color":"var(--ast-global-color-5)","background-image":"","background-repeat":"repeat","background-position":"center center","background-size":"auto","background-attachment":"scroll","background-type":"","background-media":"","overlay-type":"","overlay-color":"","overlay-opacity":"","overlay-gradient":""}}},"product_brand":[],"product_cat":[218],"product_tag":[304],"class_list":{"0":"post-2799","1":"product","2":"type-product","3":"status-publish","4":"has-post-thumbnail","6":"product_cat-containere-gheata-carbonica-dricy","7":"product_tag-gheata-carbonica","8":"desktop-align-left","9":"tablet-align-left","10":"mobile-align-left","11":"ast-product-gallery-layout-horizontal-slider","12":"ast-product-tabs-layout-horizontal","14":"first","15":"instock","16":"shipping-taxable","17":"purchasable","18":"product-type-simple"},"_links":{"self":[{"href":"https:\/\/melform.ro\/en\/wp-json\/wp\/v2\/product\/2799","targetHints":{"allow":["GET"]}}],"collection":[{"href":"https:\/\/melform.ro\/en\/wp-json\/wp\/v2\/product"}],"about":[{"href":"https:\/\/melform.ro\/en\/wp-json\/wp\/v2\/types\/product"}],"version-history":[{"count":1,"href":"https:\/\/melform.ro\/en\/wp-json\/wp\/v2\/product\/2799\/revisions"}],"predecessor-version":[{"id":4841,"href":"https:\/\/melform.ro\/en\/wp-json\/wp\/v2\/product\/2799\/revisions\/4841"}],"wp:featuredmedia":[{"embeddable":true,"href":"https:\/\/melform.ro\/en\/wp-json\/wp\/v2\/media\/254"}],"wp:attachment":[{"href":"https:\/\/melform.ro\/en\/wp-json\/wp\/v2\/media?parent=2799"}],"wp:term":[{"taxonomy":"product_brand","embeddable":true,"href":"https:\/\/melform.ro\/en\/wp-json\/wp\/v2\/product_brand?post=2799"},{"taxonomy":"product_cat","embeddable":true,"href":"https:\/\/melform.ro\/en\/wp-json\/wp\/v2\/product_cat?post=2799"},{"taxonomy":"product_tag","embeddable":true,"href":"https:\/\/melform.ro\/en\/wp-json\/wp\/v2\/product_tag?post=2799"}],"curies":[{"name":"wp","href":"https:\/\/api.w.org\/{rel}","templated":true}]}}