{"id":2806,"date":"2023-03-15T16:38:37","date_gmt":"2023-03-15T14:38:37","guid":{"rendered":"https:\/\/melform.dev-diz.com\/?post_type=product&#038;p=2806"},"modified":"2025-09-16T07:49:04","modified_gmt":"2025-09-16T05:49:04","slug":"cargo-150","status":"publish","type":"product","link":"https:\/\/melform.ro\/en\/produse\/cargo-150\/","title":{"rendered":"Cargo 150"},"content":{"rendered":"<p>Container izoterm pentru logistic\u0103 urban\u0103 Last Mile<\/p>\n<p>Capacitate excelent\u0103 de \u00eenc\u0103rcare, indicat\u0103 pentru transportul unor cantit\u0103\u021bi mari<\/p>\n<p>Flexibilitate mare: cu ajutorul sistemului de suport \u0219i \u0219ine, este posibil s\u0103 transporta\u021bi recipiente GN, t\u0103vi EN, t\u0103vi de patiserie \u0219i recipiente de 600 x 400 mm<\/p>\n<p>Conceput pentru a fi utilizat cu sistemul de integrare \u201eActive Door\u201d, pentru a extinde la nesf\u00e2r\u0219it re\u021binerea temperaturii pentru alimentele fierbin\u021bi<\/p>\n<p>Conceput pentru a fi utilizat cu pl\u0103ci eutectice, pentru a prelungi timpul de transport al alimentelor fierbin\u021bi, refrigerate \u0219i congelate<\/p>\n<p>U\u0219or de stivuit \u0219i transferat, datorit\u0103 c\u0103rucioarelor dedicate, disponibile \u00een polietilen\u0103, o\u021bel zincat \u0219i o\u021bel inoxidabil<\/p>\n<p>Asigur\u0103 o re\u021binere adecvat\u0103 a c\u0103ldurii, limit\u00e2nd riscul prolifer\u0103rii bacteriene, p\u0103str\u00e2nd \u00een acela\u0219i timp calitatea alimentelor \u0219i caracteristicile organoleptice<\/p>\n<p>Caracteristicile termoizolante sunt conforme cu reglement\u0103rile \u00een vigoare (Reg. CE 852\/2004 \u2013HACCP-) \u0219i cu standardele tehnice aplicabile (EN12571 \u0219i Accord AFNOR AC D40-007).<\/p>\n<p>Caracteristicile termoizolante ale containerului sunt conforme cu ATP (Accord Transport Perissables), tratatul interna\u021bional care reglementeaz\u0103 caracteristicile vehiculelor adecvate transportului rutier de produse perisabile<\/p>\n<p>Certificat de aprobare clasa IN (izoterm\u0103 normal\u0103) disponibil la cerere<\/p>\n<p>Permite operarea corect\u0103 \u00een mediul HACCP<\/p>\n<p>Materialele utilizate pentru fabrica\u021bie sunt potrivite pentru contactul cu alimentele pe toat\u0103 suprafa\u021ba containerului<\/p>\n<p>Criteriile de proiectare permit cur\u0103\u021barea \u0219i igienizarea corect\u0103 (Reg. CE 852\/2004 \u2013HACCP-) inclusiv utilizarea jeturilor de ap\u0103<\/p>\n<p>Conceput pentru a fi de lung\u0103 durat\u0103: performan\u021ba r\u0103m\u00e2ne practic nealterat\u0103 atunci c\u00e2nd este reutilizat<\/p>\n<p>Impactul asupra mediului cu mult mai mic dec\u00e2t cel al containerelor de unic\u0103 folosin\u021b\u0103<\/p>\n<p>Fabricat utiliz\u00e2nd tehnologia de turnare rota\u021bional\u0103: recipient monobloc \u0219i u\u0219\u0103 (f\u0103r\u0103 margini, \u00eembin\u0103ri \u0219i suduri)<\/p>\n<p>Echipat cu m\u00e2nere integrate din inox, confortabile, sigure \u0219i extrem de func\u021bionale<\/p>\n<p>Prev\u0103zut cu o u\u0219\u0103 u\u0219or deta\u0219abil\u0103 care se deschide p\u00e2n\u0103 la 240\u00b0, facilit\u00e2nd opera\u021biunile de sp\u0103lare<\/p>\n<p>Prev\u0103zut cu balamale rezistente la \u0219ocuri, cu rezisten\u021b\u0103 ridicat\u0103 la solicit\u0103ri<\/p>\n<p>Echipat cu o supap\u0103 de aerisire reglabil\u0103<\/p>\n<p>Complet reciclabil la sf\u00e2r\u0219itul duratei de via\u021b\u0103<\/p>\n\n    <div class=\"xs_social_share_widget xs_share_url after_content \t\tmain_content  wslu-style-1 wslu-share-box-shaped wslu-fill-colored wslu-none wslu-share-horizontal wslu-theme-font-no wslu-main_content\">\n\n\t\t\n        <ul>\n\t\t\t        <\/ul>\n    <\/div>","protected":false},"excerpt":{"rendered":"<p><strong> Container izoterm portabil last mile<\/strong><\/p>\n<p>Categorie: R\u0103cire pasiv\u0103 cu pl\u0103ci eutectice<\/p>\n<p>Transport: produse alimentare refrigerate, congelate \u0219i pe\u0219te<\/p>\n<p>Caracteristicile izoterme sunt conforme cu reglement\u0103rile \u00een vigoare (EC Reg. 852\/2004 \u2013HACCP-) \u0219i standardele tehnice (EN12571 and Accord AFNOR AC D40-007)<br \/>\nDimensiuni Ext. (mm):\u00a0570x790x690h<\/p>\n<p>Dimensiuni Int. (mm): 430x650x530h<\/p>\n<p>Coeficient transfer termic K = 0.42 W\/m2K<\/p>\n<p>Capacitate: 148 l<\/p>\n<p>Greutate: 25 kg<\/p>\n<p>Ambalare: 1<br \/>\n*Vizualiza\u021bi fi\u0219a tehnic\u0103 pentru informa\u021bii referitoare la combina\u021bii transport recipiente GN 1\/1 sau alte tipuri de recipiente GN<\/p>","protected":false},"featured_media":292,"template":"","meta":{"site-sidebar-layout":"default","site-content-layout":"default","ast-site-content-layout":"default","site-content-style":"default","site-sidebar-style":"default","ast-global-header-display":"","ast-banner-title-visibility":"","ast-main-header-display":"","ast-hfb-above-header-display":"","ast-hfb-below-header-display":"","ast-hfb-mobile-header-display":"","site-post-title":"","ast-breadcrumbs-content":"","ast-featured-img":"","footer-sml-layout":"","ast-disable-related-posts":"","theme-transparent-header-meta":"default","adv-header-id-meta":"","stick-header-meta":"","header-above-stick-meta":"","header-main-stick-meta":"","header-below-stick-meta":"","astra-migrate-meta-layouts":"set","ast-page-background-enabled":"default","ast-page-background-meta":{"desktop":{"background-color":"var(--ast-global-color-4)","background-image":"","background-repeat":"repeat","background-position":"center center","background-size":"auto","background-attachment":"scroll","background-type":"","background-media":"","overlay-type":"","overlay-color":"","overlay-opacity":"","overlay-gradient":""},"tablet":{"background-color":"","background-image":"","background-repeat":"repeat","background-position":"center center","background-size":"auto","background-attachment":"scroll","background-type":"","background-media":"","overlay-type":"","overlay-color":"","overlay-opacity":"","overlay-gradient":""},"mobile":{"background-color":"","background-image":"","background-repeat":"repeat","background-position":"center center","background-size":"auto","background-attachment":"scroll","background-type":"","background-media":"","overlay-type":"","overlay-color":"","overlay-opacity":"","overlay-gradient":""}},"ast-content-background-meta":{"desktop":{"background-color":"var(--ast-global-color-5)","background-image":"","background-repeat":"repeat","background-position":"center center","background-size":"auto","background-attachment":"scroll","background-type":"","background-media":"","overlay-type":"","overlay-color":"","overlay-opacity":"","overlay-gradient":""},"tablet":{"background-color":"var(--ast-global-color-5)","background-image":"","background-repeat":"repeat","background-position":"center center","background-size":"auto","background-attachment":"scroll","background-type":"","background-media":"","overlay-type":"","overlay-color":"","overlay-opacity":"","overlay-gradient":""},"mobile":{"background-color":"var(--ast-global-color-5)","background-image":"","background-repeat":"repeat","background-position":"center center","background-size":"auto","background-attachment":"scroll","background-type":"","background-media":"","overlay-type":"","overlay-color":"","overlay-opacity":"","overlay-gradient":""}}},"product_brand":[],"product_cat":[84],"product_tag":[302,303,305],"class_list":{"0":"post-2806","1":"product","2":"type-product","3":"status-publish","4":"has-post-thumbnail","6":"product_cat-containere-izoterme-cargo","7":"product_tag-horeca","8":"product_tag-last-mile","9":"product_tag-vending","10":"desktop-align-left","11":"tablet-align-left","12":"mobile-align-left","13":"ast-product-gallery-layout-horizontal-slider","14":"ast-product-tabs-layout-horizontal","16":"first","17":"instock","18":"shipping-taxable","19":"purchasable","20":"product-type-simple"},"_links":{"self":[{"href":"https:\/\/melform.ro\/en\/wp-json\/wp\/v2\/product\/2806","targetHints":{"allow":["GET"]}}],"collection":[{"href":"https:\/\/melform.ro\/en\/wp-json\/wp\/v2\/product"}],"about":[{"href":"https:\/\/melform.ro\/en\/wp-json\/wp\/v2\/types\/product"}],"version-history":[{"count":1,"href":"https:\/\/melform.ro\/en\/wp-json\/wp\/v2\/product\/2806\/revisions"}],"predecessor-version":[{"id":4820,"href":"https:\/\/melform.ro\/en\/wp-json\/wp\/v2\/product\/2806\/revisions\/4820"}],"wp:featuredmedia":[{"embeddable":true,"href":"https:\/\/melform.ro\/en\/wp-json\/wp\/v2\/media\/292"}],"wp:attachment":[{"href":"https:\/\/melform.ro\/en\/wp-json\/wp\/v2\/media?parent=2806"}],"wp:term":[{"taxonomy":"product_brand","embeddable":true,"href":"https:\/\/melform.ro\/en\/wp-json\/wp\/v2\/product_brand?post=2806"},{"taxonomy":"product_cat","embeddable":true,"href":"https:\/\/melform.ro\/en\/wp-json\/wp\/v2\/product_cat?post=2806"},{"taxonomy":"product_tag","embeddable":true,"href":"https:\/\/melform.ro\/en\/wp-json\/wp\/v2\/product_tag?post=2806"}],"curies":[{"name":"wp","href":"https:\/\/api.w.org\/{rel}","templated":true}]}}