{"id":2809,"date":"2023-03-15T16:38:38","date_gmt":"2023-03-15T14:38:38","guid":{"rendered":"https:\/\/melform.dev-diz.com\/?post_type=product&#038;p=2809"},"modified":"2025-09-16T07:56:44","modified_gmt":"2025-09-16T05:56:44","slug":"cargo-900-catering","status":"publish","type":"product","link":"https:\/\/melform.ro\/en\/produse\/cargo-900-catering\/","title":{"rendered":"Cargo 900 CATERING"},"content":{"rendered":"<p>Container izoterm portabil Cargo 900 pentru catering<\/p>\n<p>Categorie: R\u0103cire pasiv\u0103 cu pl\u0103ci eutectice<\/p>\n<p>Conceput special pentru opera\u021biuni de catering \u0219i banchet<\/p>\n<p>Adaptoarele practice din interiorul containerului permit introducerea recipientelor GN de diferite \u00een\u0103l\u021bimi \u0219i a t\u0103vilor GN<\/p>\n<p>Respectarea total\u0103 a lan\u021bului de frig \u00een toate etapele transportului.<\/p>\n<p>Poate fi transportat cu vehicule conven\u021bionale: permite transportul simultan de produse calde, refrigerate, congelate \u0219i la temperatura mediului ambiant.<\/p>\n<p>Fabricat folosind tehnologia de turnare prin rota\u021bie: container monobloc \u0219i u\u0219\u0103 (f\u0103r\u0103 muchii ascu\u021bite, \u00eembin\u0103ri \u0219i suduri).<\/p>\n<p>Complet reciclabil la sf\u00e2r\u0219itul duratei de via\u021b\u0103.<\/p>\n\n    <div class=\"xs_social_share_widget xs_share_url after_content \t\tmain_content  wslu-style-1 wslu-share-box-shaped wslu-fill-colored wslu-none wslu-share-horizontal wslu-theme-font-no wslu-main_content\">\n\n\t\t\n        <ul>\n\t\t\t        <\/ul>\n    <\/div>","protected":false},"excerpt":{"rendered":"<p><strong>Container izoterm portabil Cargo 500 catering<\/strong><\/p>\n<p>Categorie: R\u0103cire pasiv\u0103 cu pl\u0103ci eutectice<\/p>\n<p>Conceput special pentru opera\u021biuni de catering \u0219i banchet<\/p>\n<p>Adaptoarele practice din interiorul containerului permit introducerea recipientelor GN de diferite \u00een\u0103l\u021bimi \u0219i a t\u0103vilor GN<\/p>\n<p>Capacitate: 900 litri<\/p>\n<p>Certificat ATP la cerere<\/p>\n<p>Dimensiuni Ext. (mm):\u00a0800x1200x1835h<\/p>\n<p>Dimensiuni Int. (mm): 600x985x1460h<\/p>\n<p>Coeficient transfer termic K = 0.33 W\/m2K<\/p>\n<p>Greutate: 145 kg<\/p>\n<p>Ambalare: 1<\/p>","protected":false},"featured_media":303,"template":"","meta":{"site-sidebar-layout":"default","site-content-layout":"default","ast-site-content-layout":"default","site-content-style":"default","site-sidebar-style":"default","ast-global-header-display":"","ast-banner-title-visibility":"","ast-main-header-display":"","ast-hfb-above-header-display":"","ast-hfb-below-header-display":"","ast-hfb-mobile-header-display":"","site-post-title":"","ast-breadcrumbs-content":"","ast-featured-img":"","footer-sml-layout":"","ast-disable-related-posts":"","theme-transparent-header-meta":"default","adv-header-id-meta":"","stick-header-meta":"","header-above-stick-meta":"","header-main-stick-meta":"","header-below-stick-meta":"","astra-migrate-meta-layouts":"set","ast-page-background-enabled":"default","ast-page-background-meta":{"desktop":{"background-color":"var(--ast-global-color-4)","background-image":"","background-repeat":"repeat","background-position":"center center","background-size":"auto","background-attachment":"scroll","background-type":"","background-media":"","overlay-type":"","overlay-color":"","overlay-opacity":"","overlay-gradient":""},"tablet":{"background-color":"","background-image":"","background-repeat":"repeat","background-position":"center center","background-size":"auto","background-attachment":"scroll","background-type":"","background-media":"","overlay-type":"","overlay-color":"","overlay-opacity":"","overlay-gradient":""},"mobile":{"background-color":"","background-image":"","background-repeat":"repeat","background-position":"center center","background-size":"auto","background-attachment":"scroll","background-type":"","background-media":"","overlay-type":"","overlay-color":"","overlay-opacity":"","overlay-gradient":""}},"ast-content-background-meta":{"desktop":{"background-color":"var(--ast-global-color-5)","background-image":"","background-repeat":"repeat","background-position":"center center","background-size":"auto","background-attachment":"scroll","background-type":"","background-media":"","overlay-type":"","overlay-color":"","overlay-opacity":"","overlay-gradient":""},"tablet":{"background-color":"var(--ast-global-color-5)","background-image":"","background-repeat":"repeat","background-position":"center center","background-size":"auto","background-attachment":"scroll","background-type":"","background-media":"","overlay-type":"","overlay-color":"","overlay-opacity":"","overlay-gradient":""},"mobile":{"background-color":"var(--ast-global-color-5)","background-image":"","background-repeat":"repeat","background-position":"center center","background-size":"auto","background-attachment":"scroll","background-type":"","background-media":"","overlay-type":"","overlay-color":"","overlay-opacity":"","overlay-gradient":""}}},"product_brand":[],"product_cat":[84],"product_tag":[302],"class_list":{"0":"post-2809","1":"product","2":"type-product","3":"status-publish","4":"has-post-thumbnail","6":"product_cat-containere-izoterme-cargo","7":"product_tag-horeca","8":"desktop-align-left","9":"tablet-align-left","10":"mobile-align-left","11":"ast-product-gallery-layout-horizontal-slider","12":"ast-product-gallery-with-no-image","13":"ast-product-tabs-layout-horizontal","15":"first","16":"instock","17":"shipping-taxable","18":"purchasable","19":"product-type-simple"},"_links":{"self":[{"href":"https:\/\/melform.ro\/en\/wp-json\/wp\/v2\/product\/2809","targetHints":{"allow":["GET"]}}],"collection":[{"href":"https:\/\/melform.ro\/en\/wp-json\/wp\/v2\/product"}],"about":[{"href":"https:\/\/melform.ro\/en\/wp-json\/wp\/v2\/types\/product"}],"version-history":[{"count":1,"href":"https:\/\/melform.ro\/en\/wp-json\/wp\/v2\/product\/2809\/revisions"}],"predecessor-version":[{"id":4531,"href":"https:\/\/melform.ro\/en\/wp-json\/wp\/v2\/product\/2809\/revisions\/4531"}],"wp:featuredmedia":[{"embeddable":true,"href":"https:\/\/melform.ro\/en\/wp-json\/wp\/v2\/media\/303"}],"wp:attachment":[{"href":"https:\/\/melform.ro\/en\/wp-json\/wp\/v2\/media?parent=2809"}],"wp:term":[{"taxonomy":"product_brand","embeddable":true,"href":"https:\/\/melform.ro\/en\/wp-json\/wp\/v2\/product_brand?post=2809"},{"taxonomy":"product_cat","embeddable":true,"href":"https:\/\/melform.ro\/en\/wp-json\/wp\/v2\/product_cat?post=2809"},{"taxonomy":"product_tag","embeddable":true,"href":"https:\/\/melform.ro\/en\/wp-json\/wp\/v2\/product_tag?post=2809"}],"curies":[{"name":"wp","href":"https:\/\/api.w.org\/{rel}","templated":true}]}}