{"id":2810,"date":"2023-03-15T16:38:38","date_gmt":"2023-03-15T14:38:38","guid":{"rendered":"https:\/\/melform.dev-diz.com\/?post_type=product&#038;p=2810"},"modified":"2025-09-19T17:10:54","modified_gmt":"2025-09-19T15:10:54","slug":"qc-5-servire-bauturi","status":"publish","type":"product","link":"https:\/\/melform.ro\/en\/produse\/qc-5-servire-bauturi\/","title":{"rendered":"QC 5 Servire B\u0103uturi"},"content":{"rendered":"<p>QC 5 Servire b\u0103uturi<\/p>\n<p>Indicat pentru servirea b\u0103uturilor (ceai, cafea, lapte, suc de fructe, etc.) \u00een timpul micului dejun, a recep\u021biilor \u0219i a evenimentelor \u00een aer liber<\/p>\n<p>Spa\u021biul de sub robinet permite umplerea u\u0219oar\u0103 a c\u0103nilor, paharelor sau a bolurilor cu dimensiuni maxime de:<\/p>\n<p>diametru 120 mm \u0219i \u00een\u0103l\u021bime 115 mm<\/p>\n<p>Robinetul poate fi \u00eenlocuit cu un dop de acoperire, util \u00een timpul transportului alimentelor lichide (bulionuri, supe, etc.)<\/p>\n<p>Rapid \u0219i u\u0219or de umplut, datorit\u0103 deschiderii superioare<\/p>\n<p>Robinet cu distribuitor rapid \u0219i precis<\/p>\n<p>Greutate sc\u0103zut\u0103, u\u0219or de stivuit<\/p>\n<p>Con\u021binut u\u0219or de identificat prin culoarea containerului<\/p>\n<p>Dotat cu patru picioare de sprijin pentru a oferi containerului o stabilitate excelent\u0103 \u00een timpul transportului<\/p>\n<p>Datorit\u0103 caracteristicilor sale izoterme excelente, men\u021bine lichidele la o temperatur\u0103 optim\u0103 de p\u0103strare pentru o lung\u0103 perioad\u0103 de timp<\/p>\n<p>Asigur\u0103 o reten\u021bie de temperatur\u0103 adecvat\u0103, limit\u00e2nd riscul de proliferare bacterian\u0103, p\u0103str\u00e2nd calitatea alimentelor \u0219i caracteristicile organoleptice<\/p>\n<p>Caracteristicile izoterme sunt conforme cu reglement\u0103rile actuale (Regulamentul CE 852\/2004 \u2013HACCP-) \u0219i cu standardele tehnice aplicabile (EN12571 \u0219i Accord AFNOR AC D40-007)<\/p>\n<p>Utilizare \u00een mediul HACCP<\/p>\n<p>Materialele utilizate pentru fabricare sunt conforme pentru contactul cu alimentele pe \u00eentreaga suprafa\u021b\u0103 a recipientului<\/p>\n<p>Designul permite cur\u0103\u021barea \u0219i igienizarea exact\u0103 (Regulamentul CE 852\/2004 &#8211; HACCP-), inclusiv folosirea unei ma\u0219ini de sp\u0103lat vase<\/p>\n<p>Proiectat s\u0103 reziste pentru utiliz\u0103ri multiple<\/p>\n<p>Impactul asupra mediului este decisiv mai mic dec\u00e2t cel al containerelor de unica folosin\u021b\u0103<\/p>\n<p>Complet reciclabil la sf\u00e2r\u0219itul perioadei de utilizare<\/p>\n\n    <div class=\"xs_social_share_widget xs_share_url after_content \t\tmain_content  wslu-style-1 wslu-share-box-shaped wslu-fill-colored wslu-none wslu-share-horizontal wslu-theme-font-no wslu-main_content\">\n\n\t\t\n        <ul>\n\t\t\t        <\/ul>\n    <\/div>","protected":false},"excerpt":{"rendered":"<p>QC 5 Servire b\u0103uturi<\/p>\n<p>Indicat pentru servirea b\u0103uturilor (ceai, cafea, lapte, suc de fructe, etc.) \u00een timpul micului dejun, a recep\u021biilor \u0219i a evenimentelor \u00een aer liber<\/p>\n<p>Capacitate: 4,3 litri<\/p>\n<p>Spa\u021biul de sub robinet permite umplerea u\u0219oar\u0103 a c\u0103nilor, paharelor sau a bolurilor cu dimensiuni maxime de:<\/p>\n<p>diametru 120 mm \u0219i \u00een\u0103l\u021bime 115 mm<\/p>","protected":false},"featured_media":305,"template":"","meta":{"site-sidebar-layout":"default","site-content-layout":"default","ast-site-content-layout":"default","site-content-style":"default","site-sidebar-style":"default","ast-global-header-display":"","ast-banner-title-visibility":"","ast-main-header-display":"","ast-hfb-above-header-display":"","ast-hfb-below-header-display":"","ast-hfb-mobile-header-display":"","site-post-title":"","ast-breadcrumbs-content":"","ast-featured-img":"","footer-sml-layout":"","ast-disable-related-posts":"","theme-transparent-header-meta":"default","adv-header-id-meta":"","stick-header-meta":"","header-above-stick-meta":"","header-main-stick-meta":"","header-below-stick-meta":"","astra-migrate-meta-layouts":"set","ast-page-background-enabled":"default","ast-page-background-meta":{"desktop":{"background-color":"var(--ast-global-color-4)","background-image":"","background-repeat":"repeat","background-position":"center center","background-size":"auto","background-attachment":"scroll","background-type":"","background-media":"","overlay-type":"","overlay-color":"","overlay-opacity":"","overlay-gradient":""},"tablet":{"background-color":"","background-image":"","background-repeat":"repeat","background-position":"center center","background-size":"auto","background-attachment":"scroll","background-type":"","background-media":"","overlay-type":"","overlay-color":"","overlay-opacity":"","overlay-gradient":""},"mobile":{"background-color":"","background-image":"","background-repeat":"repeat","background-position":"center center","background-size":"auto","background-attachment":"scroll","background-type":"","background-media":"","overlay-type":"","overlay-color":"","overlay-opacity":"","overlay-gradient":""}},"ast-content-background-meta":{"desktop":{"background-color":"var(--ast-global-color-5)","background-image":"","background-repeat":"repeat","background-position":"center center","background-size":"auto","background-attachment":"scroll","background-type":"","background-media":"","overlay-type":"","overlay-color":"","overlay-opacity":"","overlay-gradient":""},"tablet":{"background-color":"var(--ast-global-color-5)","background-image":"","background-repeat":"repeat","background-position":"center center","background-size":"auto","background-attachment":"scroll","background-type":"","background-media":"","overlay-type":"","overlay-color":"","overlay-opacity":"","overlay-gradient":""},"mobile":{"background-color":"var(--ast-global-color-5)","background-image":"","background-repeat":"repeat","background-position":"center center","background-size":"auto","background-attachment":"scroll","background-type":"","background-media":"","overlay-type":"","overlay-color":"","overlay-opacity":"","overlay-gradient":""}}},"product_brand":[],"product_cat":[99,136,105],"product_tag":[302],"class_list":{"0":"post-2810","1":"product","2":"type-product","3":"status-publish","4":"has-post-thumbnail","6":"product_cat-containere-horeca","7":"product_cat-qc-transport-si-servire-bauturi","8":"product_cat-thermax-line","9":"product_tag-horeca","10":"desktop-align-left","11":"tablet-align-left","12":"mobile-align-left","13":"ast-product-gallery-layout-horizontal-slider","14":"ast-product-gallery-with-no-image","15":"ast-product-tabs-layout-horizontal","17":"first","18":"instock","19":"shipping-taxable","20":"purchasable","21":"product-type-simple"},"_links":{"self":[{"href":"https:\/\/melform.ro\/en\/wp-json\/wp\/v2\/product\/2810","targetHints":{"allow":["GET"]}}],"collection":[{"href":"https:\/\/melform.ro\/en\/wp-json\/wp\/v2\/product"}],"about":[{"href":"https:\/\/melform.ro\/en\/wp-json\/wp\/v2\/types\/product"}],"version-history":[{"count":2,"href":"https:\/\/melform.ro\/en\/wp-json\/wp\/v2\/product\/2810\/revisions"}],"predecessor-version":[{"id":5213,"href":"https:\/\/melform.ro\/en\/wp-json\/wp\/v2\/product\/2810\/revisions\/5213"}],"wp:featuredmedia":[{"embeddable":true,"href":"https:\/\/melform.ro\/en\/wp-json\/wp\/v2\/media\/305"}],"wp:attachment":[{"href":"https:\/\/melform.ro\/en\/wp-json\/wp\/v2\/media?parent=2810"}],"wp:term":[{"taxonomy":"product_brand","embeddable":true,"href":"https:\/\/melform.ro\/en\/wp-json\/wp\/v2\/product_brand?post=2810"},{"taxonomy":"product_cat","embeddable":true,"href":"https:\/\/melform.ro\/en\/wp-json\/wp\/v2\/product_cat?post=2810"},{"taxonomy":"product_tag","embeddable":true,"href":"https:\/\/melform.ro\/en\/wp-json\/wp\/v2\/product_tag?post=2810"}],"curies":[{"name":"wp","href":"https:\/\/api.w.org\/{rel}","templated":true}]}}