{"id":2812,"date":"2023-03-15T16:38:38","date_gmt":"2023-03-15T14:38:38","guid":{"rendered":"https:\/\/melform.dev-diz.com\/?post_type=product&#038;p=2812"},"modified":"2025-09-19T17:11:08","modified_gmt":"2025-09-19T15:11:08","slug":"qc-25-servire-bauturi","status":"publish","type":"product","link":"https:\/\/melform.ro\/en\/produse\/qc-25-servire-bauturi\/","title":{"rendered":"QC 25 Servire B\u0103uturi"},"content":{"rendered":"<p>QC 25 Servire b\u0103uturi<\/p>\n<p>Extrem de robust \u0219i rezistent, este conceput pentru utiliz\u0103ri foarte intensive (opera\u021biuni militare, tabere de Ap\u0103rare Civil\u0103 etc.).<\/p>\n<p>Potrivit pentru transportul unor cantit\u0103\u021bi mari de lichide<\/p>\n<p>Prev\u0103zut cu 5 m\u00e2nere de transport integrate pentru a permite transportul \u00een pozi\u021bie vertical\u0103 sau orizontal\u0103<\/p>\n<p>Capacul este bine fixat pe corp<\/p>\n<p>U\u0219or de stivuit<\/p>\n<p>Baz\u0103 mare de suport ofer\u0103 o stabilitate excelent\u0103 \u00een timpul transportului<\/p>\n<p>Sistem de \u00eenchidere eficient \u0219i rezistent, cu posibilitatea de a introduce un lac\u0103t de siguran\u021b\u0103 pentru a garanta o mai bun\u0103 siguran\u021b\u0103 alimentar\u0103 \u00een timpul transportului<\/p>\n<p>Robinetul poate fi \u00eenlocuit cu un dop de obturare, util \u00een timpul transportului alimentelor lichide (bulion, supe etc.)<\/p>\n<p>Rapid \u0219i u\u0219or de umplut, datorit\u0103 deschiderii superioare largi<\/p>\n<p>Robinet cu dozator rapid \u0219i precis<\/p>\n<p>Pentru a garanta o igienizare adecvat\u0103, robinetul este u\u0219or de dezasamblat (chiar \u0219i f\u0103r\u0103 unelte)<\/p>\n<p>Robinet \u00eencastrat, pentru o protec\u021bie \u00eembun\u0103t\u0103\u021bit\u0103 \u00een timpul mi\u0219c\u0103rii<\/p>\n<p>Greutate sc\u0103zut\u0103, u\u0219or de stivuit<\/p>\n<p>Con\u021binut u\u0219or de identificat dup\u0103 culoarea recipientului<\/p>\n<p>Disponibil \u0219i \u00een culoarea verde militar<\/p>\n<p>Datorit\u0103 caracteristicilor izoterme excelente, men\u021bine lichidele la o temperatur\u0103 optim\u0103 de p\u0103strare pentru o perioad\u0103 lung\u0103 de timp<\/p>\n<p>Asigur\u0103 o re\u021binere adecvat\u0103 a c\u0103ldurii, limit\u00e2nd riscul prolifer\u0103rii bacteriene, p\u0103str\u00e2nd \u00een acela\u0219i timp calitatea alimentelor \u0219i caracteristicile organoleptice<\/p>\n<p>Caracteristicile izoterme sunt conforme cu reglement\u0103rile \u00een vigoare (Reg. CE 852\/2004 \u2013HACCP-) \u0219i cu standardele tehnice aplicabile (EN12571 \u0219i Accord AFNOR AC D40-007).<\/p>\n<p>Permite operarea corect\u0103 \u00een mediul HACCP<\/p>\n<p>Materialele utilizate pentru fabrica\u021bie sunt potrivite pentru contactul cu alimentele pe toat\u0103 suprafa\u021ba recipientului<\/p>\n<p>Designul recipientului permite cur\u0103\u021barea \u0219i igienizarea precis\u0103 (Reg. CE 852\/2004 \u2013HACCP-) inclusiv utilizarea unei ma\u0219ini de sp\u0103lat vase<\/p>\n<p>Conceput pentru a fi de lung\u0103 durat\u0103: performan\u021ba r\u0103m\u00e2ne practic nealterat\u0103 atunci c\u00e2nd este reutilizat<\/p>\n<p>Complet reciclabil la sf\u00e2r\u0219itul duratei de via\u021b\u0103<\/p>\n\n    <div class=\"xs_social_share_widget xs_share_url after_content \t\tmain_content  wslu-style-1 wslu-share-box-shaped wslu-fill-colored wslu-none wslu-share-horizontal wslu-theme-font-no wslu-main_content\">\n\n\t\t\n        <ul>\n\t\t\t        <\/ul>\n    <\/div>","protected":false},"excerpt":{"rendered":"<p>QC 25 Servire b\u0103uturi<\/p>\n<p>Extrem de robust \u0219i rezistent, este conceput pentru utiliz\u0103ri foarte intensive (opera\u021biuni militare, tabere de Ap\u0103rare Civil\u0103 etc.)<\/p>\n<p>Potrivit pentru transportul unor cantit\u0103\u021bi mari de lichide<\/p>\n<p>Prev\u0103zut cu 5 m\u00e2nere de transport integrate pentru a permite transportul \u00een pozi\u021bie vertical\u0103 sau orizontal<\/p>\n<p>Capacitate: 25 litri<\/p>","protected":false},"featured_media":309,"template":"","meta":{"site-sidebar-layout":"default","site-content-layout":"default","ast-site-content-layout":"default","site-content-style":"default","site-sidebar-style":"default","ast-global-header-display":"","ast-banner-title-visibility":"","ast-main-header-display":"","ast-hfb-above-header-display":"","ast-hfb-below-header-display":"","ast-hfb-mobile-header-display":"","site-post-title":"","ast-breadcrumbs-content":"","ast-featured-img":"","footer-sml-layout":"","ast-disable-related-posts":"","theme-transparent-header-meta":"default","adv-header-id-meta":"","stick-header-meta":"","header-above-stick-meta":"","header-main-stick-meta":"","header-below-stick-meta":"","astra-migrate-meta-layouts":"set","ast-page-background-enabled":"default","ast-page-background-meta":{"desktop":{"background-color":"var(--ast-global-color-4)","background-image":"","background-repeat":"repeat","background-position":"center center","background-size":"auto","background-attachment":"scroll","background-type":"","background-media":"","overlay-type":"","overlay-color":"","overlay-opacity":"","overlay-gradient":""},"tablet":{"background-color":"","background-image":"","background-repeat":"repeat","background-position":"center center","background-size":"auto","background-attachment":"scroll","background-type":"","background-media":"","overlay-type":"","overlay-color":"","overlay-opacity":"","overlay-gradient":""},"mobile":{"background-color":"","background-image":"","background-repeat":"repeat","background-position":"center center","background-size":"auto","background-attachment":"scroll","background-type":"","background-media":"","overlay-type":"","overlay-color":"","overlay-opacity":"","overlay-gradient":""}},"ast-content-background-meta":{"desktop":{"background-color":"var(--ast-global-color-5)","background-image":"","background-repeat":"repeat","background-position":"center center","background-size":"auto","background-attachment":"scroll","background-type":"","background-media":"","overlay-type":"","overlay-color":"","overlay-opacity":"","overlay-gradient":""},"tablet":{"background-color":"var(--ast-global-color-5)","background-image":"","background-repeat":"repeat","background-position":"center center","background-size":"auto","background-attachment":"scroll","background-type":"","background-media":"","overlay-type":"","overlay-color":"","overlay-opacity":"","overlay-gradient":""},"mobile":{"background-color":"var(--ast-global-color-5)","background-image":"","background-repeat":"repeat","background-position":"center center","background-size":"auto","background-attachment":"scroll","background-type":"","background-media":"","overlay-type":"","overlay-color":"","overlay-opacity":"","overlay-gradient":""}}},"product_brand":[],"product_cat":[99,136,105],"product_tag":[302],"class_list":{"0":"post-2812","1":"product","2":"type-product","3":"status-publish","4":"has-post-thumbnail","6":"product_cat-containere-horeca","7":"product_cat-qc-transport-si-servire-bauturi","8":"product_cat-thermax-line","9":"product_tag-horeca","10":"desktop-align-left","11":"tablet-align-left","12":"mobile-align-left","13":"ast-product-gallery-layout-horizontal-slider","14":"ast-product-tabs-layout-horizontal","16":"first","17":"instock","18":"shipping-taxable","19":"purchasable","20":"product-type-simple"},"_links":{"self":[{"href":"https:\/\/melform.ro\/en\/wp-json\/wp\/v2\/product\/2812","targetHints":{"allow":["GET"]}}],"collection":[{"href":"https:\/\/melform.ro\/en\/wp-json\/wp\/v2\/product"}],"about":[{"href":"https:\/\/melform.ro\/en\/wp-json\/wp\/v2\/types\/product"}],"version-history":[{"count":2,"href":"https:\/\/melform.ro\/en\/wp-json\/wp\/v2\/product\/2812\/revisions"}],"predecessor-version":[{"id":5215,"href":"https:\/\/melform.ro\/en\/wp-json\/wp\/v2\/product\/2812\/revisions\/5215"}],"wp:featuredmedia":[{"embeddable":true,"href":"https:\/\/melform.ro\/en\/wp-json\/wp\/v2\/media\/309"}],"wp:attachment":[{"href":"https:\/\/melform.ro\/en\/wp-json\/wp\/v2\/media?parent=2812"}],"wp:term":[{"taxonomy":"product_brand","embeddable":true,"href":"https:\/\/melform.ro\/en\/wp-json\/wp\/v2\/product_brand?post=2812"},{"taxonomy":"product_cat","embeddable":true,"href":"https:\/\/melform.ro\/en\/wp-json\/wp\/v2\/product_cat?post=2812"},{"taxonomy":"product_tag","embeddable":true,"href":"https:\/\/melform.ro\/en\/wp-json\/wp\/v2\/product_tag?post=2812"}],"curies":[{"name":"wp","href":"https:\/\/api.w.org\/{rel}","templated":true}]}}