{"id":2816,"date":"2023-03-15T16:38:38","date_gmt":"2023-03-15T14:38:38","guid":{"rendered":"https:\/\/melform.dev-diz.com\/?post_type=product&#038;p=2816"},"modified":"2025-09-19T17:08:19","modified_gmt":"2025-09-19T15:08:19","slug":"af-7-container-izoterm","status":"publish","type":"product","link":"https:\/\/melform.ro\/en\/produse\/af-7-container-izoterm\/","title":{"rendered":"AF 7 Container Izoterm"},"content":{"rendered":"<p>Container izoterm cu deschidere frontal\u0103 pentru transportul m\u00e2nc\u0103rurilor calde, refrigerate \u0219i congelate<\/p>\n<p>Categorie: R\u0103cire sau \u00eenc\u0103lzire pasiv\u0103 cu pl\u0103ci eutectice<\/p>\n<p>Transport: Cutie termoizolant\u0103 transport produse alimentare calde, refrigerate \u0219i congelate<\/p>\n<p>Caracteristicile izoterme sunt conforme cu reglement\u0103rile \u00een vigoare (Reg. CE 852\/2004 -HACCP-) \u0219i cu standardele tehnice aplicabile (EN 12571 \u0219i Accord AFNOR AC D40-007)<\/p>\n<p>Dimensiuni Ext.* (mm):\u00a0440x640x480h<br \/>\nDimensiuni Int. (mm): 325x540x360h<\/p>\n<p>Capacitate: 63 l<br \/>\nGreutate: 11 kg<br \/>\nAmbalare: 1<\/p>\n<p><strong>Combina\u021bii recipiente GN 1\/1 \u0219i submultiple<\/strong><\/p>\n<p>4 GN 1\/1&#215;65 (h)<br \/>\n2 GN 1\/1&#215;150 (h)<br \/>\n1 GN 1\/1&#215;65 + 2 GN 1\/1 x100 (h)<br \/>\n1 GN 1\/1 x100 + 1 GN 1\/1 x200 (h)<br \/>\n1 plac\u0103 eutectic\u0103 + 1 GN 1\/1 x100 (h) + 1 GN 1\/1 x150 (h)<\/p>\n\n    <div class=\"xs_social_share_widget xs_share_url after_content \t\tmain_content  wslu-style-1 wslu-share-box-shaped wslu-fill-colored wslu-none wslu-share-horizontal wslu-theme-font-no wslu-main_content\">\n\n\t\t\n        <ul>\n\t\t\t        <\/ul>\n    <\/div>","protected":false},"excerpt":{"rendered":"<p><strong> Container izoterm cu deschidere frontal\u0103 pentru transportul m\u00e2nc\u0103rurilor calde, refrigerate \u0219i congelate <\/strong><\/p>\n<p>Categorie: R\u0103cire sau \u00eenc\u0103lzire pasiv\u0103 cu pl\u0103ci eutectice<\/p>\n<p>Transport: produse alimentare calde, refrigerate \u0219i congelate<\/p>\n<p>Caracteristicile izoterme sunt conforme cu reglement\u0103rile \u00een vigoare (Reg. CE 852\/2004 -HACCP-) \u0219i cu standardele tehnice aplicabile (EN 12571 \u0219i Accord AFNOR AC D40-007)<\/p>\n<p>Dimensiuni Ext.* (mm):\u00a0440x640x480h<br \/>\nDimensiuni Int. (mm): 325x540x360h<\/p>\n<p>Capacitate: 63 l<br \/>\nGreutate: 11 kg<br \/>\nAmbalare: 1<\/p>\n<p><strong>Combina\u021bii recipiente GN 1\/1 \u0219i submultiple<\/strong><\/p>\n<p>4 GN 1\/1&#215;65 (h)<br \/>\n2 GN 1\/1&#215;150 (h)<br \/>\n1 GN 1\/1&#215;65 (h) + 2 GN 1\/1 x100 (h)<br \/>\n1 GN 1\/1 x100 (h) + 1 GN 1\/1 x200 (h)<br \/>\n1 plac\u0103 eutectic\u0103 + 1 GN 1\/1 x100 (h) + 1 GN 1\/1 x150 (h)<\/p>","protected":false},"featured_media":320,"template":"","meta":{"site-sidebar-layout":"default","site-content-layout":"default","ast-site-content-layout":"default","site-content-style":"default","site-sidebar-style":"default","ast-global-header-display":"","ast-banner-title-visibility":"","ast-main-header-display":"","ast-hfb-above-header-display":"","ast-hfb-below-header-display":"","ast-hfb-mobile-header-display":"","site-post-title":"","ast-breadcrumbs-content":"","ast-featured-img":"","footer-sml-layout":"","ast-disable-related-posts":"","theme-transparent-header-meta":"default","adv-header-id-meta":"","stick-header-meta":"","header-above-stick-meta":"","header-main-stick-meta":"","header-below-stick-meta":"","astra-migrate-meta-layouts":"set","ast-page-background-enabled":"default","ast-page-background-meta":{"desktop":{"background-color":"var(--ast-global-color-4)","background-image":"","background-repeat":"repeat","background-position":"center center","background-size":"auto","background-attachment":"scroll","background-type":"","background-media":"","overlay-type":"","overlay-color":"","overlay-opacity":"","overlay-gradient":""},"tablet":{"background-color":"","background-image":"","background-repeat":"repeat","background-position":"center center","background-size":"auto","background-attachment":"scroll","background-type":"","background-media":"","overlay-type":"","overlay-color":"","overlay-opacity":"","overlay-gradient":""},"mobile":{"background-color":"","background-image":"","background-repeat":"repeat","background-position":"center center","background-size":"auto","background-attachment":"scroll","background-type":"","background-media":"","overlay-type":"","overlay-color":"","overlay-opacity":"","overlay-gradient":""}},"ast-content-background-meta":{"desktop":{"background-color":"var(--ast-global-color-5)","background-image":"","background-repeat":"repeat","background-position":"center center","background-size":"auto","background-attachment":"scroll","background-type":"","background-media":"","overlay-type":"","overlay-color":"","overlay-opacity":"","overlay-gradient":""},"tablet":{"background-color":"var(--ast-global-color-5)","background-image":"","background-repeat":"repeat","background-position":"center center","background-size":"auto","background-attachment":"scroll","background-type":"","background-media":"","overlay-type":"","overlay-color":"","overlay-opacity":"","overlay-gradient":""},"mobile":{"background-color":"var(--ast-global-color-5)","background-image":"","background-repeat":"repeat","background-position":"center center","background-size":"auto","background-attachment":"scroll","background-type":"","background-media":"","overlay-type":"","overlay-color":"","overlay-opacity":"","overlay-gradient":""}}},"product_brand":[],"product_cat":[106,99,105],"product_tag":[302,303],"class_list":{"0":"post-2816","1":"product","2":"type-product","3":"status-publish","4":"has-post-thumbnail","6":"product_cat-af-containere-izoterme-cu-deschidere-frontala","7":"product_cat-containere-horeca","8":"product_cat-thermax-line","9":"product_tag-horeca","10":"product_tag-last-mile","11":"desktop-align-left","12":"tablet-align-left","13":"mobile-align-left","14":"ast-product-gallery-layout-horizontal-slider","15":"ast-product-single-variable","16":"ast-product-tabs-layout-horizontal","18":"first","19":"instock","20":"shipping-taxable","21":"purchasable","22":"product-type-variable"},"_links":{"self":[{"href":"https:\/\/melform.ro\/en\/wp-json\/wp\/v2\/product\/2816","targetHints":{"allow":["GET"]}}],"collection":[{"href":"https:\/\/melform.ro\/en\/wp-json\/wp\/v2\/product"}],"about":[{"href":"https:\/\/melform.ro\/en\/wp-json\/wp\/v2\/types\/product"}],"version-history":[{"count":2,"href":"https:\/\/melform.ro\/en\/wp-json\/wp\/v2\/product\/2816\/revisions"}],"predecessor-version":[{"id":5204,"href":"https:\/\/melform.ro\/en\/wp-json\/wp\/v2\/product\/2816\/revisions\/5204"}],"wp:featuredmedia":[{"embeddable":true,"href":"https:\/\/melform.ro\/en\/wp-json\/wp\/v2\/media\/320"}],"wp:attachment":[{"href":"https:\/\/melform.ro\/en\/wp-json\/wp\/v2\/media?parent=2816"}],"wp:term":[{"taxonomy":"product_brand","embeddable":true,"href":"https:\/\/melform.ro\/en\/wp-json\/wp\/v2\/product_brand?post=2816"},{"taxonomy":"product_cat","embeddable":true,"href":"https:\/\/melform.ro\/en\/wp-json\/wp\/v2\/product_cat?post=2816"},{"taxonomy":"product_tag","embeddable":true,"href":"https:\/\/melform.ro\/en\/wp-json\/wp\/v2\/product_tag?post=2816"}],"curies":[{"name":"wp","href":"https:\/\/api.w.org\/{rel}","templated":true}]}}