{"id":2818,"date":"2023-03-15T16:38:39","date_gmt":"2023-03-15T14:38:39","guid":{"rendered":"https:\/\/melform.dev-diz.com\/?post_type=product&#038;p=2818"},"modified":"2025-09-19T17:09:17","modified_gmt":"2025-09-19T15:09:17","slug":"al-200-container-izoterm","status":"publish","type":"product","link":"https:\/\/melform.ro\/en\/produse\/al-200-container-izoterm\/","title":{"rendered":"AL 200 Container Izoterm"},"content":{"rendered":"<p>Container izoterm AL 200 &#8211; deschidere lateral\u0103<\/p>\n<p>Datorit\u0103 caracteristicilor izoterme excelente, men\u021bine mesele la temperatura optim\u0103 de depozitare pentru o perioad\u0103 lung\u0103 de timp<\/p>\n<p>Asigur\u0103 o re\u021binere adecvat\u0103 a c\u0103ldurii, limit\u00e2nd riscul prolifer\u0103rii bacteriene, p\u0103str\u00e2nd \u00een acela\u0219i timp calitatea alimentelor \u0219i caracteristicile organoleptice<\/p>\n<p>Dimensiuni Ext.* (mm):\u00a0460x640x380h<br \/>\nDimensiuni Int. (mm): 330x545x245h<\/p>\n<p>Capacitate: 48 l<br \/>\nGreutate: 10 kg<br \/>\nAmbalare: 1<\/p>\n<p>Combina\u021bii GN 1\/1 \u0219i submultipli<\/p>\n<p>2 GN 1\/1 x100 (h) + 1 plac\u0103 eutectic\u0103<\/p>\n<p>1 GN 1\/1 x200 (h) + 1 plac\u0103 eutectic\u0103<\/p>\n\n    <div class=\"xs_social_share_widget xs_share_url after_content \t\tmain_content  wslu-style-1 wslu-share-box-shaped wslu-fill-colored wslu-none wslu-share-horizontal wslu-theme-font-no wslu-main_content\">\n\n\t\t\n        <ul>\n\t\t\t        <\/ul>\n    <\/div>","protected":false},"excerpt":{"rendered":"<p><strong>Container izoterm AL 200 &#8211; deschidere lateral\u0103<\/strong><\/p>\n<p>Datorit\u0103 caracteristicilor izoterme excelente, men\u021bine mesele la temperatura optim\u0103 de depozitare pentru o perioad\u0103 lung\u0103 de timp<\/p>\n<p>Asigur\u0103 o re\u021binere adecvat\u0103 a c\u0103ldurii, limit\u00e2nd riscul prolifer\u0103rii bacteriene, p\u0103str\u00e2nd \u00een acela\u0219i timp calitatea alimentelor \u0219i caracteristicile organoleptice<\/p>\n<p>Combina\u021bii GN 1\/1 \u0219i submultiple<\/p>\n<p>2 GN 1\/1 x100 (h) + 1 plac\u0103 eutectic\u0103<\/p>\n<p>1 GN 1\/1 x200 (h) + 1 plac\u0103 eutectic\u0103<\/p>","protected":false},"featured_media":327,"template":"","meta":{"site-sidebar-layout":"default","site-content-layout":"default","ast-site-content-layout":"default","site-content-style":"default","site-sidebar-style":"default","ast-global-header-display":"","ast-banner-title-visibility":"","ast-main-header-display":"","ast-hfb-above-header-display":"","ast-hfb-below-header-display":"","ast-hfb-mobile-header-display":"","site-post-title":"","ast-breadcrumbs-content":"","ast-featured-img":"","footer-sml-layout":"","ast-disable-related-posts":"","theme-transparent-header-meta":"default","adv-header-id-meta":"","stick-header-meta":"","header-above-stick-meta":"","header-main-stick-meta":"","header-below-stick-meta":"","astra-migrate-meta-layouts":"set","ast-page-background-enabled":"default","ast-page-background-meta":{"desktop":{"background-color":"var(--ast-global-color-4)","background-image":"","background-repeat":"repeat","background-position":"center center","background-size":"auto","background-attachment":"scroll","background-type":"","background-media":"","overlay-type":"","overlay-color":"","overlay-opacity":"","overlay-gradient":""},"tablet":{"background-color":"","background-image":"","background-repeat":"repeat","background-position":"center center","background-size":"auto","background-attachment":"scroll","background-type":"","background-media":"","overlay-type":"","overlay-color":"","overlay-opacity":"","overlay-gradient":""},"mobile":{"background-color":"","background-image":"","background-repeat":"repeat","background-position":"center center","background-size":"auto","background-attachment":"scroll","background-type":"","background-media":"","overlay-type":"","overlay-color":"","overlay-opacity":"","overlay-gradient":""}},"ast-content-background-meta":{"desktop":{"background-color":"var(--ast-global-color-5)","background-image":"","background-repeat":"repeat","background-position":"center center","background-size":"auto","background-attachment":"scroll","background-type":"","background-media":"","overlay-type":"","overlay-color":"","overlay-opacity":"","overlay-gradient":""},"tablet":{"background-color":"var(--ast-global-color-5)","background-image":"","background-repeat":"repeat","background-position":"center center","background-size":"auto","background-attachment":"scroll","background-type":"","background-media":"","overlay-type":"","overlay-color":"","overlay-opacity":"","overlay-gradient":""},"mobile":{"background-color":"var(--ast-global-color-5)","background-image":"","background-repeat":"repeat","background-position":"center center","background-size":"auto","background-attachment":"scroll","background-type":"","background-media":"","overlay-type":"","overlay-color":"","overlay-opacity":"","overlay-gradient":""}}},"product_brand":[],"product_cat":[166,99,105],"product_tag":[302],"class_list":{"0":"post-2818","1":"product","2":"type-product","3":"status-publish","4":"has-post-thumbnail","6":"product_cat-al-containere-izoterme-cu-deschidere-laterala","7":"product_cat-containere-horeca","8":"product_cat-thermax-line","9":"product_tag-horeca","10":"desktop-align-left","11":"tablet-align-left","12":"mobile-align-left","13":"ast-product-gallery-layout-horizontal-slider","14":"ast-product-single-variable","15":"ast-product-tabs-layout-horizontal","17":"first","18":"instock","19":"shipping-taxable","20":"purchasable","21":"product-type-variable"},"_links":{"self":[{"href":"https:\/\/melform.ro\/en\/wp-json\/wp\/v2\/product\/2818","targetHints":{"allow":["GET"]}}],"collection":[{"href":"https:\/\/melform.ro\/en\/wp-json\/wp\/v2\/product"}],"about":[{"href":"https:\/\/melform.ro\/en\/wp-json\/wp\/v2\/types\/product"}],"version-history":[{"count":2,"href":"https:\/\/melform.ro\/en\/wp-json\/wp\/v2\/product\/2818\/revisions"}],"predecessor-version":[{"id":5206,"href":"https:\/\/melform.ro\/en\/wp-json\/wp\/v2\/product\/2818\/revisions\/5206"}],"wp:featuredmedia":[{"embeddable":true,"href":"https:\/\/melform.ro\/en\/wp-json\/wp\/v2\/media\/327"}],"wp:attachment":[{"href":"https:\/\/melform.ro\/en\/wp-json\/wp\/v2\/media?parent=2818"}],"wp:term":[{"taxonomy":"product_brand","embeddable":true,"href":"https:\/\/melform.ro\/en\/wp-json\/wp\/v2\/product_brand?post=2818"},{"taxonomy":"product_cat","embeddable":true,"href":"https:\/\/melform.ro\/en\/wp-json\/wp\/v2\/product_cat?post=2818"},{"taxonomy":"product_tag","embeddable":true,"href":"https:\/\/melform.ro\/en\/wp-json\/wp\/v2\/product_tag?post=2818"}],"curies":[{"name":"wp","href":"https:\/\/api.w.org\/{rel}","templated":true}]}}