{"id":2851,"date":"2023-03-15T16:38:47","date_gmt":"2023-03-15T14:38:47","guid":{"rendered":"https:\/\/melform.dev-diz.com\/?post_type=product&#038;p=2851"},"modified":"2025-09-19T17:10:45","modified_gmt":"2025-09-19T15:10:45","slug":"gn-18-18-cutie-termoizolanta","status":"publish","type":"product","link":"https:\/\/melform.ro\/en\/produse\/gn-18-18-cutie-termoizolanta\/","title":{"rendered":"GN 18\/18 Cutie Termoizolant\u0103"},"content":{"rendered":"<p>Container izoterm AS GN 18\/18<\/p>\n<p>Gestionare excelent\u0103 a \u00eenc\u0103rc\u0103turii<\/p>\n<p>Se stivuie\u0219te \u0219i se transfer\u0103 u\u0219or, datorit\u0103 c\u0103ruciorului Maxidolly<\/p>\n<p>Asigur\u0103 o re\u021binere adecvat\u0103 a temperaturii, limit\u00e2nd riscul prolifer\u0103rii bacteriene, p\u0103str\u00e2nd \u00een acela\u0219i timp calitatea alimentelor \u0219i caracteristicile organoleptice<\/p>\n<p>Dimensiuni Ext.* (mm):\u00a0460x640x380h<\/p>\n<p>Dimensiuni Int. (mm): 365x545x245h<\/p>\n<p>Capacitate: 49 l<\/p>\n<p>Greutate: 9,5 kg<\/p>\n<p>Ambalare: 1<\/p>\n<p>Combina\u021bii GN 1\/1 \u0219i submultipli &#8211; Vezi fi\u0219a tehnic\u0103 pentru mai multe detalii<\/p>\n\n    <div class=\"xs_social_share_widget xs_share_url after_content \t\tmain_content  wslu-style-1 wslu-share-box-shaped wslu-fill-colored wslu-none wslu-share-horizontal wslu-theme-font-no wslu-main_content\">\n\n\t\t\n        <ul>\n\t\t\t        <\/ul>\n    <\/div>","protected":false},"excerpt":{"rendered":"<p><strong>Container izoterm AS GN 18\/18<\/strong><\/p>\n<p>Gestionare excelent\u0103 a \u00eenc\u0103rc\u0103turii<\/p>\n<p>Se stivuie\u0219te \u0219i se transfer\u0103 u\u0219or, datorit\u0103 c\u0103ruciorului Maxidolly<\/p>\n<p>Asigur\u0103 o re\u021binere adecvat\u0103 a temperaturii, limit\u00e2nd riscul prolifer\u0103rii bacteriene, p\u0103str\u00e2nd \u00een acela\u0219i timp calitatea alimentelor \u0219i caracteristicile organoleptice<\/p>\n<p>Dimensiuni Ext.* (mm):\u00a0460x640x380h<\/p>\n<p>Dimensiuni Int. (mm): 365x545x245h<\/p>\n<p>Capacitate: 49 l<\/p>\n<p>Greutate: 9,5 kg<\/p>\n<p>Ambalare: 1<\/p>\n<p>Combina\u021bii GN 1\/1 \u0219i submultipli &#8211; Vezi fi\u0219a tehnic\u0103 pentru mai multe detalii<\/p>","protected":false},"featured_media":332,"template":"","meta":{"site-sidebar-layout":"default","site-content-layout":"default","ast-site-content-layout":"default","site-content-style":"default","site-sidebar-style":"default","ast-global-header-display":"","ast-banner-title-visibility":"","ast-main-header-display":"","ast-hfb-above-header-display":"","ast-hfb-below-header-display":"","ast-hfb-mobile-header-display":"","site-post-title":"","ast-breadcrumbs-content":"","ast-featured-img":"","footer-sml-layout":"","ast-disable-related-posts":"","theme-transparent-header-meta":"default","adv-header-id-meta":"","stick-header-meta":"","header-above-stick-meta":"","header-main-stick-meta":"","header-below-stick-meta":"","astra-migrate-meta-layouts":"set","ast-page-background-enabled":"default","ast-page-background-meta":{"desktop":{"background-color":"var(--ast-global-color-4)","background-image":"","background-repeat":"repeat","background-position":"center center","background-size":"auto","background-attachment":"scroll","background-type":"","background-media":"","overlay-type":"","overlay-color":"","overlay-opacity":"","overlay-gradient":""},"tablet":{"background-color":"","background-image":"","background-repeat":"repeat","background-position":"center center","background-size":"auto","background-attachment":"scroll","background-type":"","background-media":"","overlay-type":"","overlay-color":"","overlay-opacity":"","overlay-gradient":""},"mobile":{"background-color":"","background-image":"","background-repeat":"repeat","background-position":"center center","background-size":"auto","background-attachment":"scroll","background-type":"","background-media":"","overlay-type":"","overlay-color":"","overlay-opacity":"","overlay-gradient":""}},"ast-content-background-meta":{"desktop":{"background-color":"var(--ast-global-color-5)","background-image":"","background-repeat":"repeat","background-position":"center center","background-size":"auto","background-attachment":"scroll","background-type":"","background-media":"","overlay-type":"","overlay-color":"","overlay-opacity":"","overlay-gradient":""},"tablet":{"background-color":"var(--ast-global-color-5)","background-image":"","background-repeat":"repeat","background-position":"center center","background-size":"auto","background-attachment":"scroll","background-type":"","background-media":"","overlay-type":"","overlay-color":"","overlay-opacity":"","overlay-gradient":""},"mobile":{"background-color":"var(--ast-global-color-5)","background-image":"","background-repeat":"repeat","background-position":"center center","background-size":"auto","background-attachment":"scroll","background-type":"","background-media":"","overlay-type":"","overlay-color":"","overlay-opacity":"","overlay-gradient":""}}},"product_brand":[],"product_cat":[167,99,105],"product_tag":[302],"class_list":{"0":"post-2851","1":"product","2":"type-product","3":"status-publish","4":"has-post-thumbnail","6":"product_cat-ap-containere-izoterme-cu-deschidere-superioara","7":"product_cat-containere-horeca","8":"product_cat-thermax-line","9":"product_tag-horeca","10":"desktop-align-left","11":"tablet-align-left","12":"mobile-align-left","13":"ast-product-gallery-layout-horizontal-slider","14":"ast-product-single-variable","15":"ast-product-tabs-layout-horizontal","17":"first","18":"instock","19":"shipping-taxable","20":"purchasable","21":"product-type-variable"},"_links":{"self":[{"href":"https:\/\/melform.ro\/en\/wp-json\/wp\/v2\/product\/2851","targetHints":{"allow":["GET"]}}],"collection":[{"href":"https:\/\/melform.ro\/en\/wp-json\/wp\/v2\/product"}],"about":[{"href":"https:\/\/melform.ro\/en\/wp-json\/wp\/v2\/types\/product"}],"version-history":[{"count":3,"href":"https:\/\/melform.ro\/en\/wp-json\/wp\/v2\/product\/2851\/revisions"}],"predecessor-version":[{"id":5212,"href":"https:\/\/melform.ro\/en\/wp-json\/wp\/v2\/product\/2851\/revisions\/5212"}],"wp:featuredmedia":[{"embeddable":true,"href":"https:\/\/melform.ro\/en\/wp-json\/wp\/v2\/media\/332"}],"wp:attachment":[{"href":"https:\/\/melform.ro\/en\/wp-json\/wp\/v2\/media?parent=2851"}],"wp:term":[{"taxonomy":"product_brand","embeddable":true,"href":"https:\/\/melform.ro\/en\/wp-json\/wp\/v2\/product_brand?post=2851"},{"taxonomy":"product_cat","embeddable":true,"href":"https:\/\/melform.ro\/en\/wp-json\/wp\/v2\/product_cat?post=2851"},{"taxonomy":"product_tag","embeddable":true,"href":"https:\/\/melform.ro\/en\/wp-json\/wp\/v2\/product_tag?post=2851"}],"curies":[{"name":"wp","href":"https:\/\/api.w.org\/{rel}","templated":true}]}}