{"id":2862,"date":"2023-03-15T16:38:49","date_gmt":"2023-03-15T14:38:49","guid":{"rendered":"https:\/\/melform.dev-diz.com\/?post_type=product&#038;p=2862"},"modified":"2025-09-19T17:01:20","modified_gmt":"2025-09-19T15:01:20","slug":"dricy-65","status":"publish","type":"product","link":"https:\/\/melform.ro\/en\/produse\/dricy-65\/","title":{"rendered":"DrIcy 65"},"content":{"rendered":"<p>Container izoterm pentru transport \u0219i livrare ghea\u021b\u0103 carbonic\u0103<\/p>\n<p>Deschidere superioar\u0103 util\u0103 pentru a optimiza \u00eenc\u0103rcarea<\/p>\n<p>\u00cenchidere reglabil\u0103 din INOX<\/p>\n<p>Capacitate: 50 kg ghea\u021b\u0103 carbonic\u0103 \u00een pele\u021bi de 3 mm, 40 kg \u00een pele\u021bi de 10 mm \u0219i 35 kg \u00een pele\u021bi de 16 mm<\/p>\n<p>Ideal pentru livr\u0103rile de ghea\u021b\u0103 carbonic\u0103 \u00een aplica\u021bii precum distribu\u021bia de alimente proaspete\/congelate pentru comer\u021bul electronic (e-commerce), livrarea la domiciliu, logistic\u0103 urban\u0103 last mile, recoltarea strugurilor \u0219i controlul temperaturii \u00een procesele alimentare<\/p>\n<p>Perfect stivuibil, datorit\u0103 loca\u0219urilor speciale de pe capac<\/p>\n<p>Dimensiunile reduse permit transportul cu vehicule tradi\u021bionale mici \u0219i mijlocii<\/p>\n<p>Fabricat utiliz\u00e2nd tehnologia de turnare rota\u021bional\u0103: recipient monobloc \u0219i u\u0219\u0103 (f\u0103r\u0103 margini, \u00eembin\u0103ri \u0219i suduri)<\/p>\n<p>Reutilizabil \u0219i complet reciclabil la sf\u00e2r\u0219itul perioadei de utilizare<\/p>\n<p>U\u0219or de sp\u0103lat \u0219i igienizat<\/p>\n<p>Containerele Dricy sunt potrivite pentru a p\u0103stra ghea\u021ba carbonic\u0103 la o temperatur\u0103 de -78,5 \u00b0C<\/p>\n<p>Orice material plastic este predispus la deteriorare atunci c\u00e2nd este supus unor temperaturi extrem de sc\u0103zute, astfel \u00eenc\u00e2t se recomand\u0103 a se evita utilizarea obiectelor metalice pentru a \u00eendep\u0103rta orice reziduu de ghea\u021b\u0103 carbonic\u0103 care ar putea r\u0103m\u00e2ne pe fundul containerului<\/p>\n\n    <div class=\"xs_social_share_widget xs_share_url after_content \t\tmain_content  wslu-style-1 wslu-share-box-shaped wslu-fill-colored wslu-none wslu-share-horizontal wslu-theme-font-no wslu-main_content\">\n\n\t\t\n        <ul>\n\t\t\t        <\/ul>\n    <\/div>","protected":false},"excerpt":{"rendered":"<p><strong>Container izoterm pentru transport \u0219i livrare ghea\u021b\u0103 carbonic\u0103 Dricy 65<\/strong><\/p>\n<p>Categorie: ghea\u021b\u0103 carbonic\u0103, ghea\u021b\u0103 uscat\u0103<\/p>\n<p>Transport: ghea\u021b\u0103 carbonic\u0103 \u00een pele\u021bi de 3mm, 10mm, 16mm<\/p>\n<p>Deschidere superioar\u0103, util\u0103 pentru a optimiza \u00eenc\u0103rcarea<\/p>\n<p>Capacitate:<\/p>\n<p>50 kg de gheat\u0103 carbonic\u0103 \u00een pele\u021bi de 3 mm<\/p>\n<p>40 kg de gheat\u0103 carbonic\u0103 \u00een pele\u021bi de 10 mm<\/p>\n<p>35 kg de gheat\u0103 carbonic\u0103 \u00een pele\u021bi de 16 mm<\/p>\n<p>Dimensiuni Ext. (mm):\u00a0860x535x465h<br \/>\nDimensiuni Int. (mm): 676x350x275h<\/p>\n<p>Coeficient transfer termic K = 0.29 W\/m2K<\/p>\n<p>Capacitate: 65 l<br \/>\nGreutate: 20 kg<br \/>\nAmbalare: 1<\/p>","protected":false},"featured_media":372,"template":"","meta":{"site-sidebar-layout":"default","site-content-layout":"default","ast-site-content-layout":"default","site-content-style":"default","site-sidebar-style":"default","ast-global-header-display":"","ast-banner-title-visibility":"","ast-main-header-display":"","ast-hfb-above-header-display":"","ast-hfb-below-header-display":"","ast-hfb-mobile-header-display":"","site-post-title":"","ast-breadcrumbs-content":"","ast-featured-img":"","footer-sml-layout":"","ast-disable-related-posts":"","theme-transparent-header-meta":"default","adv-header-id-meta":"","stick-header-meta":"","header-above-stick-meta":"","header-main-stick-meta":"","header-below-stick-meta":"","astra-migrate-meta-layouts":"set","ast-page-background-enabled":"default","ast-page-background-meta":{"desktop":{"background-color":"var(--ast-global-color-4)","background-image":"","background-repeat":"repeat","background-position":"center center","background-size":"auto","background-attachment":"scroll","background-type":"","background-media":"","overlay-type":"","overlay-color":"","overlay-opacity":"","overlay-gradient":""},"tablet":{"background-color":"","background-image":"","background-repeat":"repeat","background-position":"center center","background-size":"auto","background-attachment":"scroll","background-type":"","background-media":"","overlay-type":"","overlay-color":"","overlay-opacity":"","overlay-gradient":""},"mobile":{"background-color":"","background-image":"","background-repeat":"repeat","background-position":"center center","background-size":"auto","background-attachment":"scroll","background-type":"","background-media":"","overlay-type":"","overlay-color":"","overlay-opacity":"","overlay-gradient":""}},"ast-content-background-meta":{"desktop":{"background-color":"var(--ast-global-color-5)","background-image":"","background-repeat":"repeat","background-position":"center center","background-size":"auto","background-attachment":"scroll","background-type":"","background-media":"","overlay-type":"","overlay-color":"","overlay-opacity":"","overlay-gradient":""},"tablet":{"background-color":"var(--ast-global-color-5)","background-image":"","background-repeat":"repeat","background-position":"center center","background-size":"auto","background-attachment":"scroll","background-type":"","background-media":"","overlay-type":"","overlay-color":"","overlay-opacity":"","overlay-gradient":""},"mobile":{"background-color":"var(--ast-global-color-5)","background-image":"","background-repeat":"repeat","background-position":"center center","background-size":"auto","background-attachment":"scroll","background-type":"","background-media":"","overlay-type":"","overlay-color":"","overlay-opacity":"","overlay-gradient":""}}},"product_brand":[],"product_cat":[218],"product_tag":[304],"class_list":{"0":"post-2862","1":"product","2":"type-product","3":"status-publish","4":"has-post-thumbnail","6":"product_cat-containere-gheata-carbonica-dricy","7":"product_tag-gheata-carbonica","8":"desktop-align-left","9":"tablet-align-left","10":"mobile-align-left","11":"ast-product-gallery-layout-horizontal-slider","12":"ast-product-tabs-layout-horizontal","14":"first","15":"instock","16":"shipping-taxable","17":"purchasable","18":"product-type-simple"},"_links":{"self":[{"href":"https:\/\/melform.ro\/en\/wp-json\/wp\/v2\/product\/2862","targetHints":{"allow":["GET"]}}],"collection":[{"href":"https:\/\/melform.ro\/en\/wp-json\/wp\/v2\/product"}],"about":[{"href":"https:\/\/melform.ro\/en\/wp-json\/wp\/v2\/types\/product"}],"version-history":[{"count":1,"href":"https:\/\/melform.ro\/en\/wp-json\/wp\/v2\/product\/2862\/revisions"}],"predecessor-version":[{"id":4836,"href":"https:\/\/melform.ro\/en\/wp-json\/wp\/v2\/product\/2862\/revisions\/4836"}],"wp:featuredmedia":[{"embeddable":true,"href":"https:\/\/melform.ro\/en\/wp-json\/wp\/v2\/media\/372"}],"wp:attachment":[{"href":"https:\/\/melform.ro\/en\/wp-json\/wp\/v2\/media?parent=2862"}],"wp:term":[{"taxonomy":"product_brand","embeddable":true,"href":"https:\/\/melform.ro\/en\/wp-json\/wp\/v2\/product_brand?post=2862"},{"taxonomy":"product_cat","embeddable":true,"href":"https:\/\/melform.ro\/en\/wp-json\/wp\/v2\/product_cat?post=2862"},{"taxonomy":"product_tag","embeddable":true,"href":"https:\/\/melform.ro\/en\/wp-json\/wp\/v2\/product_tag?post=2862"}],"curies":[{"name":"wp","href":"https:\/\/api.w.org\/{rel}","templated":true}]}}