{"id":3317,"date":"2023-03-18T10:27:53","date_gmt":"2023-03-18T08:27:53","guid":{"rendered":"https:\/\/melform.dev-diz.com\/?post_type=product&#038;p=3317"},"modified":"2025-07-11T18:09:32","modified_gmt":"2025-07-11T16:09:32","slug":"placi-eutectice-maillon","status":"publish","type":"product","link":"https:\/\/melform.ro\/en\/produse\/placi-eutectice-maillon\/","title":{"rendered":"Pl\u0103ci eutectice Maillon"},"content":{"rendered":"<p>Pl\u0103ci eutectice pentru containerul Maillon<\/p>\n<p>Pl\u0103cile eutectice sunt acumulatori de energie termic\u0103, pe care o elibereaz\u0103 \u00een timpul transportului, f\u0103c\u00e2nd astfel posibil\u0103 prelungirea duratei de men\u021binere a temperaturii produselor perisabile.<\/p>\n<p>Tehnologia \u0219i designul exclusiv MELFORM garanteaz\u0103 un produs robust, u\u0219or de manevrat \u0219i ecologic, datorit\u0103 lichidului interior non-toxic \u0219i a carcasei exterioare complet reciclabile.<\/p>\n\n    <div class=\"xs_social_share_widget xs_share_url after_content \t\tmain_content  wslu-style-1 wslu-share-box-shaped wslu-fill-colored wslu-none wslu-share-horizontal wslu-theme-font-no wslu-main_content\">\n\n\t\t\n        <ul>\n\t\t\t        <\/ul>\n    <\/div>","protected":false},"excerpt":{"rendered":"<p><strong>Pl\u0103ci eutectice pentru containerul Maillon<\/strong><\/p>\n<p>Pl\u0103cile eutectice sunt acumulatori de energie termic\u0103, pe care o elibereaz\u0103 \u00een timpul transportului, f\u0103c\u00e2nd astfel posibil\u0103 prelungirea duratei de men\u021binere a temperaturii produselor perisabile.<\/p>\n<p>Tehnologia \u0219i designul exclusiv MELFORM garanteaz\u0103 un produs robust, u\u0219or de manevrat \u0219i ecologic, datorit\u0103 lichidului interior non-toxic \u0219i a carcasei exterioare complet reciclabile.<\/p>\n<p>Gam\u0103 de temperaturi:<\/p>\n<p>Refrigerare: +3 \u2103 | Extra Refrigerare: -12 \u2103<\/p>\n<p>Congelare: -21 \u2103 | Extra Congelare: -21 \u2103<\/p>\n<p>Separator Termoizolant<\/p>","protected":false},"featured_media":3324,"template":"","meta":{"site-sidebar-layout":"default","site-content-layout":"default","ast-site-content-layout":"default","site-content-style":"default","site-sidebar-style":"default","ast-global-header-display":"","ast-banner-title-visibility":"","ast-main-header-display":"","ast-hfb-above-header-display":"","ast-hfb-below-header-display":"","ast-hfb-mobile-header-display":"","site-post-title":"","ast-breadcrumbs-content":"","ast-featured-img":"","footer-sml-layout":"","ast-disable-related-posts":"","theme-transparent-header-meta":"default","adv-header-id-meta":"","stick-header-meta":"","header-above-stick-meta":"","header-main-stick-meta":"","header-below-stick-meta":"","astra-migrate-meta-layouts":"default","ast-page-background-enabled":"default","ast-page-background-meta":{"desktop":{"background-color":"var(--ast-global-color-4)","background-image":"","background-repeat":"repeat","background-position":"center center","background-size":"auto","background-attachment":"scroll","background-type":"","background-media":"","overlay-type":"","overlay-color":"","overlay-opacity":"","overlay-gradient":""},"tablet":{"background-color":"","background-image":"","background-repeat":"repeat","background-position":"center center","background-size":"auto","background-attachment":"scroll","background-type":"","background-media":"","overlay-type":"","overlay-color":"","overlay-opacity":"","overlay-gradient":""},"mobile":{"background-color":"","background-image":"","background-repeat":"repeat","background-position":"center center","background-size":"auto","background-attachment":"scroll","background-type":"","background-media":"","overlay-type":"","overlay-color":"","overlay-opacity":"","overlay-gradient":""}},"ast-content-background-meta":{"desktop":{"background-color":"var(--ast-global-color-5)","background-image":"","background-repeat":"repeat","background-position":"center center","background-size":"auto","background-attachment":"scroll","background-type":"","background-media":"","overlay-type":"","overlay-color":"","overlay-opacity":"","overlay-gradient":""},"tablet":{"background-color":"var(--ast-global-color-5)","background-image":"","background-repeat":"repeat","background-position":"center center","background-size":"auto","background-attachment":"scroll","background-type":"","background-media":"","overlay-type":"","overlay-color":"","overlay-opacity":"","overlay-gradient":""},"mobile":{"background-color":"var(--ast-global-color-5)","background-image":"","background-repeat":"repeat","background-position":"center center","background-size":"auto","background-attachment":"scroll","background-type":"","background-media":"","overlay-type":"","overlay-color":"","overlay-opacity":"","overlay-gradient":""}}},"product_brand":[],"product_cat":[219],"product_tag":[302,303,305],"class_list":{"0":"post-3317","1":"product","2":"type-product","3":"status-publish","4":"has-post-thumbnail","6":"product_cat-placi-eutectice","7":"product_tag-horeca","8":"product_tag-last-mile","9":"product_tag-vending","10":"desktop-align-left","11":"tablet-align-left","12":"mobile-align-left","13":"ast-product-gallery-layout-horizontal-slider","14":"ast-product-tabs-layout-horizontal","16":"first","17":"instock","18":"shipping-taxable","19":"purchasable","20":"product-type-simple"},"_links":{"self":[{"href":"https:\/\/melform.ro\/en\/wp-json\/wp\/v2\/product\/3317","targetHints":{"allow":["GET"]}}],"collection":[{"href":"https:\/\/melform.ro\/en\/wp-json\/wp\/v2\/product"}],"about":[{"href":"https:\/\/melform.ro\/en\/wp-json\/wp\/v2\/types\/product"}],"version-history":[{"count":1,"href":"https:\/\/melform.ro\/en\/wp-json\/wp\/v2\/product\/3317\/revisions"}],"predecessor-version":[{"id":4867,"href":"https:\/\/melform.ro\/en\/wp-json\/wp\/v2\/product\/3317\/revisions\/4867"}],"wp:featuredmedia":[{"embeddable":true,"href":"https:\/\/melform.ro\/en\/wp-json\/wp\/v2\/media\/3324"}],"wp:attachment":[{"href":"https:\/\/melform.ro\/en\/wp-json\/wp\/v2\/media?parent=3317"}],"wp:term":[{"taxonomy":"product_brand","embeddable":true,"href":"https:\/\/melform.ro\/en\/wp-json\/wp\/v2\/product_brand?post=3317"},{"taxonomy":"product_cat","embeddable":true,"href":"https:\/\/melform.ro\/en\/wp-json\/wp\/v2\/product_cat?post=3317"},{"taxonomy":"product_tag","embeddable":true,"href":"https:\/\/melform.ro\/en\/wp-json\/wp\/v2\/product_tag?post=3317"}],"curies":[{"name":"wp","href":"https:\/\/api.w.org\/{rel}","templated":true}]}}