{"id":3594,"date":"2023-03-22T11:55:59","date_gmt":"2023-03-22T09:55:59","guid":{"rendered":"https:\/\/melform.dev-diz.com\/?post_type=product&#038;p=3594"},"modified":"2026-03-18T17:50:53","modified_gmt":"2026-03-18T15:50:53","slug":"inregistrator-date-logmore","status":"publish","type":"product","link":"https:\/\/melform.ro\/en\/produse\/inregistrator-date-logmore\/","title":{"rendered":"\u00cenregistrator date Logmore"},"content":{"rendered":"<div data-elementor-type=\"product-post\" data-elementor-id=\"3594\" class=\"elementor elementor-3594\" data-elementor-post-type=\"product\">\n\t\t\t\t<div class=\"elementor-element elementor-element-3217ff7b e-flex e-con-boxed e-con e-parent\" data-id=\"3217ff7b\" data-element_type=\"container\" data-e-type=\"container\" data-settings=\"{&quot;_ob_use_container_extras&quot;:&quot;no&quot;,&quot;_ob_column_hoveranimator&quot;:&quot;no&quot;,&quot;_ob_glider_is_slider&quot;:&quot;no&quot;,&quot;_ob_column_has_pseudo&quot;:&quot;no&quot;}\">\n\t\t\t\t\t<div class=\"e-con-inner\">\n\t\t\t\t<div class=\"elementor-element elementor-element-3cfa22f1 ob-harakiri-inherit ob-has-background-overlay elementor-widget elementor-widget-text-editor\" data-id=\"3cfa22f1\" data-element_type=\"widget\" data-e-type=\"widget\" data-settings=\"{&quot;_ob_use_harakiri&quot;:&quot;yes&quot;,&quot;_ob_harakiri_writing_mode&quot;:&quot;inherit&quot;,&quot;_ob_postman_use&quot;:&quot;no&quot;,&quot;_ob_widget_stalker_use&quot;:&quot;no&quot;,&quot;_ob_poopart_use&quot;:&quot;yes&quot;,&quot;_ob_shadough_use&quot;:&quot;no&quot;,&quot;_ob_allow_hoveranimator&quot;:&quot;no&quot;}\" data-widget_type=\"text-editor.default\">\n\t\t\t\t<div class=\"elementor-widget-container\">\n\t\t\t\t\t\t\t\t\t<strong>\u00cenregistrator date Logmore &#8211; Datalogger<\/strong>\n\n\u00cenregistrator<strong>*<\/strong> Temperatur\u0103, \u00a0Umiditate, Lumin\u0103, \u0218ocuri\n<em><strong>*<\/strong>\u00cen func\u021bie de model.<\/em>\n\nColecteaz\u0103 \u0219i analizeaz\u0103 100% din datele relevante pentru transporturile \u00een regim de temperatur\u0103 controlat\u0103\n\n<strong>M\u0103soar\u0103<\/strong>\nExpeditorul ata\u0219eaz\u0103 Logger\u00a0QR la transport \u0219i \u00eel scaneaz\u0103 pentru a \u00eencepe o misiune\n\n<strong>Scaneaz\u0103<\/strong>\nAtunci c\u00e2nd destinatarul scaneaz\u0103\u00a0codul QR cu un smartphone, datele sunt salvate automat \u00een platforma Logmore Cloud\n\n<strong>Analizeaz\u0103<\/strong>\nManagerul poate verifica \u0219i analiza cu u\u0219urin\u021b\u0103 datele din platforma Logmore\u00a0Cloud\n\n\u00cenregistrator de date cu utilizare multipl\u0103, care ofer\u0103 un istoric complet \u0219i grafice referitoare la condi\u021biile din cadrul lan\u021bului de aprovizionare\n\nDimensiuni (mm): 61.7 x 50.7 \u00d7 7.7\n\nInterval opera\u021bional de temperatur\u0103 \u0219i senzori:\nTemperatur\u0103: -25&#8230;+60\u00b0C\nTemperatur\u0103 exterioar\u0103: -100&#8230;+110\u00b0C\nUmiditate\nLumin\u0103\n\u0218ocuri\n\n<strong>Interval de m\u0103surare:<\/strong>\nImplicit 10-15 min, \u00een func\u021bie de model\n<strong>Durata de via\u021b\u0103 tipic\u0103 a bateriei:<\/strong>\nUtilizare multipl\u0103, p\u00e2n\u0103 la 4 ani\n<strong>Carcas\u0103:<\/strong>\nModele f\u0103r\u0103 senzori externi: Protec\u021bie IP67\nModele cu senzor de temperatur\u0103 extern:\u00a0Protec\u021bie IP65 \u00eentre\u00a00,1 \u00b0C p\u00e2n\u0103 la 20 \u00b0C\n\n&nbsp;\t\t\t\t\t\t\t\t<\/div>\n\t\t\t\t<\/div>\n\t\t\t\t\t<\/div>\n\t\t\t\t<\/div>\n\t\t\t\t<\/div>\n\t\t\n    <div class=\"xs_social_share_widget xs_share_url after_content \t\tmain_content  wslu-style-1 wslu-share-box-shaped wslu-fill-colored wslu-none wslu-share-horizontal wslu-theme-font-no wslu-main_content\">\n\n\t\t\n        <ul>\n\t\t\t        <\/ul>\n    <\/div>","protected":false},"excerpt":{"rendered":"<p><strong>\u00cenregistrator date Logmore &#8211; Datalogger<\/strong><\/p>\n<p><strong>\u00cenregistrator Temperatur\u0103, \u00a0Umiditate, Lumin\u0103, \u0218ocuri<\/strong><\/p>\n<p>Colecteaz\u0103 \u0219i analizeaz\u0103 100% din datele relevante pentru transporturi<\/p>\n<p>\u00cenregistrator de date cu utilizare multipl\u0103, care ofer\u0103 un istoric complet \u0219i grafice referitoare la condi\u021biile din cadrul lan\u021bului de aprovizionare<\/p>\n<p>Dimensiuni (mm): 61.7 x 50.7 \u00d7 7.7<\/p>\n<p>Interval opera\u021bional de temperatur\u0103 \u0219i senzori:<br \/>\nTemperatur\u0103: -25&#8230;+60\u00b0C<br \/>\nTemperatur\u0103 exterioar\u0103: -100&#8230;+110\u00b0C<br \/>\nUmiditate<br \/>\nLumin\u0103<br \/>\n\u0218ocuri<\/p>\n<p><strong>Interval de m\u0103surare:<\/strong><br \/>\nImplicit 10-15 min, \u00een func\u021bie de model<br \/>\n<strong>Durata de via\u021b\u0103 tipic\u0103 a bateriei:<\/strong><br \/>\nUtilizare multipl\u0103, p\u00e2n\u0103 la 4 ani<br \/>\n<strong>Carcas\u0103:<\/strong><br \/>\nModele f\u0103r\u0103 senzori externi: Protec\u021bie IP67<br \/>\nModele cu senzor de temperatur\u0103 extern:\u00a0Protec\u021bie IP65 \u00eentre\u00a00,1 \u00b0C p\u00e2n\u0103 la 20 \u00b0C<\/p>","protected":false},"featured_media":3596,"template":"","meta":{"site-sidebar-layout":"default","site-content-layout":"default","ast-site-content-layout":"default","site-content-style":"default","site-sidebar-style":"default","ast-global-header-display":"","ast-banner-title-visibility":"","ast-main-header-display":"","ast-hfb-above-header-display":"","ast-hfb-below-header-display":"","ast-hfb-mobile-header-display":"","site-post-title":"","ast-breadcrumbs-content":"","ast-featured-img":"","footer-sml-layout":"","ast-disable-related-posts":"","theme-transparent-header-meta":"default","adv-header-id-meta":"","stick-header-meta":"","header-above-stick-meta":"","header-main-stick-meta":"","header-below-stick-meta":"","astra-migrate-meta-layouts":"set","ast-page-background-enabled":"default","ast-page-background-meta":{"desktop":{"background-color":"var(--ast-global-color-4)","background-image":"","background-repeat":"repeat","background-position":"center center","background-size":"auto","background-attachment":"scroll","background-type":"","background-media":"","overlay-type":"","overlay-color":"","overlay-opacity":"","overlay-gradient":""},"tablet":{"background-color":"","background-image":"","background-repeat":"repeat","background-position":"center center","background-size":"auto","background-attachment":"scroll","background-type":"","background-media":"","overlay-type":"","overlay-color":"","overlay-opacity":"","overlay-gradient":""},"mobile":{"background-color":"","background-image":"","background-repeat":"repeat","background-position":"center center","background-size":"auto","background-attachment":"scroll","background-type":"","background-media":"","overlay-type":"","overlay-color":"","overlay-opacity":"","overlay-gradient":""}},"ast-content-background-meta":{"desktop":{"background-color":"var(--ast-global-color-5)","background-image":"","background-repeat":"repeat","background-position":"center center","background-size":"auto","background-attachment":"scroll","background-type":"","background-media":"","overlay-type":"","overlay-color":"","overlay-opacity":"","overlay-gradient":""},"tablet":{"background-color":"var(--ast-global-color-5)","background-image":"","background-repeat":"repeat","background-position":"center center","background-size":"auto","background-attachment":"scroll","background-type":"","background-media":"","overlay-type":"","overlay-color":"","overlay-opacity":"","overlay-gradient":""},"mobile":{"background-color":"var(--ast-global-color-5)","background-image":"","background-repeat":"repeat","background-position":"center center","background-size":"auto","background-attachment":"scroll","background-type":"","background-media":"","overlay-type":"","overlay-color":"","overlay-opacity":"","overlay-gradient":""}}},"product_brand":[],"product_cat":[220],"product_tag":[304,302,303,300,301],"class_list":{"0":"post-3594","1":"product","2":"type-product","3":"status-publish","4":"has-post-thumbnail","6":"product_cat-inregistratoare-temperatura","7":"product_tag-gheata-carbonica","8":"product_tag-horeca","9":"product_tag-last-mile","10":"product_tag-logistica-farmaceutica","11":"product_tag-logistica-retail","12":"desktop-align-left","13":"tablet-align-left","14":"mobile-align-left","15":"ast-product-gallery-layout-horizontal-slider","16":"ast-product-tabs-layout-horizontal","18":"first","19":"instock","20":"shipping-taxable","21":"purchasable","22":"product-type-simple"},"_links":{"self":[{"href":"https:\/\/melform.ro\/en\/wp-json\/wp\/v2\/product\/3594","targetHints":{"allow":["GET"]}}],"collection":[{"href":"https:\/\/melform.ro\/en\/wp-json\/wp\/v2\/product"}],"about":[{"href":"https:\/\/melform.ro\/en\/wp-json\/wp\/v2\/types\/product"}],"version-history":[{"count":4,"href":"https:\/\/melform.ro\/en\/wp-json\/wp\/v2\/product\/3594\/revisions"}],"predecessor-version":[{"id":5425,"href":"https:\/\/melform.ro\/en\/wp-json\/wp\/v2\/product\/3594\/revisions\/5425"}],"wp:featuredmedia":[{"embeddable":true,"href":"https:\/\/melform.ro\/en\/wp-json\/wp\/v2\/media\/3596"}],"wp:attachment":[{"href":"https:\/\/melform.ro\/en\/wp-json\/wp\/v2\/media?parent=3594"}],"wp:term":[{"taxonomy":"product_brand","embeddable":true,"href":"https:\/\/melform.ro\/en\/wp-json\/wp\/v2\/product_brand?post=3594"},{"taxonomy":"product_cat","embeddable":true,"href":"https:\/\/melform.ro\/en\/wp-json\/wp\/v2\/product_cat?post=3594"},{"taxonomy":"product_tag","embeddable":true,"href":"https:\/\/melform.ro\/en\/wp-json\/wp\/v2\/product_tag?post=3594"}],"curies":[{"name":"wp","href":"https:\/\/api.w.org\/{rel}","templated":true}]}}