{"id":4500,"date":"2024-03-05T11:31:39","date_gmt":"2024-03-05T09:31:39","guid":{"rendered":"https:\/\/melform.ro\/?post_type=product&#038;p=4500"},"modified":"2025-09-16T07:52:24","modified_gmt":"2025-09-16T05:52:24","slug":"cargo-495","status":"publish","type":"product","link":"https:\/\/melform.ro\/en\/produse\/cargo-495\/","title":{"rendered":"Cargo 495"},"content":{"rendered":"<p>Container izoterm pentru transportul produselor refrigerate \u0219i congelate la o temperatur\u0103 controlat\u0103<\/p>\n<p>Potrivit pentru lan\u021burile de supermarketuri, operatori logistici, distribuitori \u0219i produc\u0103tori de alimente refrigerate sau congelate, transportatori<\/p>\n<p>Potrivit pentru utilizare \u00een vehicule comerciale de dimensiuni medii<\/p>\n<p>Capacitate: 495 litri<\/p>\n<p>Compatibilitate total\u0103 cu lan\u021bul frigorific \u00een toate etapele de transport<\/p>\n<p>Optimizeaz\u0103 opera\u021biunile de distribu\u021bie la punctul de v\u00e2nzare: acesta poate fi \u00eenc\u0103rcat \u00een interiorul camerei frigorifice a depozitului en-gros \u0219i desc\u0103rcat la terminalul frigorific al supermarketului de destina\u021bie<\/p>\n<p>Poate fi transportat utiliz\u00e2nd autoutilitare conven\u021bionale: permite transportul simultan al produselor refrigerate, congelate sau la temperatur\u0103 ambiental\u0103, utiliz\u00e2nd un singur vehicul neizolat sau poate fi utilizat mixt<\/p>\n<p>Fabricat folosind tehnologia de turnare rota\u021bional\u0103: container monobloc, u\u0219\u0103 (far\u0103 margini ascu\u021bite, \u00eembin\u0103ri sau suduri)<\/p>\n<p>Complet reciclabil la sf\u00e2r\u0219itul duratei de via\u021b\u0103<\/p>\n\n    <div class=\"xs_social_share_widget xs_share_url after_content \t\tmain_content  wslu-style-1 wslu-share-box-shaped wslu-fill-colored wslu-none wslu-share-horizontal wslu-theme-font-no wslu-main_content\">\n\n\t\t\n        <ul>\n\t\t\t        <\/ul>\n    <\/div>","protected":false},"excerpt":{"rendered":"<p><strong>Container izoterm portabil<\/strong><\/p>\n<p>Categorie: R\u0103cire pasiv\u0103 cu pl\u0103ci eutectice<\/p>\n<p>Transport: produse alimentare refrigerate \u0219i congelate<br \/>\nDimensiuni Ext.* (mm): 855x1065x1360h<br \/>\nDimensiuni Int. (mm): 625x850x970h<\/p>\n<p>Coeficient transfer termic K = 0.35 W\/m2K<\/p>\n<p>Capacitate: 495 l<br \/>\nGreutate: 105 kg<br \/>\nAmbalare: 1<\/p>\n<p>*Vizualiza\u021bi fi\u0219a tehnic\u0103 pentru informa\u021bii referitoare la dimensiuni, \u00een func\u021bie de tipul de baz\u0103 selectat(ex. ro\u021bi de ghidaj, picioare, palet)<\/p>","protected":false},"featured_media":4503,"template":"","meta":{"site-sidebar-layout":"default","site-content-layout":"","ast-site-content-layout":"default","site-content-style":"default","site-sidebar-style":"default","ast-global-header-display":"","ast-banner-title-visibility":"","ast-main-header-display":"","ast-hfb-above-header-display":"","ast-hfb-below-header-display":"","ast-hfb-mobile-header-display":"","site-post-title":"","ast-breadcrumbs-content":"","ast-featured-img":"","footer-sml-layout":"","ast-disable-related-posts":"","theme-transparent-header-meta":"default","adv-header-id-meta":"","stick-header-meta":"","header-above-stick-meta":"","header-main-stick-meta":"","header-below-stick-meta":"","astra-migrate-meta-layouts":"set","ast-page-background-enabled":"default","ast-page-background-meta":{"desktop":{"background-color":"var(--ast-global-color-4)","background-image":"","background-repeat":"repeat","background-position":"center center","background-size":"auto","background-attachment":"scroll","background-type":"","background-media":"","overlay-type":"","overlay-color":"","overlay-opacity":"","overlay-gradient":""},"tablet":{"background-color":"","background-image":"","background-repeat":"repeat","background-position":"center center","background-size":"auto","background-attachment":"scroll","background-type":"","background-media":"","overlay-type":"","overlay-color":"","overlay-opacity":"","overlay-gradient":""},"mobile":{"background-color":"","background-image":"","background-repeat":"repeat","background-position":"center center","background-size":"auto","background-attachment":"scroll","background-type":"","background-media":"","overlay-type":"","overlay-color":"","overlay-opacity":"","overlay-gradient":""}},"ast-content-background-meta":{"desktop":{"background-color":"var(--ast-global-color-5)","background-image":"","background-repeat":"repeat","background-position":"center center","background-size":"auto","background-attachment":"scroll","background-type":"","background-media":"","overlay-type":"","overlay-color":"","overlay-opacity":"","overlay-gradient":""},"tablet":{"background-color":"var(--ast-global-color-5)","background-image":"","background-repeat":"repeat","background-position":"center center","background-size":"auto","background-attachment":"scroll","background-type":"","background-media":"","overlay-type":"","overlay-color":"","overlay-opacity":"","overlay-gradient":""},"mobile":{"background-color":"var(--ast-global-color-5)","background-image":"","background-repeat":"repeat","background-position":"center center","background-size":"auto","background-attachment":"scroll","background-type":"","background-media":"","overlay-type":"","overlay-color":"","overlay-opacity":"","overlay-gradient":""}}},"product_brand":[],"product_cat":[84],"product_tag":[302,303,301,305],"class_list":{"0":"post-4500","1":"product","2":"type-product","3":"status-publish","4":"has-post-thumbnail","6":"product_cat-containere-izoterme-cargo","7":"product_tag-horeca","8":"product_tag-last-mile","9":"product_tag-logistica-retail","10":"product_tag-vending","11":"desktop-align-left","12":"tablet-align-left","13":"mobile-align-left","14":"ast-product-gallery-layout-horizontal-slider","15":"ast-product-tabs-layout-horizontal","17":"first","18":"instock","19":"shipping-taxable","20":"purchasable","21":"product-type-simple"},"_links":{"self":[{"href":"https:\/\/melform.ro\/en\/wp-json\/wp\/v2\/product\/4500","targetHints":{"allow":["GET"]}}],"collection":[{"href":"https:\/\/melform.ro\/en\/wp-json\/wp\/v2\/product"}],"about":[{"href":"https:\/\/melform.ro\/en\/wp-json\/wp\/v2\/types\/product"}],"version-history":[{"count":1,"href":"https:\/\/melform.ro\/en\/wp-json\/wp\/v2\/product\/4500\/revisions"}],"predecessor-version":[{"id":4819,"href":"https:\/\/melform.ro\/en\/wp-json\/wp\/v2\/product\/4500\/revisions\/4819"}],"wp:featuredmedia":[{"embeddable":true,"href":"https:\/\/melform.ro\/en\/wp-json\/wp\/v2\/media\/4503"}],"wp:attachment":[{"href":"https:\/\/melform.ro\/en\/wp-json\/wp\/v2\/media?parent=4500"}],"wp:term":[{"taxonomy":"product_brand","embeddable":true,"href":"https:\/\/melform.ro\/en\/wp-json\/wp\/v2\/product_brand?post=4500"},{"taxonomy":"product_cat","embeddable":true,"href":"https:\/\/melform.ro\/en\/wp-json\/wp\/v2\/product_cat?post=4500"},{"taxonomy":"product_tag","embeddable":true,"href":"https:\/\/melform.ro\/en\/wp-json\/wp\/v2\/product_tag?post=4500"}],"curies":[{"name":"wp","href":"https:\/\/api.w.org\/{rel}","templated":true}]}}