{"id":5058,"date":"2025-09-17T13:00:01","date_gmt":"2025-09-17T11:00:01","guid":{"rendered":"https:\/\/melform.ro\/?post_type=product&#038;p=5058"},"modified":"2025-09-23T10:01:15","modified_gmt":"2025-09-23T08:01:15","slug":"koala-green-495","status":"publish","type":"product","link":"https:\/\/melform.ro\/en\/produse\/koala-green-495\/","title":{"rendered":"Koala GREEN 495"},"content":{"rendered":"<div data-elementor-type=\"product-post\" data-elementor-id=\"5058\" class=\"elementor elementor-5058\" data-elementor-post-type=\"product\">\n\t\t\t\t<div class=\"elementor-element elementor-element-5143f135 e-flex e-con-boxed e-con e-parent\" data-id=\"5143f135\" data-element_type=\"container\" data-e-type=\"container\" data-settings=\"{&quot;_ob_use_container_extras&quot;:&quot;no&quot;,&quot;_ob_column_hoveranimator&quot;:&quot;no&quot;,&quot;_ob_glider_is_slider&quot;:&quot;no&quot;,&quot;_ob_column_has_pseudo&quot;:&quot;no&quot;}\">\n\t\t\t\t\t<div class=\"e-con-inner\">\n\t\t\t\t<div class=\"elementor-element elementor-element-4d8269 ob-harakiri-inherit ob-has-background-overlay elementor-widget elementor-widget-text-editor\" data-id=\"4d8269\" data-element_type=\"widget\" data-e-type=\"widget\" data-settings=\"{&quot;_ob_use_harakiri&quot;:&quot;yes&quot;,&quot;_ob_harakiri_writing_mode&quot;:&quot;inherit&quot;,&quot;_ob_postman_use&quot;:&quot;no&quot;,&quot;_ob_widget_stalker_use&quot;:&quot;no&quot;,&quot;_ob_poopart_use&quot;:&quot;yes&quot;,&quot;_ob_shadough_use&quot;:&quot;no&quot;,&quot;_ob_allow_hoveranimator&quot;:&quot;no&quot;}\" data-widget_type=\"text-editor.default\">\n\t\t\t\t<div class=\"elementor-widget-container\">\n\t\t\t\t\t\t\t\t\t<p>Container frigorific autonom cu baterie deta\u0219abil\u0103<\/p><p>Interval de reglare a temperaturii: de la -25 \u00b0 C la + 40 \u00b0 C<\/p><p>Versiunea AF: de la -25 \u00b0 C la + 10 \u00b0 C<\/p><p>Versiunea AFH: de la -25 \u00b0 C la + 40 \u00b0 C<\/p><p>\u00cenc\u0103rcare frontal\u0103<\/p><p>Container frigorific autonom cu baterie deta\u0219abil\u0103<\/p><p>Disponibil cu baterie <strong>LiFePO4<\/strong> de <strong>120 Ah<\/strong> sau <strong>150 Ah (<\/strong>\u00een func\u021bie de model<strong>)<\/strong><\/p><p>Bateria poate fi re\u00eenc\u0103rcat\u0103 conect\u00e2nd Koala Green 495 la re\u021beaua normal\u0103 de alimentare de 230Vac timp de aproximativ 8 \/ 10h.<\/p><p>Alternativ, un sistem practic v\u0103 permite s\u0103 extrage\u021bi bateria din unitatea frigorific\u0103 \u0219i s\u0103 o re\u00eenc\u0103rca\u021bi cu o surs\u0103 de alimentare extern\u0103 special\u0103<\/p><p>Bateria LiFePO4 stocheaz\u0103 energia necesar\u0103 pentru alimentarea unit\u0103\u021bii frigorifice.<\/p><p>Odat\u0103 re\u00eenc\u0103rcat\u0103, bateria ofer\u0103 autonomie containerului<\/p><p>Autonomia depinde de amperajul bateriei, de caracteristicile containerului frigorific, de tipul \u00eenc\u0103rc\u0103turii, de set-point \u0219i de temperatura ambiental\u0103<\/p><p>Izola\u021bia oferit\u0103 de pere\u021bii containerului garanteaz\u0103 men\u021binerea temperaturii cu un num\u0103r minim de porniri ale unit\u0103\u021bii frigorifice ajut\u00e2nd astfel la limitarea consumului de energie<\/p><p>Men\u021binere total\u0103 a temperaturii dorite \u00een toate fazele de transport<\/p><p>Echipat cu unitate de r\u0103cire cu consum redus<\/p><p>Poate fi alimentat la 230Vac, prin intermediul curentului normal de re\u021bea<\/p><p>Fabricat utiliz\u00e2nd tehnologia de turnare rota\u021bional\u0103: recipient monobloc \u0219i u\u0219\u0103 (f\u0103r\u0103 margini, \u00eembin\u0103ri \u0219i suduri)<\/p><p>Complet reciclabil la sf\u00e2r\u0219itul duratei de via\u021b\u0103<\/p>\t\t\t\t\t\t\t\t<\/div>\n\t\t\t\t<\/div>\n\t\t\t\t\t<\/div>\n\t\t\t\t<\/div>\n\t\t\t\t<\/div>\n\t\t\n    <div class=\"xs_social_share_widget xs_share_url after_content \t\tmain_content  wslu-style-1 wslu-share-box-shaped wslu-fill-colored wslu-none wslu-share-horizontal wslu-theme-font-no wslu-main_content\">\n\n\t\t\n        <ul>\n\t\t\t        <\/ul>\n    <\/div>","protected":false},"excerpt":{"rendered":"<p><strong>Container frigorific autonom cu baterie deta\u0219abil\u0103<\/strong><\/p>\n<p>Categorie: R\u0103cire activ\u0103 autonom\u0103, cu baterie deta\u0219abil\u0103<\/p>\n<p>Transport: produse alimentare, medicamente, farmaceutice<\/p>\n<p>Control temperatur\u0103 \u0219i afi\u0219aj digital<\/p>\n<p>Disponibil cu baterie <strong>LiFePO4<\/strong> de <strong>120 Ah<\/strong> sau <strong>150 Ah<\/strong><\/p>\n<p>Bateria poate fi re\u00eenc\u0103rcat\u0103 conect\u00e2nd Koala Green la re\u021beaua normal\u0103 de alimentare de 230Vac timp de aproximativ 8 \/ 10h<\/p>\n<p>Dimensiuni Ext.* (mm): 855x1285x1195h (varianta Basic)<\/p>\n<p>Dimensiuni Int.* (mm): 625x850x950h<\/p>\n<p>Capacitate*: 430 &#8211; 505 l (\u00een func\u021bie de model)<\/p>\n<p>Greutate: 135 &#8211; 146 kg (\u00een func\u021bie de model)<\/p>\n<p>Ambalaj: 1<\/p>\n<p>*Consulta\u021bi fi\u0219a tehnic\u0103 pentru informa\u021bii referitoare la baterie, dimensiuni, greutate \u0219i volum util \u00een func\u021bie de versiune \/cod<\/p>","protected":false},"featured_media":5150,"template":"","meta":{"site-sidebar-layout":"default","site-content-layout":"default","ast-site-content-layout":"default","site-content-style":"default","site-sidebar-style":"default","ast-global-header-display":"","ast-banner-title-visibility":"","ast-main-header-display":"","ast-hfb-above-header-display":"","ast-hfb-below-header-display":"","ast-hfb-mobile-header-display":"","site-post-title":"","ast-breadcrumbs-content":"","ast-featured-img":"","footer-sml-layout":"","ast-disable-related-posts":"","theme-transparent-header-meta":"default","adv-header-id-meta":"","stick-header-meta":"","header-above-stick-meta":"","header-main-stick-meta":"","header-below-stick-meta":"","astra-migrate-meta-layouts":"set","ast-page-background-enabled":"default","ast-page-background-meta":{"desktop":{"background-color":"var(--ast-global-color-4)","background-image":"","background-repeat":"repeat","background-position":"center center","background-size":"auto","background-attachment":"scroll","background-type":"","background-media":"","overlay-type":"","overlay-color":"","overlay-opacity":"","overlay-gradient":""},"tablet":{"background-color":"","background-image":"","background-repeat":"repeat","background-position":"center center","background-size":"auto","background-attachment":"scroll","background-type":"","background-media":"","overlay-type":"","overlay-color":"","overlay-opacity":"","overlay-gradient":""},"mobile":{"background-color":"","background-image":"","background-repeat":"repeat","background-position":"center center","background-size":"auto","background-attachment":"scroll","background-type":"","background-media":"","overlay-type":"","overlay-color":"","overlay-opacity":"","overlay-gradient":""}},"ast-content-background-meta":{"desktop":{"background-color":"var(--ast-global-color-5)","background-image":"","background-repeat":"repeat","background-position":"center center","background-size":"auto","background-attachment":"scroll","background-type":"","background-media":"","overlay-type":"","overlay-color":"","overlay-opacity":"","overlay-gradient":""},"tablet":{"background-color":"var(--ast-global-color-5)","background-image":"","background-repeat":"repeat","background-position":"center center","background-size":"auto","background-attachment":"scroll","background-type":"","background-media":"","overlay-type":"","overlay-color":"","overlay-opacity":"","overlay-gradient":""},"mobile":{"background-color":"var(--ast-global-color-5)","background-image":"","background-repeat":"repeat","background-position":"center center","background-size":"auto","background-attachment":"scroll","background-type":"","background-media":"","overlay-type":"","overlay-color":"","overlay-opacity":"","overlay-gradient":""}}},"product_brand":[],"product_cat":[150],"product_tag":[302,303,300,305],"class_list":{"0":"post-5058","1":"product","2":"type-product","3":"status-publish","4":"has-post-thumbnail","6":"product_cat-containere-autonome-koala-green","7":"product_tag-horeca","8":"product_tag-last-mile","9":"product_tag-logistica-farmaceutica","10":"product_tag-vending","11":"desktop-align-left","12":"tablet-align-left","13":"mobile-align-left","14":"ast-product-gallery-layout-horizontal-slider","15":"ast-product-single-variable","16":"ast-product-tabs-layout-horizontal","18":"first","19":"instock","20":"shipping-taxable","21":"purchasable","22":"product-type-variable"},"_links":{"self":[{"href":"https:\/\/melform.ro\/en\/wp-json\/wp\/v2\/product\/5058","targetHints":{"allow":["GET"]}}],"collection":[{"href":"https:\/\/melform.ro\/en\/wp-json\/wp\/v2\/product"}],"about":[{"href":"https:\/\/melform.ro\/en\/wp-json\/wp\/v2\/types\/product"}],"version-history":[{"count":10,"href":"https:\/\/melform.ro\/en\/wp-json\/wp\/v2\/product\/5058\/revisions"}],"predecessor-version":[{"id":5140,"href":"https:\/\/melform.ro\/en\/wp-json\/wp\/v2\/product\/5058\/revisions\/5140"}],"wp:featuredmedia":[{"embeddable":true,"href":"https:\/\/melform.ro\/en\/wp-json\/wp\/v2\/media\/5150"}],"wp:attachment":[{"href":"https:\/\/melform.ro\/en\/wp-json\/wp\/v2\/media?parent=5058"}],"wp:term":[{"taxonomy":"product_brand","embeddable":true,"href":"https:\/\/melform.ro\/en\/wp-json\/wp\/v2\/product_brand?post=5058"},{"taxonomy":"product_cat","embeddable":true,"href":"https:\/\/melform.ro\/en\/wp-json\/wp\/v2\/product_cat?post=5058"},{"taxonomy":"product_tag","embeddable":true,"href":"https:\/\/melform.ro\/en\/wp-json\/wp\/v2\/product_tag?post=5058"}],"curies":[{"name":"wp","href":"https:\/\/api.w.org\/{rel}","templated":true}]}}